{"id":31802,"date":"2025-11-23T18:38:33","date_gmt":"2025-11-23T18:38:33","guid":{"rendered":"https:\/\/xn--kbrsglobalstore-7kcc.com\/?post_type=product&#038;p=31802"},"modified":"2025-12-15T11:15:10","modified_gmt":"2025-12-15T11:15:10","slug":"womens-brown-lace-up-high-heel-sandals-simple-elegant-fashion-casual-ladies-sandals","status":"publish","type":"product","link":"https:\/\/xn--kbrsglobalstore-7kcc.com\/tr\/urun\/womens-brown-lace-up-high-heel-sandals-simple-elegant-fashion-casual-ladies-sandals\/","title":{"rendered":"Kahverengi Ba\u011fc\u0131kl\u0131 Y\u00fcksek Topuklu Kad\u0131n Sandaletleri, Sade ve \u015e\u0131k G\u00fcnl\u00fck Bayan Sandaletleri"},"content":{"rendered":"<div class=\"ds-message _63c77b1\">\n<div class=\"ds-markdown\">\n<p class=\"ds-markdown-paragraph translation-block\">Kad\u0131n Kahverengi Ba\u011fc\u0131kl\u0131 Y\u00fcksek Topuklu Sandaletlerle zahmetsiz bir \u015f\u0131kl\u0131k yakalay\u0131n. Bu sandaletler, sade ve zarif tasar\u0131m\u0131 modern bir dokunu\u015fla birle\u015ftiriyor; bile\u011fi zarif\u00e7e saran \u00e7apraz ba\u011fc\u0131k detay\u0131 sayesinde g\u00fcvenli, ki\u015fiye \u00f6zel bir uyum ve incelikli bir romantik estetik sunuyor.<\/p>\n<p class=\"ds-markdown-paragraph translation-block\">\u00c7ok y\u00f6nl\u00fc, zengin bir kahverengi tonunda \u00fcretilen bu ayakkab\u0131lar, n\u00f6tr temel par\u00e7alara taze bir alternatif sunarak yazl\u0131k elbiselerden ve eteklerden, \u015f\u0131k \u015fortlara ve kot pantolonlara kadar her \u015feyle m\u00fckemmel bir uyum sa\u011fl\u0131yor. Zarif y\u00fcksek topuk, rahat bir g\u00f6r\u00fcn\u00fcm ve \u015f\u0131k bir tarz aras\u0131nda m\u00fckemmel bir denge kurarak kendinden emin bir duru\u015f sa\u011fl\u0131yor.<\/p>\n<p class=\"ds-markdown-paragraph translation-block\">G\u00fcnl\u00fck tarz\u0131n\u0131z\u0131 y\u00fckseltmek i\u00e7in ideal olan bu sandaletler, brunch'lar, bah\u00e7e partileri veya \u015f\u0131k bir g\u00fcnl\u00fck gezi i\u00e7in vazge\u00e7ilmez tercihiniz olacak. Detaylara, konfora ve zamans\u0131z \u00e7ekicili\u011fe de\u011fer veren kad\u0131nlar i\u00e7in tasarlanm\u0131\u015f, sade modan\u0131n en g\u00fczel \u00f6rne\u011fidirler.<\/p>\n<\/div>\n<\/div>\n<div class=\"ds-theme\"><\/div>\n<div class=\"ds-flex _0a3d93b\">\n<div class=\"ds-flex _965abe9 _54866f7\">\n<div class=\"db183363 ds-icon-button ds-icon-button--m ds-icon-button--sizing-container\" tabindex=\"0\" role=\"button\" aria-disabled=\"false\">\n<div class=\"ds-icon-button__hover-bg\"><\/div>\n<div class=\"ds-icon\"><\/div>\n<div class=\"ds-focus-ring\"><\/div>\n<\/div>\n<div class=\"db183363 ds-icon-button ds-icon-button--m ds-icon-button--sizing-container\" tabindex=\"0\" role=\"button\" aria-disabled=\"false\">\n<div class=\"ds-icon-button__hover-bg\"><\/div>\n<div class=\"ds-icon\"><\/div>\n<div class=\"ds-focus-ring\"><\/div>\n<\/div>\n<div class=\"db183363 ds-icon-button ds-icon-button--m ds-icon-button--sizing-container\" tabindex=\"0\" role=\"button\" aria-disabled=\"false\">\n<div class=\"ds-icon-button__hover-bg\"><\/div>\n<div class=\"ds-icon\"><\/div>\n<div class=\"ds-focus-ring\"><\/div>\n<\/div>\n<div class=\"db183363 ds-icon-button ds-icon-button--m ds-icon-button--sizing-container\" tabindex=\"0\" role=\"button\" aria-disabled=\"false\">\n<div class=\"ds-icon-button__hover-bg\"><\/div>\n<div class=\"ds-icon\"><\/div>\n<div class=\"ds-focus-ring\"><\/div>\n<\/div>\n<div class=\"db183363 ds-icon-button ds-icon-button--m ds-icon-button--sizing-container\" tabindex=\"0\" role=\"button\" aria-disabled=\"false\">\n<div class=\"ds-icon-button__hover-bg\"><\/div>\n<div class=\"ds-icon\"><\/div>\n<\/div>\n<\/div>\n<\/div>","protected":false},"excerpt":{"rendered":"<p>Embrace a look of effortless sophistication with the Women&#8217;s Brown Lace-Up High Heel Sandals. These sandals blend\u00a0simple, elegant design\u00a0with a touch of modern flair, featuring a\u00a0crisscross lace-up detail\u00a0that gracefully wraps the ankle for a secure, customized fit and a subtly romantic aesthetic. Crafted in a versatile, rich\u00a0brown hue, they offer a fresh alternative to neutral [&hellip;]<\/p>","protected":false},"featured_media":31803,"comment_status":"open","ping_status":"closed","template":"","meta":{"_monsterinsights_skip_tracking":false,"_monsterinsights_sitenote_active":false,"_monsterinsights_sitenote_note":"","_monsterinsights_sitenote_category":0},"product_brand":[],"product_cat":[15,146],"product_tag":[],"class_list":{"0":"post-31802","1":"product","2":"type-product","3":"status-publish","4":"has-post-thumbnail","6":"product_cat-uncategorized","7":"product_cat-heels","9":"first","10":"instock","11":"shipping-taxable","12":"purchasable","13":"product-type-simple"},"aioseo_notices":[],"_links":{"self":[{"href":"https:\/\/xn--kbrsglobalstore-7kcc.com\/tr\/wp-json\/wp\/v2\/product\/31802","targetHints":{"allow":["GET"]}}],"collection":[{"href":"https:\/\/xn--kbrsglobalstore-7kcc.com\/tr\/wp-json\/wp\/v2\/product"}],"about":[{"href":"https:\/\/xn--kbrsglobalstore-7kcc.com\/tr\/wp-json\/wp\/v2\/types\/product"}],"replies":[{"embeddable":true,"href":"https:\/\/xn--kbrsglobalstore-7kcc.com\/tr\/wp-json\/wp\/v2\/comments?post=31802"}],"wp:featuredmedia":[{"embeddable":true,"href":"https:\/\/xn--kbrsglobalstore-7kcc.com\/tr\/wp-json\/wp\/v2\/media\/31803"}],"wp:attachment":[{"href":"https:\/\/xn--kbrsglobalstore-7kcc.com\/tr\/wp-json\/wp\/v2\/media?parent=31802"}],"wp:term":[{"taxonomy":"product_brand","embeddable":true,"href":"https:\/\/xn--kbrsglobalstore-7kcc.com\/tr\/wp-json\/wp\/v2\/product_brand?post=31802"},{"taxonomy":"product_cat","embeddable":true,"href":"https:\/\/xn--kbrsglobalstore-7kcc.com\/tr\/wp-json\/wp\/v2\/product_cat?post=31802"},{"taxonomy":"product_tag","embeddable":true,"href":"https:\/\/xn--kbrsglobalstore-7kcc.com\/tr\/wp-json\/wp\/v2\/product_tag?post=31802"}],"curies":[{"name":"wp","href":"https:\/\/api.w.org\/{rel}","templated":true}]}}