{"id":31795,"date":"2025-11-23T18:32:46","date_gmt":"2025-11-23T18:32:46","guid":{"rendered":"https:\/\/xn--kbrsglobalstore-7kcc.com\/?post_type=product&#038;p=31795"},"modified":"2025-12-15T11:12:49","modified_gmt":"2025-12-15T11:12:49","slug":"womens-casual-pointed-toe-platform-chunky-heel-dress-shoes-elegant-formal-outdoor-wear-summer","status":"publish","type":"product","link":"https:\/\/xn--kbrsglobalstore-7kcc.com\/tr\/urun\/womens-casual-pointed-toe-platform-chunky-heel-dress-shoes-elegant-formal-outdoor-wear-summer\/","title":{"rendered":"Kad\u0131nlar i\u00e7in G\u00fcnl\u00fck Kullan\u0131ma Uygun Sivri Burunlu Platform Kal\u0131n Topuklu \u015e\u0131k ve Resmi, D\u0131\u015f Giyim, Yazl\u0131k Ayakkab\u0131lar"},"content":{"rendered":"<p class=\"ds-markdown-paragraph translation-block\">Cesur tasar\u0131m ve giyilebilir konforun m\u00fckemmel birle\u015fimiyle \u015f\u0131kl\u0131\u011f\u0131 bir \u00fcst seviyeye ta\u015f\u0131y\u0131n. Bu Kad\u0131n Klasik Ayakkab\u0131lar\u0131, keskin ve zarif sivri burun ile kal\u0131n platform topu\u011fu bir araya getirerek, modern bir tarz\u0131 zamans\u0131z bir zarafetle dengeleyen \u00e7arp\u0131c\u0131 bir sil\u00fcet olu\u015fturuyor.<\/p>\n<p class=\"ds-markdown-paragraph translation-block\">G\u00fcn boyu g\u00fcven hissi i\u00e7in tasarlanan, sa\u011flam kal\u0131n topuklu ayakkab\u0131, rahatl\u0131ktan \u00f6d\u00fcn vermeden fark edilir bir y\u00fckseklik sa\u011flar; bu da onlar\u0131 ofiste, resmi etkinliklerde veya \u015f\u0131k bir yaz gezisinde uzun s\u00fcre giymek i\u00e7in ideal k\u0131lar. \u015e\u0131k \u00fcst k\u0131s\u0131m ve \u00e7ok y\u00f6nl\u00fc tasar\u0131m, profesyonel ortamlardan \u015f\u0131k a\u00e7\u0131k hava etkinliklerine sorunsuz bir ge\u00e7i\u015f sa\u011flar.<\/p>\n<p class=\"ds-markdown-paragraph translation-block\">Yazl\u0131k gard\u0131robunuza g\u00f6z al\u0131c\u0131 bir katk\u0131 sa\u011flayacak bu ayakkab\u0131lar, resmi \u015f\u0131kl\u0131k ve \u00e7a\u011fda\u015f g\u00fcnl\u00fck tarz\u0131n g\u00fc\u00e7l\u00fc bir kar\u0131\u015f\u0131m\u0131n\u0131 sunuyor. \u015e\u0131k pantolonlar, midi elbiseler veya en sevdi\u011finiz kot pantolonlarla kombinleyerek, her g\u00f6r\u00fcn\u00fcm\u00fc kendinden emin ve modaya uygun bir duru\u015fla an\u0131nda y\u00fckseltebilirsiniz.<\/p>","protected":false},"excerpt":{"rendered":"<p>Step into elevated style with the perfect fusion of bold design and wearable comfort. These Women&#8217;s Dress Shoes feature a\u00a0sharp, elegant pointed toe\u00a0paired with a\u00a0chunky platform heel, creating a striking silhouette that balances modern edge with timeless sophistication. Crafted for all-day confidence, the\u00a0stable chunky heel\u00a0provides noticeable height without compromising on ease, making them ideal for [&hellip;]<\/p>","protected":false},"featured_media":31801,"comment_status":"open","ping_status":"closed","template":"","meta":{"_monsterinsights_skip_tracking":false,"_monsterinsights_sitenote_active":false,"_monsterinsights_sitenote_note":"","_monsterinsights_sitenote_category":0},"product_brand":[],"product_cat":[15,146],"product_tag":[],"class_list":{"0":"post-31795","1":"product","2":"type-product","3":"status-publish","4":"has-post-thumbnail","6":"product_cat-uncategorized","7":"product_cat-heels","9":"first","10":"instock","11":"shipping-taxable","12":"purchasable","13":"product-type-simple"},"aioseo_notices":[],"_links":{"self":[{"href":"https:\/\/xn--kbrsglobalstore-7kcc.com\/tr\/wp-json\/wp\/v2\/product\/31795","targetHints":{"allow":["GET"]}}],"collection":[{"href":"https:\/\/xn--kbrsglobalstore-7kcc.com\/tr\/wp-json\/wp\/v2\/product"}],"about":[{"href":"https:\/\/xn--kbrsglobalstore-7kcc.com\/tr\/wp-json\/wp\/v2\/types\/product"}],"replies":[{"embeddable":true,"href":"https:\/\/xn--kbrsglobalstore-7kcc.com\/tr\/wp-json\/wp\/v2\/comments?post=31795"}],"wp:featuredmedia":[{"embeddable":true,"href":"https:\/\/xn--kbrsglobalstore-7kcc.com\/tr\/wp-json\/wp\/v2\/media\/31801"}],"wp:attachment":[{"href":"https:\/\/xn--kbrsglobalstore-7kcc.com\/tr\/wp-json\/wp\/v2\/media?parent=31795"}],"wp:term":[{"taxonomy":"product_brand","embeddable":true,"href":"https:\/\/xn--kbrsglobalstore-7kcc.com\/tr\/wp-json\/wp\/v2\/product_brand?post=31795"},{"taxonomy":"product_cat","embeddable":true,"href":"https:\/\/xn--kbrsglobalstore-7kcc.com\/tr\/wp-json\/wp\/v2\/product_cat?post=31795"},{"taxonomy":"product_tag","embeddable":true,"href":"https:\/\/xn--kbrsglobalstore-7kcc.com\/tr\/wp-json\/wp\/v2\/product_tag?post=31795"}],"curies":[{"name":"wp","href":"https:\/\/api.w.org\/{rel}","templated":true}]}}