{"id":31783,"date":"2025-11-23T17:33:31","date_gmt":"2025-11-23T17:33:31","guid":{"rendered":"https:\/\/xn--kbrsglobalstore-7kcc.com\/?post_type=product&#038;p=31783"},"modified":"2025-12-15T11:10:26","modified_gmt":"2025-12-15T11:10:26","slug":"cuccoo-bizchic-brown-pointy-toe-high-heel-shoes-sexy-outdoor-commute-party-banquet-pumps-for-women-with-ankle-strap","status":"publish","type":"product","link":"https:\/\/xn--kbrsglobalstore-7kcc.com\/tr\/urun\/cuccoo-bizchic-brown-pointy-toe-high-heel-shoes-sexy-outdoor-commute-party-banquet-pumps-for-women-with-ankle-strap\/","title":{"rendered":"CUCCOO BIZCHIC Kahverengi Sivri Burunlu Y\u00fcksek Topuklu Ayakkab\u0131lar, Kad\u0131n Bilek Kay\u0131\u015fl\u0131 Seksi D\u0131\u015f Mekan, G\u00fcnl\u00fck Kullan\u0131m, Parti, Ziyafet Ayakkab\u0131lar\u0131"},"content":{"rendered":"<p class=\"ds-markdown-paragraph translation-block\">Makyaj masan\u0131z\u0131, d\u00fczenli l\u00fcks\u00fcn zirvesi olan Y\u00fcksek Kaliteli B\u00fcy\u00fck Kapasiteli Makyaj D\u00fczenleyici Kutusu ile bir \u00fcst seviyeye ta\u015f\u0131y\u0131n. Bu sofistike saklama \u00e7\u00f6z\u00fcm\u00fc, t\u00fcm kozmetik ve tak\u0131 koleksiyonunuzu kusursuz bir d\u00fczende saklamak ve sergilemek i\u00e7in geni\u015f, \u00e7ok b\u00f6lmeli bir tasar\u0131m\u0131 \u015f\u0131k ve dayan\u0131kl\u0131 bir d\u0131\u015f y\u00fczeyle birle\u015ftiriyor.<\/p>\n<p class=\"ds-markdown-paragraph translation-block\">\u0130\u00e7 k\u0131s\u0131mda, ayarlanabilir b\u00f6lmeler, f\u0131r\u00e7alar i\u00e7in \u00f6zel yuvalar, paletler i\u00e7in y\u00fckseltilmi\u015f tepsiler ve yast\u0131kl\u0131 y\u00fcz\u00fck yuvalar\u0131 i\u00e7eren ak\u0131ll\u0131 bir d\u00fczen bulunur; b\u00f6ylece her ruj, g\u00f6z far\u0131, kolye ve k\u00fcpe korunakl\u0131 ve \u00f6zel bir yere sahip olur. Y\u00fcksek kaliteli malzemeler ve sade \u00e7izgiler, onu herhangi bir \u015fifonyer \u00fcst\u00fcne, banyo tezgah\u0131na veya dolap raf\u0131na \u015f\u0131k bir ek yapar.<\/p>\n<p class=\"ds-markdown-paragraph\">Da\u011f\u0131n\u0131k \u00e7ekmecelerinizi \u00f6zenle se\u00e7ilmi\u015f \u00fcr\u00fcnlerin bulundu\u011fu bir g\u00fczellik buti\u011fine d\u00f6n\u00fc\u015ft\u00fcr\u00fcn. Bu d\u00fczenleyici sadece depolama alan\u0131 sa\u011flamakla kalmaz, ayn\u0131 zamanda yat\u0131r\u0131mlar\u0131n\u0131z\u0131 koruman\u0131za ve \u015f\u0131k, \u00fcst d\u00fczey bir verimlilikle rutininizi kolayla\u015ft\u0131rman\u0131za yard\u0131mc\u0131 olur.<\/p>","protected":false},"excerpt":{"rendered":"<p>Elevate your vanity with the ultimate in organized luxury: the High-End Large Capacity Makeup Organizer Box. This sophisticated storage solution combines a\u00a0spacious, multi-compartment design\u00a0with a sleek, durable exterior to hold and display your entire cosmetic and jewelry collection in impeccable order. Inside, an intelligent layout features\u00a0adjustable dividers, dedicated slots for brushes, elevated trays for palettes, [&hellip;]<\/p>","protected":false},"featured_media":31784,"comment_status":"open","ping_status":"closed","template":"","meta":{"_monsterinsights_skip_tracking":false,"_monsterinsights_sitenote_active":false,"_monsterinsights_sitenote_note":"","_monsterinsights_sitenote_category":0},"product_brand":[],"product_cat":[15,146],"product_tag":[],"class_list":{"0":"post-31783","1":"product","2":"type-product","3":"status-publish","4":"has-post-thumbnail","6":"product_cat-uncategorized","7":"product_cat-heels","9":"first","10":"instock","11":"shipping-taxable","12":"purchasable","13":"product-type-simple"},"aioseo_notices":[],"_links":{"self":[{"href":"https:\/\/xn--kbrsglobalstore-7kcc.com\/tr\/wp-json\/wp\/v2\/product\/31783","targetHints":{"allow":["GET"]}}],"collection":[{"href":"https:\/\/xn--kbrsglobalstore-7kcc.com\/tr\/wp-json\/wp\/v2\/product"}],"about":[{"href":"https:\/\/xn--kbrsglobalstore-7kcc.com\/tr\/wp-json\/wp\/v2\/types\/product"}],"replies":[{"embeddable":true,"href":"https:\/\/xn--kbrsglobalstore-7kcc.com\/tr\/wp-json\/wp\/v2\/comments?post=31783"}],"wp:featuredmedia":[{"embeddable":true,"href":"https:\/\/xn--kbrsglobalstore-7kcc.com\/tr\/wp-json\/wp\/v2\/media\/31784"}],"wp:attachment":[{"href":"https:\/\/xn--kbrsglobalstore-7kcc.com\/tr\/wp-json\/wp\/v2\/media?parent=31783"}],"wp:term":[{"taxonomy":"product_brand","embeddable":true,"href":"https:\/\/xn--kbrsglobalstore-7kcc.com\/tr\/wp-json\/wp\/v2\/product_brand?post=31783"},{"taxonomy":"product_cat","embeddable":true,"href":"https:\/\/xn--kbrsglobalstore-7kcc.com\/tr\/wp-json\/wp\/v2\/product_cat?post=31783"},{"taxonomy":"product_tag","embeddable":true,"href":"https:\/\/xn--kbrsglobalstore-7kcc.com\/tr\/wp-json\/wp\/v2\/product_tag?post=31783"}],"curies":[{"name":"wp","href":"https:\/\/api.w.org\/{rel}","templated":true}]}}