{"id":31734,"date":"2025-11-23T14:10:02","date_gmt":"2025-11-23T14:10:02","guid":{"rendered":"https:\/\/xn--kbrsglobalstore-7kcc.com\/?post_type=product&#038;p=31734"},"modified":"2025-12-14T23:44:37","modified_gmt":"2025-12-14T23:44:37","slug":"womens-high-heel-round-toe-transparent-heels-shining-rhinestones-suitable-for-parties-and-gatherings-sandals-valentines","status":"publish","type":"product","link":"https:\/\/xn--kbrsglobalstore-7kcc.com\/tr\/urun\/womens-high-heel-round-toe-transparent-heels-shining-rhinestones-suitable-for-parties-and-gatherings-sandals-valentines\/","title":{"rendered":"Kad\u0131nlar i\u00e7in Y\u00fcksek Topuklu, Yuvarlak Burunlu, \u015eeffaf Topuklu, Parlak Ta\u015fl\u0131, Parti ve Toplant\u0131lar \u0130\u00e7in Uygun Sandaletler, Sevgililer G\u00fcn\u00fc"},"content":{"rendered":"<div class=\"dad65929\">\n<div class=\"_4f9bf79 d7dc56a8 _43c05b5\">\n<div class=\"ds-message _63c77b1\">\n<div class=\"ds-markdown\">\n<p class=\"ds-markdown-paragraph\"><strong>G\u00f6z kama\u015ft\u0131r\u0131c\u0131 ihti\u015fama ad\u0131m at\u0131n.<\/strong><\/p>\n<p class=\"ds-markdown-paragraph\">Bu \u015fampanya rengi y\u00fcksek topuklu sandaletlerle nefes kesen bir giri\u015f yap\u0131n; her \u00f6zel an\u0131 b\u00fcy\u00fcleyici ve ayd\u0131nlat\u0131c\u0131 bir \u015fekilde tamamlamak i\u00e7in tasarland\u0131lar. \u00c7arp\u0131c\u0131 a\u00e7\u0131k burunlu sil\u00fceti ve etkileyici 11,3 cm y\u00fcksekli\u011findeki topu\u011fuyla bu terlikler, her a\u00e7\u0131dan \u0131\u015f\u0131\u011f\u0131 yakalayan \u0131\u015f\u0131lt\u0131l\u0131 ta\u015flarla \u00f6zenle s\u00fcslenmi\u015ftir. Zarif yuvarlak burun tasar\u0131m\u0131 ve \u015feffaf TPU unsurlar\u0131, modern ve bacaklar\u0131 daha uzun g\u00f6steren bir etki yarat\u0131rken, l\u00fcks payetli \u00fcst k\u0131s\u0131m ve \u015fampanya rengi saf bir zenginlik yay\u0131yor.<\/p>\n<p class=\"ds-markdown-paragraph\">Hem \u015f\u0131kl\u0131k hem de konfor i\u00e7in tasarlanan bu g\u00f6z al\u0131c\u0131 sandaletler, pratik giyilebilir tasar\u0131m\u0131, yast\u0131klama sa\u011flayan yumu\u015fak PU deri i\u00e7 taban\u0131 ve g\u00fcvenli PVC astar\u0131yla \u00f6ne \u00e7\u0131k\u0131yor. Tam bedeninize uygun olan bu sandaletler, Sevgililer G\u00fcn\u00fc yemekleri, partiler, d\u00fc\u011f\u00fcnler ve parlamak istedi\u011finiz her t\u00fcrl\u00fc etkinlik i\u00e7in kusursuz bir uyum sunuyor. \u0130ster romantik bir ak\u015fam kutluyor olun, ister \u015fenlikli bir etkinlikte dikkatleri \u00fczerinize \u00e7ekiyor olun, bu topuklu ayakkab\u0131lar unutulmaz anlar i\u00e7in en ideal aksesuar\u0131n\u0131z olacak.<\/p>\n<p class=\"ds-markdown-paragraph\"><strong>Temel \u00d6zellikler<\/strong><\/p>\n<ul>\n<li>\n<p class=\"ds-markdown-paragraph translation-block\"><strong>G\u00f6z Kama\u015ft\u0131r\u0131c\u0131 Tasar\u0131m:<\/strong> \u015e\u0131k a\u00e7\u0131k burunlu sil\u00fceti ve \u015feffaf topuk detaylar\u0131yla, \u0131\u015f\u0131lt\u0131l\u0131 yapay elmas ve payetlerle s\u00fcslenmi\u015f \u00fcst k\u0131sma sahiptir.<\/p>\n<\/li>\n<li>\n<p class=\"ds-markdown-paragraph translation-block\"><strong>Konforu Y\u00fckseltiyor:<\/strong>\u00a0Destekleyici \u015f\u0131kl\u0131k i\u00e7in yast\u0131kl\u0131 PU deri i\u00e7 tabana sahip 11,3 cm y\u00fcksekli\u011finde topuk.<\/p>\n<\/li>\n<li>\n<p class=\"ds-markdown-paragraph translation-block\"><strong>M\u00fckemmel Uyum:<\/strong>\u00a0Kolay giyim ve t\u00fcm gece boyunca g\u00fcven sa\u011flayan, g\u00fcvenli PVC astarl\u0131, bedene tam oturan, giyip \u00e7\u0131karmas\u0131 kolay tasar\u0131m.<\/p>\n<\/li>\n<li>\n<p class=\"ds-markdown-paragraph translation-block\"><strong>\u00c7ok Y\u00f6nl\u00fc \u015e\u0131kl\u0131k:<\/strong> \u015eampanya rengi ve g\u00f6z al\u0131c\u0131 tarz\u0131, bu sandaletleri Sevgililer G\u00fcn\u00fc bulu\u015fmalar\u0131, partiler ve \u00f6zel etkinlikler i\u00e7in ideal k\u0131l\u0131yor.<\/p>\n<\/li>\n<li>\n<p class=\"ds-markdown-paragraph translation-block\"><strong>\u00dcst\u00fcn Kaliteli Malzemeler:<\/strong>\u00a0Uzun s\u00fcreli parlakl\u0131k ve dayan\u0131kl\u0131l\u0131k i\u00e7in y\u00fcksek kaliteli TPU, payetler ve PVC'den \u00fcretilmi\u015ftir.<\/p>\n<\/li>\n<\/ul>\n<\/div>\n<\/div>\n<div class=\"ds-theme\"><\/div>\n<div class=\"ds-flex _0a3d93b\">\n<div class=\"ds-flex _965abe9 _54866f7\">\n<div class=\"ds-icon-button db183363\" tabindex=\"-1\" role=\"button\" aria-disabled=\"false\">\n<div class=\"ds-icon-button__hover-bg\"><\/div>\n<div class=\"ds-icon\"><\/div>\n<\/div>\n<div class=\"ds-icon-button db183363\" tabindex=\"-1\" role=\"button\" aria-disabled=\"false\">\n<div class=\"ds-icon-button__hover-bg\"><\/div>\n<div class=\"ds-icon\"><\/div>\n<\/div>\n<div class=\"ds-icon-button db183363\" tabindex=\"-1\" role=\"button\" aria-disabled=\"false\">\n<div class=\"ds-icon-button__hover-bg\"><\/div>\n<div class=\"ds-icon\"><\/div>\n<\/div>\n<div class=\"ds-icon-button db183363\" tabindex=\"-1\" role=\"button\" aria-disabled=\"false\">\n<div class=\"ds-icon-button__hover-bg\"><\/div>\n<div class=\"ds-icon\"><\/div>\n<\/div>\n<div class=\"ds-icon-button db183363\" tabindex=\"-1\" role=\"button\" aria-disabled=\"false\">\n<div class=\"ds-icon-button__hover-bg\"><\/div>\n<div class=\"ds-icon\"><\/div>\n<\/div>\n<\/div>\n<div><\/div>\n<\/div>\n<\/div>\n<\/div>\n<div class=\"_871cbca\">\n<div class=\"d72636e2\"><\/div>\n<div class=\"aaff8b8f\">\n<div class=\"_77cefa5 _3d616d3\">\n<div class=\"_020ab5b\">\n<div class=\"_24fad49\">\n<div class=\"ds-scroll-area__gutters\"><\/div>\n<\/div>\n<\/div>\n<\/div>\n<\/div>\n<\/div>","protected":false},"excerpt":{"rendered":"<p>Step into Dazzling Glamour Make a breathtaking entrance with these Champagne High-Heel Sandals, designed to captivate and illuminate every special occasion. Featuring a stunning open-toe silhouette and a dramatic 11.3cm high heel, these mules are meticulously adorned with shimmering rhinestones that catch the light from every angle. The elegant round toe design and transparent TPU [&hellip;]<\/p>","protected":false},"featured_media":31735,"comment_status":"open","ping_status":"closed","template":"","meta":{"_monsterinsights_skip_tracking":false,"_monsterinsights_sitenote_active":false,"_monsterinsights_sitenote_note":"","_monsterinsights_sitenote_category":0},"product_brand":[],"product_cat":[15,146],"product_tag":[],"class_list":{"0":"post-31734","1":"product","2":"type-product","3":"status-publish","4":"has-post-thumbnail","6":"product_cat-uncategorized","7":"product_cat-heels","9":"first","10":"instock","11":"shipping-taxable","12":"purchasable","13":"product-type-simple"},"aioseo_notices":[],"_links":{"self":[{"href":"https:\/\/xn--kbrsglobalstore-7kcc.com\/tr\/wp-json\/wp\/v2\/product\/31734","targetHints":{"allow":["GET"]}}],"collection":[{"href":"https:\/\/xn--kbrsglobalstore-7kcc.com\/tr\/wp-json\/wp\/v2\/product"}],"about":[{"href":"https:\/\/xn--kbrsglobalstore-7kcc.com\/tr\/wp-json\/wp\/v2\/types\/product"}],"replies":[{"embeddable":true,"href":"https:\/\/xn--kbrsglobalstore-7kcc.com\/tr\/wp-json\/wp\/v2\/comments?post=31734"}],"wp:featuredmedia":[{"embeddable":true,"href":"https:\/\/xn--kbrsglobalstore-7kcc.com\/tr\/wp-json\/wp\/v2\/media\/31735"}],"wp:attachment":[{"href":"https:\/\/xn--kbrsglobalstore-7kcc.com\/tr\/wp-json\/wp\/v2\/media?parent=31734"}],"wp:term":[{"taxonomy":"product_brand","embeddable":true,"href":"https:\/\/xn--kbrsglobalstore-7kcc.com\/tr\/wp-json\/wp\/v2\/product_brand?post=31734"},{"taxonomy":"product_cat","embeddable":true,"href":"https:\/\/xn--kbrsglobalstore-7kcc.com\/tr\/wp-json\/wp\/v2\/product_cat?post=31734"},{"taxonomy":"product_tag","embeddable":true,"href":"https:\/\/xn--kbrsglobalstore-7kcc.com\/tr\/wp-json\/wp\/v2\/product_tag?post=31734"}],"curies":[{"name":"wp","href":"https:\/\/api.w.org\/{rel}","templated":true}]}}