{"id":31708,"date":"2025-11-23T13:26:37","date_gmt":"2025-11-23T13:26:37","guid":{"rendered":"https:\/\/xn--kbrsglobalstore-7kcc.com\/?post_type=product&#038;p=31708"},"modified":"2025-12-15T11:08:02","modified_gmt":"2025-12-15T11:08:02","slug":"coolane-womens-fall-streetwear-fashion-casual-vintage-corduroy-textured-long-baggy","status":"publish","type":"product","link":"https:\/\/xn--kbrsglobalstore-7kcc.com\/tr\/urun\/coolane-womens-fall-streetwear-fashion-casual-vintage-corduroy-textured-long-baggy\/","title":{"rendered":"Coolane Kad\u0131n Sonbahar Sokak Giyim Modas\u0131 G\u00fcnl\u00fck Vintage Kadife Dokulu Uzun Bol Pa\u00e7a Pantolon"},"content":{"rendered":"<div class=\"ds-message _63c77b1\">\n<div class=\"ds-markdown\">\n<p class=\"ds-markdown-paragraph translation-block\">Coolane Kad\u0131n Vintage Kadife Pantolon ile sonbahar\u0131n rahat havas\u0131n\u0131 kucaklay\u0131n. Bu dikkat \u00e7ekici pantolon, hem g\u00f6rsel ilgi \u00e7ekicilik hem de s\u0131cac\u0131k bir rahatl\u0131k sunan zengin bir kadife dokusuna sahiptir ve g\u00fcndelik, vintage esintili bir esteti\u011fi m\u00fckemmel bir \u015fekilde yans\u0131t\u0131r.<\/p>\n<p class=\"ds-markdown-paragraph translation-block\">Bilin\u00e7li olarak bol ve geni\u015f pa\u00e7al\u0131 bir sil\u00fcetle tasarlanan bu pantolonlar, \u00fcst\u00fcn konfor ve zahmetsiz sokak modas\u0131 havas\u0131 sunuyor. Y\u00fcksek bel ve uzun, ak\u0131c\u0131 kesim, hem \u015f\u0131k hem de giymesi inan\u0131lmaz derecede kolay olan modern, uzun bir \u00e7izgi yarat\u0131yor.<\/p>\n<p class=\"ds-markdown-paragraph translation-block\">Onlar\u0131 dar kesim bir bluz ve kal\u0131n tabanl\u0131 spor ayakkab\u0131 veya botlarla kombinleyerek otantik bir sonbahar sokak stili g\u00f6r\u00fcn\u00fcm\u00fc elde edebilirsiniz. Nostaljik dokuyu \u00e7a\u011fda\u015f konforla harmanlayan \u00e7ok y\u00f6nl\u00fc bir temel par\u00e7a olan bu ayakkab\u0131lar, t\u00fcm sezon boyunca rahat ve \u015f\u0131k k\u0131yafetler yaratmak i\u00e7in vazge\u00e7ilmez bir tercih olacakt\u0131r.<\/p>\n<\/div>\n<\/div>\n<div class=\"ds-theme\"><\/div>\n<div class=\"ds-flex _0a3d93b\">\n<div class=\"ds-flex _965abe9 _54866f7\">\n<div class=\"db183363 ds-icon-button ds-icon-button--m ds-icon-button--sizing-container\" tabindex=\"0\" role=\"button\" aria-disabled=\"false\">\n<div class=\"ds-icon-button__hover-bg\"><\/div>\n<div class=\"ds-icon\"><\/div>\n<div class=\"ds-focus-ring\"><\/div>\n<\/div>\n<div class=\"db183363 ds-icon-button ds-icon-button--m ds-icon-button--sizing-container\" tabindex=\"0\" role=\"button\" aria-disabled=\"false\">\n<div class=\"ds-icon-button__hover-bg\"><\/div>\n<div class=\"ds-icon\"><\/div>\n<div class=\"ds-focus-ring\"><\/div>\n<\/div>\n<div class=\"db183363 ds-icon-button ds-icon-button--m ds-icon-button--sizing-container\" tabindex=\"0\" role=\"button\" aria-disabled=\"false\">\n<div class=\"ds-icon-button__hover-bg\"><\/div>\n<div class=\"ds-icon\"><\/div>\n<div class=\"ds-focus-ring\"><\/div>\n<\/div>\n<div class=\"db183363 ds-icon-button ds-icon-button--m ds-icon-button--sizing-container\" tabindex=\"0\" role=\"button\" aria-disabled=\"false\">\n<div class=\"ds-icon-button__hover-bg\"><\/div>\n<div class=\"ds-icon\"><\/div>\n<div class=\"ds-focus-ring\"><\/div>\n<\/div>\n<div class=\"db183363 ds-icon-button ds-icon-button--m ds-icon-button--sizing-container\" tabindex=\"0\" role=\"button\" aria-disabled=\"false\">\n<div class=\"ds-icon-button__hover-bg\"><\/div>\n<div class=\"ds-icon\"><\/div>\n<\/div>\n<\/div>\n<\/div>","protected":false},"excerpt":{"rendered":"<p>Embrace the relaxed vibe of fall with the Coolane Women&#8217;s Vintage Corduroy Pants. These statement trousers feature a rich\u00a0corduroy texture\u00a0that offers both visual interest and cozy warmth, perfectly capturing a\u00a0casual, vintage-inspired aesthetic. Designed with a\u00a0deliberately baggy, wide-leg silhouette, they provide ultimate comfort and effortless\u00a0streetwear flair. The high waist and long, flowing cut create a modern, [&hellip;]<\/p>","protected":false},"featured_media":31709,"comment_status":"open","ping_status":"closed","template":"","meta":{"_monsterinsights_skip_tracking":false,"_monsterinsights_sitenote_active":false,"_monsterinsights_sitenote_note":"","_monsterinsights_sitenote_category":0},"product_brand":[],"product_cat":[15,147],"product_tag":[],"class_list":{"0":"post-31708","1":"product","2":"type-product","3":"status-publish","4":"has-post-thumbnail","6":"product_cat-uncategorized","7":"product_cat-womens-bottom","9":"first","10":"instock","11":"shipping-taxable","12":"purchasable","13":"product-type-simple"},"aioseo_notices":[],"_links":{"self":[{"href":"https:\/\/xn--kbrsglobalstore-7kcc.com\/tr\/wp-json\/wp\/v2\/product\/31708","targetHints":{"allow":["GET"]}}],"collection":[{"href":"https:\/\/xn--kbrsglobalstore-7kcc.com\/tr\/wp-json\/wp\/v2\/product"}],"about":[{"href":"https:\/\/xn--kbrsglobalstore-7kcc.com\/tr\/wp-json\/wp\/v2\/types\/product"}],"replies":[{"embeddable":true,"href":"https:\/\/xn--kbrsglobalstore-7kcc.com\/tr\/wp-json\/wp\/v2\/comments?post=31708"}],"wp:featuredmedia":[{"embeddable":true,"href":"https:\/\/xn--kbrsglobalstore-7kcc.com\/tr\/wp-json\/wp\/v2\/media\/31709"}],"wp:attachment":[{"href":"https:\/\/xn--kbrsglobalstore-7kcc.com\/tr\/wp-json\/wp\/v2\/media?parent=31708"}],"wp:term":[{"taxonomy":"product_brand","embeddable":true,"href":"https:\/\/xn--kbrsglobalstore-7kcc.com\/tr\/wp-json\/wp\/v2\/product_brand?post=31708"},{"taxonomy":"product_cat","embeddable":true,"href":"https:\/\/xn--kbrsglobalstore-7kcc.com\/tr\/wp-json\/wp\/v2\/product_cat?post=31708"},{"taxonomy":"product_tag","embeddable":true,"href":"https:\/\/xn--kbrsglobalstore-7kcc.com\/tr\/wp-json\/wp\/v2\/product_tag?post=31708"}],"curies":[{"name":"wp","href":"https:\/\/api.w.org\/{rel}","templated":true}]}}