{"id":31700,"date":"2025-11-23T13:22:03","date_gmt":"2025-11-23T13:22:03","guid":{"rendered":"https:\/\/xn--kbrsglobalstore-7kcc.com\/?post_type=product&#038;p=31700"},"modified":"2025-12-15T11:06:24","modified_gmt":"2025-12-15T11:06:24","slug":"basics-solid-high-waist-casual-bodycon-mini-skirt","status":"publish","type":"product","link":"https:\/\/xn--kbrsglobalstore-7kcc.com\/tr\/urun\/basics-solid-high-waist-casual-bodycon-mini-skirt\/","title":{"rendered":"BASICS D\u00fcz Renk Y\u00fcksek Bel G\u00fcnl\u00fck V\u00fccuda Oturan Mini Etek"},"content":{"rendered":"<p>BASICS D\u00fcz Renk Y\u00fcksek Bel G\u00fcnl\u00fck V\u00fccuda Oturan Mini Etek ile \u00e7ok y\u00f6nl\u00fc stilin temel ta\u015flar\u0131ndan birini ke\u015ffedin. Zahmetsiz giyim i\u00e7in tasarlanan bu etek, v\u00fccut hatlar\u0131n\u0131z\u0131 \u015fekillendiren ve incelterek kendinden emin, modern bir g\u00f6r\u00fcn\u00fcm sa\u011flayan, \u015f\u0131k y\u00fcksek bel ve v\u00fccuda oturan bir sil\u00fcete sahiptir.<\/p>\n<p>Zamans\u0131z d\u00fcz bir renkte, rahat ve esnek bir kuma\u015ftan \u00fcretilen bu \u00fcr\u00fcn, ki\u015fisel tarz\u0131n\u0131z i\u00e7in m\u00fckemmel bir minimalist zemin g\u00f6revi g\u00f6r\u00fcyor. Sadeli\u011fi sayesinde inan\u0131lmaz derecede uyarlanabilir; bir gece d\u0131\u015far\u0131 \u00e7\u0131karken bluz ve topuklu ayakkab\u0131larla \u015f\u0131k bir g\u00f6r\u00fcn\u00fcm yaratabilir veya g\u00fcnl\u00fck \u015f\u0131kl\u0131k i\u00e7in ti\u015f\u00f6rt ve spor ayakkab\u0131larla rahat bir tarz olu\u015fturabilirsiniz.<\/p>\n<p>Gard\u0131robun olmazsa olmazlar\u0131ndan olan bu etek, hem rahatl\u0131k hem de \u015f\u0131k bir g\u00f6r\u00fcn\u00fcm sunarak say\u0131s\u0131z kombin olu\u015fturmak i\u00e7in ideal bir se\u00e7imdir.<\/p>\n<p>&nbsp;<\/p>","protected":false},"excerpt":{"rendered":"<p>Unlock a staple of versatile style with the BASICS Solid High Waist Casual Bodycon Mini Skirt. Designed for effortless wear, this skirt features a flattering high waist and a sleek bodycon silhouette that shapes and streamlines your figure for a confident, modern look. Crafted from a comfortable, stretchy fabric in a timeless solid color, it [&hellip;]<\/p>","protected":false},"featured_media":31701,"comment_status":"open","ping_status":"closed","template":"","meta":{"_monsterinsights_skip_tracking":false,"_monsterinsights_sitenote_active":false,"_monsterinsights_sitenote_note":"","_monsterinsights_sitenote_category":0},"product_brand":[],"product_cat":[15,147],"product_tag":[],"class_list":{"0":"post-31700","1":"product","2":"type-product","3":"status-publish","4":"has-post-thumbnail","6":"product_cat-uncategorized","7":"product_cat-womens-bottom","9":"first","10":"instock","11":"shipping-taxable","12":"purchasable","13":"product-type-simple"},"aioseo_notices":[],"_links":{"self":[{"href":"https:\/\/xn--kbrsglobalstore-7kcc.com\/tr\/wp-json\/wp\/v2\/product\/31700","targetHints":{"allow":["GET"]}}],"collection":[{"href":"https:\/\/xn--kbrsglobalstore-7kcc.com\/tr\/wp-json\/wp\/v2\/product"}],"about":[{"href":"https:\/\/xn--kbrsglobalstore-7kcc.com\/tr\/wp-json\/wp\/v2\/types\/product"}],"replies":[{"embeddable":true,"href":"https:\/\/xn--kbrsglobalstore-7kcc.com\/tr\/wp-json\/wp\/v2\/comments?post=31700"}],"wp:featuredmedia":[{"embeddable":true,"href":"https:\/\/xn--kbrsglobalstore-7kcc.com\/tr\/wp-json\/wp\/v2\/media\/31701"}],"wp:attachment":[{"href":"https:\/\/xn--kbrsglobalstore-7kcc.com\/tr\/wp-json\/wp\/v2\/media?parent=31700"}],"wp:term":[{"taxonomy":"product_brand","embeddable":true,"href":"https:\/\/xn--kbrsglobalstore-7kcc.com\/tr\/wp-json\/wp\/v2\/product_brand?post=31700"},{"taxonomy":"product_cat","embeddable":true,"href":"https:\/\/xn--kbrsglobalstore-7kcc.com\/tr\/wp-json\/wp\/v2\/product_cat?post=31700"},{"taxonomy":"product_tag","embeddable":true,"href":"https:\/\/xn--kbrsglobalstore-7kcc.com\/tr\/wp-json\/wp\/v2\/product_tag?post=31700"}],"curies":[{"name":"wp","href":"https:\/\/api.w.org\/{rel}","templated":true}]}}