{"id":31694,"date":"2025-11-23T13:16:48","date_gmt":"2025-11-23T13:16:48","guid":{"rendered":"https:\/\/xn--kbrsglobalstore-7kcc.com\/?post_type=product&#038;p=31694"},"modified":"2025-12-15T11:05:37","modified_gmt":"2025-12-15T11:05:37","slug":"ezwear-solid-mermaid-hem-ribbed-knit-skirt","status":"publish","type":"product","link":"https:\/\/xn--kbrsglobalstore-7kcc.com\/tr\/urun\/ezwear-solid-mermaid-hem-ribbed-knit-skirt\/","title":{"rendered":"EZwear D\u00fcz Renk Bal\u0131k Kesimli Fitilli \u00d6rme Etek"},"content":{"rendered":"<div class=\"dad65929\">\n<div class=\"_4f9bf79 d7dc56a8 _43c05b5\">\n<div class=\"ds-message _63c77b1\">\n<div class=\"ds-markdown\">\n<p class=\"ds-markdown-paragraph translation-block\">EZwear D\u00fcz Renk Denizk\u0131z\u0131 Etek Ucu Fitilli \u00d6rme Etek ile zahmetsiz \u015f\u0131kl\u0131\u011f\u0131n sil\u00fcetini kucaklay\u0131n. Yumu\u015fak, esnek fitilli \u00f6rme kuma\u015ftan ustal\u0131kla \u00fcretilen bu etek, ola\u011fan\u00fcst\u00fc rahatl\u0131\u011f\u0131, v\u00fccut hatlar\u0131n\u0131z\u0131 saran, v\u00fccuda oturan bir kesimle birle\u015ftiriyor.<\/p>\n<p class=\"ds-markdown-paragraph translation-block\">Ete\u011fin belirleyici \u00f6zelli\u011fi olan denizk\u0131z\u0131 etek ucu, ete\u011fe modern ve \u00e7ekici bir hava kat\u0131yor ve her ad\u0131mda g\u00fczel bir hareketlilik yarat\u0131yor. \u00c7ok y\u00f6nl\u00fc d\u00fcz bir renkte tasarlanan bu etek, say\u0131s\u0131z g\u00f6r\u00fcn\u00fcm i\u00e7in \u015f\u0131k bir temel olu\u015fturarak g\u00fcnd\u00fczden geceye kolayca ge\u00e7i\u015f sa\u011fl\u0131yor.<\/p>\n<p class=\"ds-markdown-paragraph\">\u015e\u0131k bir ak\u015fam yeme\u011fi kombini i\u00e7in i\u00e7ine sokulmu\u015f bir bluz ve topuklu ayakkab\u0131larla, ya da tarz sahibi bir hafta sonu kombini i\u00e7in rahat bir kazak ve bilek botlarla giyebilirsiniz. Zamans\u0131z triko rahatl\u0131\u011f\u0131n\u0131 modern ve zarif tasar\u0131mla harmanlayan, mutlaka sahip olunmas\u0131 gereken bir par\u00e7a.<\/p>\n<\/div>\n<\/div>\n<div class=\"ds-theme\"><\/div>\n<div class=\"ds-flex _0a3d93b\">\n<div class=\"ds-flex _965abe9 _54866f7\">\n<div class=\"db183363 ds-icon-button ds-icon-button--m ds-icon-button--sizing-container\" tabindex=\"0\" role=\"button\" aria-disabled=\"false\">\n<div class=\"ds-icon-button__hover-bg\"><\/div>\n<div class=\"ds-icon\"><\/div>\n<div class=\"ds-focus-ring\"><\/div>\n<\/div>\n<div class=\"db183363 ds-icon-button ds-icon-button--m ds-icon-button--sizing-container\" tabindex=\"0\" role=\"button\" aria-disabled=\"false\">\n<div class=\"ds-icon-button__hover-bg\"><\/div>\n<div class=\"ds-icon\"><\/div>\n<div class=\"ds-focus-ring\"><\/div>\n<\/div>\n<div class=\"db183363 ds-icon-button ds-icon-button--m ds-icon-button--sizing-container\" tabindex=\"0\" role=\"button\" aria-disabled=\"false\">\n<div class=\"ds-icon-button__hover-bg\"><\/div>\n<div class=\"ds-icon\"><\/div>\n<div class=\"ds-focus-ring\"><\/div>\n<\/div>\n<div class=\"db183363 ds-icon-button ds-icon-button--m ds-icon-button--sizing-container\" tabindex=\"0\" role=\"button\" aria-disabled=\"false\">\n<div class=\"ds-icon-button__hover-bg\"><\/div>\n<div class=\"ds-icon\"><\/div>\n<div class=\"ds-focus-ring\"><\/div>\n<\/div>\n<div class=\"db183363 ds-icon-button ds-icon-button--m ds-icon-button--sizing-container\" tabindex=\"0\" role=\"button\" aria-disabled=\"false\">\n<div class=\"ds-icon-button__hover-bg\"><\/div>\n<div class=\"ds-icon\"><\/div>\n<div class=\"ds-focus-ring\"><\/div>\n<\/div>\n<\/div>\n<div><\/div>\n<\/div>\n<\/div>\n<\/div>\n<div class=\"_871cbca\">\n<div class=\"d72636e2\"><\/div>\n<div class=\"aaff8b8f\">\n<div class=\"_77cefa5 _3d616d3\">\n<div class=\"_020ab5b\">\n<div class=\"_24fad49\">\n<div class=\"ds-scroll-area__gutters\">\n<div class=\"ds-scroll-area__horizontal-gutter\"><\/div>\n<div class=\"ds-scroll-area__vertical-gutter\"><\/div>\n<\/div>\n<\/div>\n<\/div>\n<\/div>\n<\/div>\n<\/div>","protected":false},"excerpt":{"rendered":"<p>Embrace a silhouette of effortless elegance with the EZwear Solid Mermaid Hem Ribbed Knit Skirt. Expertly crafted from a soft,\u00a0stretchy ribbed knit, this skirt combines exceptional comfort with a figure-flattering,\u00a0tailored fit\u00a0that hugs your curves. The defining\u00a0mermaid hem\u00a0adds a contemporary, flirtatious flare at the bottom, creating beautiful movement with every step. Rendered in a versatile\u00a0solid color, [&hellip;]<\/p>","protected":false},"featured_media":31695,"comment_status":"open","ping_status":"closed","template":"","meta":{"_monsterinsights_skip_tracking":false,"_monsterinsights_sitenote_active":false,"_monsterinsights_sitenote_note":"","_monsterinsights_sitenote_category":0},"product_brand":[],"product_cat":[15,147],"product_tag":[],"class_list":{"0":"post-31694","1":"product","2":"type-product","3":"status-publish","4":"has-post-thumbnail","6":"product_cat-uncategorized","7":"product_cat-womens-bottom","9":"first","10":"instock","11":"shipping-taxable","12":"purchasable","13":"product-type-simple"},"aioseo_notices":[],"_links":{"self":[{"href":"https:\/\/xn--kbrsglobalstore-7kcc.com\/tr\/wp-json\/wp\/v2\/product\/31694","targetHints":{"allow":["GET"]}}],"collection":[{"href":"https:\/\/xn--kbrsglobalstore-7kcc.com\/tr\/wp-json\/wp\/v2\/product"}],"about":[{"href":"https:\/\/xn--kbrsglobalstore-7kcc.com\/tr\/wp-json\/wp\/v2\/types\/product"}],"replies":[{"embeddable":true,"href":"https:\/\/xn--kbrsglobalstore-7kcc.com\/tr\/wp-json\/wp\/v2\/comments?post=31694"}],"wp:featuredmedia":[{"embeddable":true,"href":"https:\/\/xn--kbrsglobalstore-7kcc.com\/tr\/wp-json\/wp\/v2\/media\/31695"}],"wp:attachment":[{"href":"https:\/\/xn--kbrsglobalstore-7kcc.com\/tr\/wp-json\/wp\/v2\/media?parent=31694"}],"wp:term":[{"taxonomy":"product_brand","embeddable":true,"href":"https:\/\/xn--kbrsglobalstore-7kcc.com\/tr\/wp-json\/wp\/v2\/product_brand?post=31694"},{"taxonomy":"product_cat","embeddable":true,"href":"https:\/\/xn--kbrsglobalstore-7kcc.com\/tr\/wp-json\/wp\/v2\/product_cat?post=31694"},{"taxonomy":"product_tag","embeddable":true,"href":"https:\/\/xn--kbrsglobalstore-7kcc.com\/tr\/wp-json\/wp\/v2\/product_tag?post=31694"}],"curies":[{"name":"wp","href":"https:\/\/api.w.org\/{rel}","templated":true}]}}