{"id":31684,"date":"2025-11-23T13:09:10","date_gmt":"2025-11-23T13:09:10","guid":{"rendered":"https:\/\/xn--kbrsglobalstore-7kcc.com\/?post_type=product&#038;p=31684"},"modified":"2025-12-15T11:04:31","modified_gmt":"2025-12-15T11:04:31","slug":"frenchy-womens-plain-trousers-fashionable-for-summer-winter-brown","status":"publish","type":"product","link":"https:\/\/xn--kbrsglobalstore-7kcc.com\/tr\/urun\/frenchy-womens-plain-trousers-fashionable-for-summer-winter-brown\/","title":{"rendered":"Frenchy Kad\u0131n D\u00fcz Kesim Pantolon, Yaz ve K\u0131\u015f \u0130\u00e7in \u015e\u0131k, Kahverengi"},"content":{"rendered":"<p>Zamans\u0131z Paris \u015f\u0131kl\u0131\u011f\u0131 ile g\u00fcnl\u00fck rahatl\u0131\u011f\u0131 bir araya getiren Frenchy Kad\u0131n D\u00fcz Pantolonunu tan\u0131t\u0131yoruz. Zengin ve sofistike bir kahverengi tonunda \u00fcretilen bu pantolon, \u00f6zenle se\u00e7ilmi\u015f, zahmetsiz bir gard\u0131robun m\u00fckemmel temelini olu\u015fturan minimalist ve sade bir sil\u00fcete sahiptir.<\/p>\n<p>\u00dcst\u00fcn kaliteli, y\u0131l boyu kullan\u0131labilen bir kuma\u015ftan \u00fcretilen bu pantolonlar, yaz aylar\u0131nda hafif ve rahat bir kullan\u0131m sunarken, k\u0131\u015f aylar\u0131nda da katmanl\u0131 giysilerle kusursuz bir uyum sa\u011flayarak ger\u00e7ekten d\u00f6rt mevsimlik bir temel par\u00e7a haline geliyor. \u00d6zel dikim kesimi, d\u00fcz pa\u00e7as\u0131 ve sade tasar\u0131m\u0131, ofisten hafta sonu kafelerine kadar her yerde kullan\u0131labilecek \u015f\u0131k ve modaya uygun bir sadelik sunuyor.<\/p>\n<p>Zahmetsizce \u015f\u0131k ve sonsuz uyumlulu\u011fa sahip bu pantolonlar, sade kaliteye ve \u00e7ok y\u00f6nl\u00fc stile de\u011fer veren kad\u0131nlar i\u00e7in tasarland\u0131. \u015e\u0131k bir g\u00f6r\u00fcn\u00fcm i\u00e7in loafer ayakkab\u0131lar ve bir bluzla, rahat bir \u015f\u0131kl\u0131k i\u00e7in ise sade bir ti\u015f\u00f6rt ve spor ayakkab\u0131larla kombinleyebilirsiniz.<\/p>","protected":false},"excerpt":{"rendered":"<p>Introducing the Frenchy Women&#8217;s Plain Trousers, where timeless Parisian elegance meets everyday versatility. Crafted in a rich, sophisticated brown hue, these trousers feature a minimalist, clean silhouette that serves as the perfect foundation for a curated, effortless wardrobe. Made from a premium, year-round fabric, they offer lightweight comfort for summer and pair seamlessly with layers [&hellip;]<\/p>","protected":false},"featured_media":31685,"comment_status":"open","ping_status":"closed","template":"","meta":{"_monsterinsights_skip_tracking":false,"_monsterinsights_sitenote_active":false,"_monsterinsights_sitenote_note":"","_monsterinsights_sitenote_category":0},"product_brand":[],"product_cat":[15,147],"product_tag":[],"class_list":{"0":"post-31684","1":"product","2":"type-product","3":"status-publish","4":"has-post-thumbnail","6":"product_cat-uncategorized","7":"product_cat-womens-bottom","9":"first","10":"instock","11":"shipping-taxable","12":"purchasable","13":"product-type-simple"},"aioseo_notices":[],"_links":{"self":[{"href":"https:\/\/xn--kbrsglobalstore-7kcc.com\/tr\/wp-json\/wp\/v2\/product\/31684","targetHints":{"allow":["GET"]}}],"collection":[{"href":"https:\/\/xn--kbrsglobalstore-7kcc.com\/tr\/wp-json\/wp\/v2\/product"}],"about":[{"href":"https:\/\/xn--kbrsglobalstore-7kcc.com\/tr\/wp-json\/wp\/v2\/types\/product"}],"replies":[{"embeddable":true,"href":"https:\/\/xn--kbrsglobalstore-7kcc.com\/tr\/wp-json\/wp\/v2\/comments?post=31684"}],"wp:featuredmedia":[{"embeddable":true,"href":"https:\/\/xn--kbrsglobalstore-7kcc.com\/tr\/wp-json\/wp\/v2\/media\/31685"}],"wp:attachment":[{"href":"https:\/\/xn--kbrsglobalstore-7kcc.com\/tr\/wp-json\/wp\/v2\/media?parent=31684"}],"wp:term":[{"taxonomy":"product_brand","embeddable":true,"href":"https:\/\/xn--kbrsglobalstore-7kcc.com\/tr\/wp-json\/wp\/v2\/product_brand?post=31684"},{"taxonomy":"product_cat","embeddable":true,"href":"https:\/\/xn--kbrsglobalstore-7kcc.com\/tr\/wp-json\/wp\/v2\/product_cat?post=31684"},{"taxonomy":"product_tag","embeddable":true,"href":"https:\/\/xn--kbrsglobalstore-7kcc.com\/tr\/wp-json\/wp\/v2\/product_tag?post=31684"}],"curies":[{"name":"wp","href":"https:\/\/api.w.org\/{rel}","templated":true}]}}