{"id":31677,"date":"2025-11-23T12:56:56","date_gmt":"2025-11-23T12:56:56","guid":{"rendered":"https:\/\/xn--kbrsglobalstore-7kcc.com\/?post_type=product&#038;p=31677"},"modified":"2025-12-15T11:02:26","modified_gmt":"2025-12-15T11:02:26","slug":"bae-high-waist-solid-skirt","status":"publish","type":"product","link":"https:\/\/xn--kbrsglobalstore-7kcc.com\/tr\/urun\/bae-high-waist-solid-skirt\/","title":{"rendered":"BAE Y\u00fcksek Bel D\u00fcz Etek"},"content":{"rendered":"<p class=\"ds-markdown-paragraph translation-block\">BAE Y\u00fcksek Bel D\u00fcz Renk Etek ile zamans\u0131z zarafeti ve kusursuz kesimi deneyimleyin. V\u00fccut hatlar\u0131n\u0131z\u0131 vurgulayan y\u00fcksek bel kesimiyle \u00f6zenle dikilmi\u015f bu etek, g\u00fcn boyu konfor ve zahmetsiz \u015f\u0131kl\u0131k sunar. Sade ve d\u00fcz rengi ise say\u0131s\u0131z kombin i\u00e7in \u00e7ok y\u00f6nl\u00fc bir temel olu\u015fturur.<\/p>\n<p class=\"ds-markdown-paragraph translation-block\">Hafif esnekli\u011fe sahip, birinci s\u0131n\u0131f, orta a\u011f\u0131rl\u0131kta bir kuma\u015ftan \u00fcretilen bu elbise, g\u00fczel bir \u015fekilde d\u00f6k\u00fcml\u00fc durur ve hareketlerinize uyum sa\u011flar; bu da onu hem profesyonel ortamlar hem de \u015f\u0131k hafta sonu g\u00f6r\u00fcn\u00fcmleri i\u00e7in ideal k\u0131lar. Sade tasar\u0131m\u0131 ve \u00e7ok y\u00f6nl\u00fc rengi, onu gard\u0131robunuzun olmazsa olmaz\u0131 yapar; i\u00e7ine sokulmu\u015f bluzlarla, \u015f\u0131k trikolarla veya g\u00fcnl\u00fck ti\u015f\u00f6rtlerle kolayca kombinlenebilir.<\/p>\n<p class=\"ds-markdown-paragraph\">\u0130ster ofise, ister ak\u015fam yeme\u011fine, isterse de g\u00fcndelik bir gezintiye \u00e7\u0131k\u0131yor olun, bu etek minimum \u00e7abayla \u015f\u0131k ve derli toplu bir g\u00f6r\u00fcn\u00fcm sunuyor. Zarafeti g\u00fcnl\u00fck kullan\u0131mla birle\u015ftiren modern bir klasik.<\/p>","protected":false},"excerpt":{"rendered":"<p>Experience timeless elegance and a flawless fit with the BAE High Waist Solid Skirt. Expertly tailored with a\u00a0flattering high-rise waist, this skirt accentuates your silhouette while offering all-day comfort and effortless style. Its\u00a0clean, solid color\u00a0provides a versatile foundation for countless outfits. Crafted from a premium, medium-weight fabric with a subtle stretch, it drapes beautifully and [&hellip;]<\/p>","protected":false},"featured_media":31678,"comment_status":"open","ping_status":"closed","template":"","meta":{"_monsterinsights_skip_tracking":false,"_monsterinsights_sitenote_active":false,"_monsterinsights_sitenote_note":"","_monsterinsights_sitenote_category":0},"product_brand":[],"product_cat":[15,147],"product_tag":[],"class_list":{"0":"post-31677","1":"product","2":"type-product","3":"status-publish","4":"has-post-thumbnail","6":"product_cat-uncategorized","7":"product_cat-womens-bottom","9":"first","10":"instock","11":"shipping-taxable","12":"purchasable","13":"product-type-simple"},"aioseo_notices":[],"_links":{"self":[{"href":"https:\/\/xn--kbrsglobalstore-7kcc.com\/tr\/wp-json\/wp\/v2\/product\/31677","targetHints":{"allow":["GET"]}}],"collection":[{"href":"https:\/\/xn--kbrsglobalstore-7kcc.com\/tr\/wp-json\/wp\/v2\/product"}],"about":[{"href":"https:\/\/xn--kbrsglobalstore-7kcc.com\/tr\/wp-json\/wp\/v2\/types\/product"}],"replies":[{"embeddable":true,"href":"https:\/\/xn--kbrsglobalstore-7kcc.com\/tr\/wp-json\/wp\/v2\/comments?post=31677"}],"wp:featuredmedia":[{"embeddable":true,"href":"https:\/\/xn--kbrsglobalstore-7kcc.com\/tr\/wp-json\/wp\/v2\/media\/31678"}],"wp:attachment":[{"href":"https:\/\/xn--kbrsglobalstore-7kcc.com\/tr\/wp-json\/wp\/v2\/media?parent=31677"}],"wp:term":[{"taxonomy":"product_brand","embeddable":true,"href":"https:\/\/xn--kbrsglobalstore-7kcc.com\/tr\/wp-json\/wp\/v2\/product_brand?post=31677"},{"taxonomy":"product_cat","embeddable":true,"href":"https:\/\/xn--kbrsglobalstore-7kcc.com\/tr\/wp-json\/wp\/v2\/product_cat?post=31677"},{"taxonomy":"product_tag","embeddable":true,"href":"https:\/\/xn--kbrsglobalstore-7kcc.com\/tr\/wp-json\/wp\/v2\/product_tag?post=31677"}],"curies":[{"name":"wp","href":"https:\/\/api.w.org\/{rel}","templated":true}]}}