{"id":31662,"date":"2025-11-23T12:43:20","date_gmt":"2025-11-23T12:43:20","guid":{"rendered":"https:\/\/xn--kbrsglobalstore-7kcc.com\/?post_type=product&#038;p=31662"},"modified":"2025-12-15T10:58:33","modified_gmt":"2025-12-15T10:58:33","slug":"womens-commuting-elegant-100-cotton-comfortable-and-breathable-autumn-and-winter-spring-and-summer-wide-leg-commuting-trousersfall","status":"publish","type":"product","link":"https:\/\/xn--kbrsglobalstore-7kcc.com\/tr\/urun\/womens-commuting-elegant-100-cotton-comfortable-and-breathable-autumn-and-winter-spring-and-summer-wide-leg-commuting-trousersfall\/","title":{"rendered":"Kad\u0131nlar i\u00e7in \u015e\u0131k, 0 Pamuklu, Rahat ve Nefes Alabilen, Sonbahar, K\u0131\u015f, \u0130lkbahar ve Yaz Aylar\u0131nda Kullan\u0131labilen Geni\u015f Pa\u00e7al\u0131 \u0130\u015f Pantolonu, Sonbahar"},"content":{"rendered":"<p class=\"ds-markdown-paragraph translation-block\">Kad\u0131nlar i\u00e7in tasarlanm\u0131\u015f, \u015f\u0131k ve rahat geni\u015f pa\u00e7al\u0131 i\u015f pantolonu ile zarafet ve konforun m\u00fckemmel birle\u015fimini deneyimleyin. 0 yumu\u015fak, nefes alabilen pamuktan \u00f6zenle \u00fcretilen bu pantolon, g\u00fcn boyu rahatl\u0131k ve zarif geni\u015f pa\u00e7a sil\u00fceti sunarak, profesyonel veya g\u00fcndelik her ortam i\u00e7in sofistike ve ak\u0131c\u0131 bir g\u00f6r\u00fcn\u00fcm sa\u011flar.<\/p>\n<p class=\"ds-markdown-paragraph translation-block\">Y\u0131l boyunca \u00e7ok y\u00f6nl\u00fc kullan\u0131m i\u00e7in tasarlanan, hafif ancak sa\u011flam kuma\u015flar\u0131 sayesinde sonbahar, k\u0131\u015f, ilkbahar ve yaz i\u00e7in ideal olan bu pantolonlar, do\u011fru katmanlarla mevsimler aras\u0131nda sorunsuz bir ge\u00e7i\u015f sa\u011flar. Y\u00fcksek bel ve v\u00fccuda oturan kesim, ho\u015f bir g\u00f6r\u00fcn\u00fcm sa\u011flarken, rahat pa\u00e7a kesimi de hareket \u00f6zg\u00fcrl\u00fc\u011f\u00fcn\u00fc k\u0131s\u0131tlamaz.<\/p>\n<p class=\"ds-markdown-paragraph\">Modern i\u015fe gidip gelenler i\u00e7in m\u00fckemmel olan bu pantolonlar, \u015f\u0131kl\u0131\u011f\u0131 g\u00fcnl\u00fck kullan\u0131m kolayl\u0131\u011f\u0131yla birle\u015ftiriyor. Ofis i\u00e7in mokasenlerle veya \u015f\u0131k bir hafta sonu g\u00f6r\u00fcn\u00fcm\u00fc i\u00e7in spor ayakkab\u0131larla kombinleyin; bunlar gard\u0131robunuzun bekledi\u011fi temel, rahat ve zarif pantolonlar.<\/p>","protected":false},"excerpt":{"rendered":"<p>Experience the perfect union of elegance and comfort with the Women&#8217;s Commuting Elegant Wide-Leg Trousers. Expertly crafted from\u00a0100% soft, breathable cotton, these trousers offer all-day ease and a graceful\u00a0wide-leg silhouette\u00a0that drapes beautifully, providing a sophisticated, fluid look for any professional or casual setting. Designed for year-round versatility, their lightweight yet substantial fabric makes them ideal [&hellip;]<\/p>","protected":false},"featured_media":31663,"comment_status":"open","ping_status":"closed","template":"","meta":{"_monsterinsights_skip_tracking":false,"_monsterinsights_sitenote_active":false,"_monsterinsights_sitenote_note":"","_monsterinsights_sitenote_category":0},"product_brand":[],"product_cat":[15,147],"product_tag":[],"class_list":{"0":"post-31662","1":"product","2":"type-product","3":"status-publish","4":"has-post-thumbnail","6":"product_cat-uncategorized","7":"product_cat-womens-bottom","9":"first","10":"instock","11":"shipping-taxable","12":"purchasable","13":"product-type-simple"},"aioseo_notices":[],"_links":{"self":[{"href":"https:\/\/xn--kbrsglobalstore-7kcc.com\/tr\/wp-json\/wp\/v2\/product\/31662","targetHints":{"allow":["GET"]}}],"collection":[{"href":"https:\/\/xn--kbrsglobalstore-7kcc.com\/tr\/wp-json\/wp\/v2\/product"}],"about":[{"href":"https:\/\/xn--kbrsglobalstore-7kcc.com\/tr\/wp-json\/wp\/v2\/types\/product"}],"replies":[{"embeddable":true,"href":"https:\/\/xn--kbrsglobalstore-7kcc.com\/tr\/wp-json\/wp\/v2\/comments?post=31662"}],"wp:featuredmedia":[{"embeddable":true,"href":"https:\/\/xn--kbrsglobalstore-7kcc.com\/tr\/wp-json\/wp\/v2\/media\/31663"}],"wp:attachment":[{"href":"https:\/\/xn--kbrsglobalstore-7kcc.com\/tr\/wp-json\/wp\/v2\/media?parent=31662"}],"wp:term":[{"taxonomy":"product_brand","embeddable":true,"href":"https:\/\/xn--kbrsglobalstore-7kcc.com\/tr\/wp-json\/wp\/v2\/product_brand?post=31662"},{"taxonomy":"product_cat","embeddable":true,"href":"https:\/\/xn--kbrsglobalstore-7kcc.com\/tr\/wp-json\/wp\/v2\/product_cat?post=31662"},{"taxonomy":"product_tag","embeddable":true,"href":"https:\/\/xn--kbrsglobalstore-7kcc.com\/tr\/wp-json\/wp\/v2\/product_tag?post=31662"}],"curies":[{"name":"wp","href":"https:\/\/api.w.org\/{rel}","templated":true}]}}