{"id":31655,"date":"2025-11-23T12:31:41","date_gmt":"2025-11-23T12:31:41","guid":{"rendered":"https:\/\/xn--kbrsglobalstore-7kcc.com\/?post_type=product&#038;p=31655"},"modified":"2025-12-15T10:57:36","modified_gmt":"2025-12-15T10:57:36","slug":"casual-washed-retro-mid-waist-straight-leg-jeans","status":"publish","type":"product","link":"https:\/\/xn--kbrsglobalstore-7kcc.com\/tr\/urun\/casual-washed-retro-mid-waist-straight-leg-jeans\/","title":{"rendered":"G\u00fcnl\u00fck Kullan\u0131m \u0130\u00e7in Y\u0131kanm\u0131\u015f Retro Orta Bel D\u00fcz Pa\u00e7a Kot Pantolon"},"content":{"rendered":"<div class=\"ds-message _63c77b1\">\n<div class=\"ds-markdown\">\n<p class=\"ds-markdown-paragraph translation-block\">Bu g\u00fcnl\u00fck kullan\u0131ma uygun, y\u0131kanm\u0131\u015f retro kot pantolonlarla zamans\u0131z bir stile ad\u0131m at\u0131n. Klasik orta bel kesimi ve sade d\u00fcz pa\u00e7a sil\u00fcetiyle tasarlanan bu pantolonlar, vintage \u00e7ekicili\u011fi ve modern rahatl\u0131\u011f\u0131 bir araya getiren, herkese yak\u0131\u015fan bir \u015fekil sunuyor. Yumu\u015fak, y\u0131kanm\u0131\u015f denim kuma\u015f, ilk g\u00fcnden itibaren karakter ve rahatl\u0131k sa\u011flayan, kullan\u0131lm\u0131\u015f, retro bir g\u00f6r\u00fcn\u00fcme sahip.<\/p>\n<p class=\"ds-markdown-paragraph\">G\u00fcnl\u00fck kullan\u0131mda \u00e7ok y\u00f6nl\u00fcl\u00fck i\u00e7in tasarlanan bu kot pantolonlar, gard\u0131robunuzun olmazsa olmaz\u0131. Dayan\u0131kl\u0131 yap\u0131s\u0131 ve rahat ama \u015f\u0131k kesimi, sade ti\u015f\u00f6rtlerden \u015f\u0131k bluzlara kadar her \u015feyle m\u00fckemmel uyum sa\u011flamas\u0131n\u0131 sa\u011fl\u0131yor. \u0130ster rahat bir hafta sonu g\u00f6r\u00fcn\u00fcm\u00fc, ister \u015f\u0131k ve zahmetsiz bir kombin hedefleyin, bu kot pantolonlar konfor, stil ve kal\u0131c\u0131 kalitenin m\u00fckemmel bir kar\u0131\u015f\u0131m\u0131n\u0131 sunuyor.<\/p>\n<\/div>\n<\/div>\n<div class=\"ds-theme\"><\/div>\n<div class=\"ds-flex _0a3d93b\">\n<div class=\"ds-flex _965abe9\">\n<div class=\"db183363 ds-icon-button ds-icon-button--m ds-icon-button--sizing-container\" tabindex=\"0\" role=\"button\" aria-disabled=\"false\">\n<div class=\"ds-icon-button__hover-bg\"><\/div>\n<div class=\"ds-icon\"><\/div>\n<div class=\"ds-focus-ring\"><\/div>\n<\/div>\n<div class=\"db183363 ds-icon-button ds-icon-button--m ds-icon-button--sizing-container\" tabindex=\"0\" role=\"button\" aria-disabled=\"false\">\n<div class=\"ds-icon-button__hover-bg\"><\/div>\n<div class=\"ds-icon\"><\/div>\n<div class=\"ds-focus-ring\"><\/div>\n<\/div>\n<div class=\"db183363 ds-icon-button ds-icon-button--m ds-icon-button--sizing-container\" tabindex=\"0\" role=\"button\" aria-disabled=\"false\">\n<div class=\"ds-icon-button__hover-bg\"><\/div>\n<div class=\"ds-icon\"><\/div>\n<div class=\"ds-focus-ring\"><\/div>\n<\/div>\n<div class=\"db183363 ds-icon-button ds-icon-button--m ds-icon-button--sizing-container\" tabindex=\"0\" role=\"button\" aria-disabled=\"false\">\n<div class=\"ds-icon-button__hover-bg\"><\/div>\n<div class=\"ds-icon\"><\/div>\n<div class=\"ds-focus-ring\"><\/div>\n<\/div>\n<div class=\"db183363 ds-icon-button ds-icon-button--m ds-icon-button--sizing-container\" tabindex=\"0\" role=\"button\" aria-disabled=\"false\">\n<div class=\"ds-icon-button__hover-bg\"><\/div>\n<div class=\"ds-icon\"><\/div>\n<\/div>\n<\/div>\n<\/div>","protected":false},"excerpt":{"rendered":"<p>Step into timeless style with these Casual Washed Retro Jeans. Designed with a classic\u00a0mid-waist fit\u00a0and a clean\u00a0straight leg silhouette, they offer a universally flattering shape that bridges vintage appeal and modern comfort. The\u00a0soft, washed denim\u00a0features a lived-in, retro finish that ensures both character and ease from day one. Crafted for everyday versatility, these jeans are [&hellip;]<\/p>","protected":false},"featured_media":31656,"comment_status":"open","ping_status":"closed","template":"","meta":{"_monsterinsights_skip_tracking":false,"_monsterinsights_sitenote_active":false,"_monsterinsights_sitenote_note":"","_monsterinsights_sitenote_category":0},"product_brand":[],"product_cat":[15,147],"product_tag":[],"class_list":{"0":"post-31655","1":"product","2":"type-product","3":"status-publish","4":"has-post-thumbnail","6":"product_cat-uncategorized","7":"product_cat-womens-bottom","9":"first","10":"instock","11":"shipping-taxable","12":"purchasable","13":"product-type-simple"},"aioseo_notices":[],"_links":{"self":[{"href":"https:\/\/xn--kbrsglobalstore-7kcc.com\/tr\/wp-json\/wp\/v2\/product\/31655","targetHints":{"allow":["GET"]}}],"collection":[{"href":"https:\/\/xn--kbrsglobalstore-7kcc.com\/tr\/wp-json\/wp\/v2\/product"}],"about":[{"href":"https:\/\/xn--kbrsglobalstore-7kcc.com\/tr\/wp-json\/wp\/v2\/types\/product"}],"replies":[{"embeddable":true,"href":"https:\/\/xn--kbrsglobalstore-7kcc.com\/tr\/wp-json\/wp\/v2\/comments?post=31655"}],"wp:featuredmedia":[{"embeddable":true,"href":"https:\/\/xn--kbrsglobalstore-7kcc.com\/tr\/wp-json\/wp\/v2\/media\/31656"}],"wp:attachment":[{"href":"https:\/\/xn--kbrsglobalstore-7kcc.com\/tr\/wp-json\/wp\/v2\/media?parent=31655"}],"wp:term":[{"taxonomy":"product_brand","embeddable":true,"href":"https:\/\/xn--kbrsglobalstore-7kcc.com\/tr\/wp-json\/wp\/v2\/product_brand?post=31655"},{"taxonomy":"product_cat","embeddable":true,"href":"https:\/\/xn--kbrsglobalstore-7kcc.com\/tr\/wp-json\/wp\/v2\/product_cat?post=31655"},{"taxonomy":"product_tag","embeddable":true,"href":"https:\/\/xn--kbrsglobalstore-7kcc.com\/tr\/wp-json\/wp\/v2\/product_tag?post=31655"}],"curies":[{"name":"wp","href":"https:\/\/api.w.org\/{rel}","templated":true}]}}