{"id":31643,"date":"2025-11-23T12:27:51","date_gmt":"2025-11-23T12:27:51","guid":{"rendered":"https:\/\/xn--kbrsglobalstore-7kcc.com\/?post_type=product&#038;p=31643"},"modified":"2025-12-15T10:55:08","modified_gmt":"2025-12-15T10:55:08","slug":"coolane-womens-all-season-country-concert-going-out-beach-outfits-boho-basic-minimalist-washed-100cotton-sage-green-pants-curved-hem-pants","status":"publish","type":"product","link":"https:\/\/xn--kbrsglobalstore-7kcc.com\/tr\/urun\/coolane-womens-all-season-country-concert-going-out-beach-outfits-boho-basic-minimalist-washed-100cotton-sage-green-pants-curved-hem-pants\/","title":{"rendered":"Coolane Kad\u0131n T\u00fcm Mevsimler \u0130\u00e7in Country Konser D\u0131\u015far\u0131 \u00c7\u0131kma Plaj K\u0131yafetleri Boho Temel Minimalist Y\u0131kanm\u0131\u015f 0 Pamuk Ada\u00e7ay\u0131 Ye\u015fili Pantolon Kavisli Pa\u00e7a Pantolon"},"content":{"rendered":"<div class=\"ds-message _63c77b1\">\n<div class=\"ds-markdown\">\n<p class=\"ds-markdown-paragraph translation-block\">Coolane Kad\u0131n Ada\u00e7ay\u0131 Ye\u015fili Kavisli Pa\u00e7al\u0131 Pantolon ile zahmetsiz, t\u00fcm g\u00fcn \u015f\u0131kl\u0131\u011f\u0131 yakalay\u0131n. Yumu\u015fak, minimalist y\u0131kanm\u0131\u015f bir g\u00f6r\u00fcn\u00fcme sahip 0 pamuktan \u00fcretilen bu pantolon, nefes alabilen konfor ve rahat, kullan\u0131lm\u0131\u015f bir his sunarak hareketlerinize kusursuz bir \u015fekilde uyum sa\u011flar.<\/p>\n<p class=\"ds-markdown-paragraph translation-block\">\u00c7ok y\u00f6nl\u00fc ada\u00e7ay\u0131 ye\u015fili tonu ve \u015f\u0131k kavisli etek ucu tasar\u0131m\u0131yla, bohem cazibesi ve modern sadelik aras\u0131nda m\u00fckemmel bir denge kuruyorlar. Bol ve rahat kesimleri, onlar\u0131 bir country konser k\u0131yafeti, plaj \u00f6rt\u00fcs\u00fc veya \u015f\u0131k g\u00fcnl\u00fck g\u00f6r\u00fcn\u00fcm i\u00e7in ideal bir temel haline getiriyor.<\/p>\n<p class=\"ds-markdown-paragraph translation-block\">Y\u0131l boyunca giyilebilecek \u015fekilde tasarlanan bu pantolonlar, hem \u015f\u0131k hem de rahat kombinlerde kullan\u0131labilecek ger\u00e7ek bir bohem temel par\u00e7ad\u0131r. Yaz havas\u0131 i\u00e7in sandaletlerle, daha serin mevsimlerde ise bot ve ceketle kombinleyebilirsiniz. Minimalist gard\u0131robun olmazsa olmaz\u0131 olan bu pantolonlar, her yere rahatl\u0131kla giyilebilecek bir stil yaratmak i\u00e7in m\u00fckemmeldir.<\/p>\n<\/div>\n<\/div>\n<div class=\"ds-theme\"><\/div>\n<div class=\"ds-flex _0a3d93b\">\n<div class=\"ds-flex _965abe9 _54866f7\">\n<div class=\"db183363 ds-icon-button ds-icon-button--m ds-icon-button--sizing-container\" tabindex=\"0\" role=\"button\" aria-disabled=\"false\">\n<div class=\"ds-icon-button__hover-bg\"><\/div>\n<div class=\"ds-icon\"><\/div>\n<div class=\"ds-focus-ring\"><\/div>\n<\/div>\n<div class=\"db183363 ds-icon-button ds-icon-button--m ds-icon-button--sizing-container\" tabindex=\"0\" role=\"button\" aria-disabled=\"false\">\n<div class=\"ds-icon-button__hover-bg\"><\/div>\n<div class=\"ds-icon\"><\/div>\n<div class=\"ds-focus-ring\"><\/div>\n<\/div>\n<div class=\"db183363 ds-icon-button ds-icon-button--m ds-icon-button--sizing-container\" tabindex=\"0\" role=\"button\" aria-disabled=\"false\">\n<div class=\"ds-icon-button__hover-bg\"><\/div>\n<div class=\"ds-icon\"><\/div>\n<div class=\"ds-focus-ring\"><\/div>\n<\/div>\n<div class=\"db183363 ds-icon-button ds-icon-button--m ds-icon-button--sizing-container\" tabindex=\"0\" role=\"button\" aria-disabled=\"false\">\n<div class=\"ds-icon-button__hover-bg\"><\/div>\n<div class=\"ds-icon\"><\/div>\n<div class=\"ds-focus-ring\"><\/div>\n<\/div>\n<div class=\"db183363 ds-icon-button ds-icon-button--m ds-icon-button--sizing-container\" tabindex=\"0\" role=\"button\" aria-disabled=\"false\">\n<div class=\"ds-icon-button__hover-bg\"><\/div>\n<div class=\"ds-icon\"><\/div>\n<\/div>\n<\/div>\n<\/div>","protected":false},"excerpt":{"rendered":"<p>Embrace effortless, all-day elegance with the Coolane Women&#8217;s Sage Green Curved Hem Pants. Crafted from\u00a0100% cotton\u00a0in a soft,\u00a0minimalist washed finish, these pants offer breathable comfort and a relaxed, lived-in feel that moves seamlessly with you. Featuring a\u00a0versatile sage green hue\u00a0and a stylish\u00a0curved hem design, they strike the perfect balance between boho charm and modern simplicity. [&hellip;]<\/p>","protected":false},"featured_media":31645,"comment_status":"open","ping_status":"closed","template":"","meta":{"_monsterinsights_skip_tracking":false,"_monsterinsights_sitenote_active":false,"_monsterinsights_sitenote_note":"","_monsterinsights_sitenote_category":0},"product_brand":[],"product_cat":[15,147],"product_tag":[],"class_list":{"0":"post-31643","1":"product","2":"type-product","3":"status-publish","4":"has-post-thumbnail","6":"product_cat-uncategorized","7":"product_cat-womens-bottom","9":"first","10":"instock","11":"shipping-taxable","12":"purchasable","13":"product-type-simple"},"aioseo_notices":[],"_links":{"self":[{"href":"https:\/\/xn--kbrsglobalstore-7kcc.com\/tr\/wp-json\/wp\/v2\/product\/31643","targetHints":{"allow":["GET"]}}],"collection":[{"href":"https:\/\/xn--kbrsglobalstore-7kcc.com\/tr\/wp-json\/wp\/v2\/product"}],"about":[{"href":"https:\/\/xn--kbrsglobalstore-7kcc.com\/tr\/wp-json\/wp\/v2\/types\/product"}],"replies":[{"embeddable":true,"href":"https:\/\/xn--kbrsglobalstore-7kcc.com\/tr\/wp-json\/wp\/v2\/comments?post=31643"}],"wp:featuredmedia":[{"embeddable":true,"href":"https:\/\/xn--kbrsglobalstore-7kcc.com\/tr\/wp-json\/wp\/v2\/media\/31645"}],"wp:attachment":[{"href":"https:\/\/xn--kbrsglobalstore-7kcc.com\/tr\/wp-json\/wp\/v2\/media?parent=31643"}],"wp:term":[{"taxonomy":"product_brand","embeddable":true,"href":"https:\/\/xn--kbrsglobalstore-7kcc.com\/tr\/wp-json\/wp\/v2\/product_brand?post=31643"},{"taxonomy":"product_cat","embeddable":true,"href":"https:\/\/xn--kbrsglobalstore-7kcc.com\/tr\/wp-json\/wp\/v2\/product_cat?post=31643"},{"taxonomy":"product_tag","embeddable":true,"href":"https:\/\/xn--kbrsglobalstore-7kcc.com\/tr\/wp-json\/wp\/v2\/product_tag?post=31643"}],"curies":[{"name":"wp","href":"https:\/\/api.w.org\/{rel}","templated":true}]}}