{"id":31596,"date":"2025-11-23T00:13:07","date_gmt":"2025-11-23T00:13:07","guid":{"rendered":"https:\/\/xn--kbrsglobalstore-7kcc.com\/?post_type=product&#038;p=31596"},"modified":"2025-12-14T23:54:05","modified_gmt":"2025-12-14T23:54:05","slug":"glamine-choker-neck-cold-shoulder-draped-front-ruched-top-fall-women-clothes-back-to-school-halloween-christmas","status":"publish","type":"product","link":"https:\/\/xn--kbrsglobalstore-7kcc.com\/tr\/urun\/glamine-choker-neck-cold-shoulder-draped-front-ruched-top-fall-women-clothes-back-to-school-halloween-christmas\/","title":{"rendered":"Glamine Choker Yaka, A\u00e7\u0131k Omuzlu, \u00d6n\u00fc D\u00f6k\u00fcml\u00fc, B\u00fczg\u00fcl\u00fc Bluz, Sonbahar Kad\u0131n Giyim, Okula D\u00f6n\u00fc\u015f, Cad\u0131lar Bayram\u0131, Noel"},"content":{"rendered":"<div class=\"dad65929\">\n<div class=\"_4f9bf79 d7dc56a8 _43c05b5\">\n<div class=\"ds-message _63c77b1\">\n<div class=\"ds-markdown\">\n<p class=\"ds-markdown-paragraph\"><strong>Gece D\u0131\u015far\u0131 \u00c7\u0131karken G\u00f6z Kama\u015ft\u0131r\u0131c\u0131 Zarafeti Ortaya \u00c7\u0131kar\u0131n<\/strong><\/p>\n<p class=\"ds-markdown-paragraph\">Modern tasar\u0131m\u0131n zamans\u0131z \u00e7ekicilikle bulu\u015ftu\u011fu Glamine Choker Neck Top ile t\u00fcm dikkatleri \u00fczerinize \u00e7ekin. Bu bordo ask\u0131l\u0131 bluz, dekolteyi zarif bir \u015fekilde \u00e7er\u00e7eveleyen entegre bir choker yakas\u0131, cesur bir omuz dekoltesi ve s\u0131rt\u0131 a\u00e7\u0131k tasar\u0131m\u0131yla iddial\u0131 bir g\u00f6r\u00fcn\u00fcm sunmak \u00fczere tasarland\u0131. Zarif b\u00fczg\u00fcler ve ince bir y\u0131rtma\u00e7 detay\u0131yla zenginle\u015ftirilmi\u015f, ustaca drapelenmi\u015f \u00f6n k\u0131s\u0131m, b\u00fcy\u00fcleyici bir doku ve sil\u00fcet oyunu yarat\u0131rken, zahmetsizce akan, v\u00fccuda oturan bir kesim sunuyor.<\/p>\n<p class=\"ds-markdown-paragraph\">L\u00fcks, yar\u0131 saydam dokuma kuma\u015ftan \u00fcretilen bu \u00fcst, zarafeti bir tutam \u015fehvetle birle\u015ftirerek, \u015f\u0131k bir gece d\u0131\u015far\u0131 \u00e7\u0131k\u0131\u015f\u0131 veya \u015fenlikli kutlamalar i\u00e7in m\u00fckemmel bir se\u00e7imdir. Esnemeyen polyester kuma\u015f, karma\u015f\u0131k d\u00f6k\u00fcml\u00fcl\u00fc\u011f\u00fcn ve yap\u0131n\u0131n ak\u015fam boyunca \u015feklini korumas\u0131n\u0131 sa\u011flar. \u0130ster Cad\u0131lar Bayram\u0131 partisi, ister Noel bulu\u015fmas\u0131, isterse de \u00e7arp\u0131c\u0131 bir giri\u015f yapmak olsun, bu \u00fcst, unutulmaz ve zarif bir g\u00f6r\u00fcn\u00fcm i\u00e7in en ideal tercihiniz olacakt\u0131r.<\/p>\n<p class=\"ds-markdown-paragraph\"><strong>Temel \u00d6zellikler<\/strong><\/p>\n<ul>\n<li>\n<p class=\"ds-markdown-paragraph translation-block\"><strong>Etkileyici ve B\u00fcy\u00fcleyici Tasar\u0131m:<\/strong> Dahili bo\u011fazl\u0131 yaka, a\u00e7\u0131k omuz ve \u00f6n k\u0131sm\u0131nda drapeli ve b\u00fczg\u00fcl\u00fc detaylara sahip b\u00fcy\u00fcleyici s\u0131rt\u0131 a\u00e7\u0131k bir tasar\u0131ma sahiptir.<\/p>\n<\/li>\n<li>\n<p class=\"ds-markdown-paragraph translation-block\"><strong>Zarif Sil\u00fcet:<\/strong> Sanatsal d\u00f6k\u00fcml\u00fcl\u00fck ve ince bir y\u0131rtma\u00e7la normal kesim, sofistike ve v\u00fccuda yak\u0131\u015fan bir \u015fekil yarat\u0131r.<\/p>\n<\/li>\n<li>\n<p class=\"ds-markdown-paragraph translation-block\"><strong>L\u00fcks Kuma\u015f:<\/strong> \u015e\u0131k, dokulu ve g\u00fczel d\u00f6k\u00fcml\u00fc bir his sunan, yar\u0131 saydam 0 polyester dokuma kuma\u015ftan \u00fcretilmi\u015ftir.<\/p>\n<\/li>\n<li>\n<p class=\"ds-markdown-paragraph translation-block\"><strong>\u00c7ok Y\u00f6nl\u00fc ve \u015e\u0131k Bir Par\u00e7a:<\/strong> Gece d\u0131\u015far\u0131 \u00e7\u0131kmalar, Cad\u0131lar Bayram\u0131 ve Noel gibi \u00f6zel g\u00fcnler ve dramatik bir zarafet dokunu\u015fu gerektiren her t\u00fcrl\u00fc etkinlik i\u00e7in m\u00fckemmeldir.<\/p>\n<\/li>\n<li>\n<p class=\"ds-markdown-paragraph translation-block\"><strong>Kolay Bak\u0131m:<\/strong> Basit makine y\u0131kama veya profesyonel kuru temizleme ile karma\u015f\u0131k tasar\u0131m\u0131n\u0131 ve zengin bordo rengini korur.<\/p>\n<\/li>\n<\/ul>\n<\/div>\n<\/div>\n<div class=\"ds-theme\"><\/div>\n<div class=\"ds-flex _0a3d93b\">\n<div class=\"ds-flex _965abe9 _54866f7\">\n<div class=\"ds-icon-button db183363\" tabindex=\"-1\" role=\"button\" aria-disabled=\"false\">\n<div class=\"ds-icon-button__hover-bg\"><\/div>\n<div class=\"ds-icon\"><\/div>\n<\/div>\n<div class=\"ds-icon-button db183363\" tabindex=\"-1\" role=\"button\" aria-disabled=\"false\">\n<div class=\"ds-icon-button__hover-bg\"><\/div>\n<div class=\"ds-icon\"><\/div>\n<\/div>\n<div class=\"ds-icon-button db183363\" tabindex=\"-1\" role=\"button\" aria-disabled=\"false\">\n<div class=\"ds-icon-button__hover-bg\"><\/div>\n<div class=\"ds-icon\"><\/div>\n<\/div>\n<div class=\"ds-icon-button db183363\" tabindex=\"-1\" role=\"button\" aria-disabled=\"false\">\n<div class=\"ds-icon-button__hover-bg\"><\/div>\n<div class=\"ds-icon\"><\/div>\n<\/div>\n<div class=\"ds-icon-button db183363\" tabindex=\"-1\" role=\"button\" aria-disabled=\"false\">\n<div class=\"ds-icon-button__hover-bg\"><\/div>\n<div class=\"ds-icon\"><\/div>\n<\/div>\n<\/div>\n<div><\/div>\n<\/div>\n<\/div>\n<\/div>\n<div class=\"_871cbca\"><\/div>","protected":false},"excerpt":{"rendered":"<p>Unveil Dramatic Elegance for a Night Out Command attention with the Glamine Choker Neck Top, a piece where modern design meets timeless allure. This burgundy camisole is crafted to make a statement, featuring an integrated choker neckline that elegantly frames the d\u00e9colletage, paired with a daring cold shoulder and backless design. The artfully draped front, [&hellip;]<\/p>","protected":false},"featured_media":31597,"comment_status":"open","ping_status":"closed","template":"","meta":{"_monsterinsights_skip_tracking":false,"_monsterinsights_sitenote_active":false,"_monsterinsights_sitenote_note":"","_monsterinsights_sitenote_category":0},"product_brand":[],"product_cat":[15,148],"product_tag":[],"class_list":{"0":"post-31596","1":"product","2":"type-product","3":"status-publish","4":"has-post-thumbnail","6":"product_cat-uncategorized","7":"product_cat-womens-top","9":"first","10":"instock","11":"shipping-taxable","12":"purchasable","13":"product-type-simple"},"aioseo_notices":[],"_links":{"self":[{"href":"https:\/\/xn--kbrsglobalstore-7kcc.com\/tr\/wp-json\/wp\/v2\/product\/31596","targetHints":{"allow":["GET"]}}],"collection":[{"href":"https:\/\/xn--kbrsglobalstore-7kcc.com\/tr\/wp-json\/wp\/v2\/product"}],"about":[{"href":"https:\/\/xn--kbrsglobalstore-7kcc.com\/tr\/wp-json\/wp\/v2\/types\/product"}],"replies":[{"embeddable":true,"href":"https:\/\/xn--kbrsglobalstore-7kcc.com\/tr\/wp-json\/wp\/v2\/comments?post=31596"}],"wp:featuredmedia":[{"embeddable":true,"href":"https:\/\/xn--kbrsglobalstore-7kcc.com\/tr\/wp-json\/wp\/v2\/media\/31597"}],"wp:attachment":[{"href":"https:\/\/xn--kbrsglobalstore-7kcc.com\/tr\/wp-json\/wp\/v2\/media?parent=31596"}],"wp:term":[{"taxonomy":"product_brand","embeddable":true,"href":"https:\/\/xn--kbrsglobalstore-7kcc.com\/tr\/wp-json\/wp\/v2\/product_brand?post=31596"},{"taxonomy":"product_cat","embeddable":true,"href":"https:\/\/xn--kbrsglobalstore-7kcc.com\/tr\/wp-json\/wp\/v2\/product_cat?post=31596"},{"taxonomy":"product_tag","embeddable":true,"href":"https:\/\/xn--kbrsglobalstore-7kcc.com\/tr\/wp-json\/wp\/v2\/product_tag?post=31596"}],"curies":[{"name":"wp","href":"https:\/\/api.w.org\/{rel}","templated":true}]}}