{"id":31576,"date":"2025-11-22T23:58:42","date_gmt":"2025-11-22T23:58:42","guid":{"rendered":"https:\/\/xn--kbrsglobalstore-7kcc.com\/?post_type=product&#038;p=31576"},"modified":"2025-12-14T23:54:05","modified_gmt":"2025-12-14T23:54:05","slug":"gloweve-womens-shiny-woven-fabric-sleeveless-gathered-waist-fitted-casual-camisole-suitable-for-spring-autumn-and-winter","status":"publish","type":"product","link":"https:\/\/xn--kbrsglobalstore-7kcc.com\/tr\/urun\/gloweve-womens-shiny-woven-fabric-sleeveless-gathered-waist-fitted-casual-camisole-suitable-for-spring-autumn-and-winter\/","title":{"rendered":"GlowEve Kad\u0131n Parlak Dokuma Kuma\u015f Kolsuz B\u00fczg\u00fcl\u00fc Bel V\u00fccuda Oturan G\u00fcnl\u00fck Ask\u0131l\u0131 Bluz, \u0130lkbahar, Sonbahar ve K\u0131\u015f \u0130\u00e7in Uygundur"},"content":{"rendered":"<div class=\"dad65929\">\n<div class=\"_4f9bf79 d7dc56a8 _43c05b5\">\n<div class=\"ds-message _63c77b1\">\n<div class=\"ds-markdown\">\n<p class=\"ds-markdown-paragraph\"><strong>Zahmetsizce \u015e\u0131kl\u0131k ve I\u015f\u0131lt\u0131 Kat\u0131n<\/strong><\/p>\n<p class=\"ds-markdown-paragraph\">GlowEve Kad\u0131n Kolsuz Atlet ile tan\u0131\u015f\u0131n; g\u00fcnl\u00fck gard\u0131robunuza yumu\u015fak, \u0131\u015f\u0131lt\u0131l\u0131 bir par\u0131lt\u0131 katmak i\u00e7in tasarlanm\u0131\u015f \u00e7ok y\u00f6nl\u00fc bir par\u00e7a. Narin, parlak dokuma kuma\u015ftan \u00fcretilen bu kay\u0131s\u0131 rengi \u00fcst, zarif bir ince kesime ve sil\u00fcetinizi ince bir zarafetle vurgulayan g\u00fczelce b\u00fcz\u00fclm\u00fc\u015f bir bele sahiptir. \u0130nce ask\u0131lar\u0131 ve zarif omuz dekoltesi, hem g\u00fcnl\u00fck geziler hem de \u00f6zel g\u00fcnler i\u00e7in m\u00fckemmel olan modern, feminen bir g\u00f6r\u00fcn\u00fcm yarat\u0131r.<\/p>\n<p class=\"ds-markdown-paragraph\">So\u011fuk aylarda katmanl\u0131 giyim i\u00e7in veya ge\u00e7i\u015f mevsimlerinde tek ba\u015f\u0131na giymek i\u00e7in ideal olan bu ask\u0131l\u0131 bluz, y\u0131l boyunca \u00e7ok y\u00f6nl\u00fcl\u00fck sunar. Hafif esnekli\u011fi g\u00fcn boyu konfor sa\u011flarken, yumu\u015fak \u0131\u015f\u0131lt\u0131s\u0131 ve sade tasar\u0131m\u0131 onu hem \u015f\u0131k hem de g\u00fcnl\u00fck kombinler i\u00e7in kolay hale getirir. \u0130ster bir Cad\u0131lar Bayram\u0131 partisine, ister g\u00fcndelik bir bulu\u015fmaya gidiyor olun, ister g\u00fcnl\u00fck kombinlerinize zarif bir dokunu\u015f katmak isteyin, bu bluz ilkbahar, sonbahar ve k\u0131\u015f boyunca zahmetsizce \u015f\u0131k k\u0131yafetler yaratmak i\u00e7in m\u00fckemmel bir temel olu\u015fturur.<\/p>\n<p class=\"ds-markdown-paragraph\"><strong>Temel \u00d6zellikler<\/strong><\/p>\n<ul>\n<li>\n<p class=\"ds-markdown-paragraph translation-block\"><strong>Zarif Tasar\u0131m:<\/strong> \u0130nce ask\u0131lar\u0131, omuz dekoltesi ve kad\u0131ns\u0131 bir sil\u00fcet i\u00e7in beli vurgulayan, v\u00fccuda oturan bir kesime sahiptir.<\/p>\n<\/li>\n<li>\n<p class=\"ds-markdown-paragraph translation-block\"><strong>\u00dcst\u00fcn Kalite Kuma\u015f:<\/strong>\u00a0Rahat hareket i\u00e7in hafif esneme \u00f6zelli\u011fine sahip parlak dokuma kuma\u015ftan ( Polyester, %2 Elastan) \u00fcretilmi\u015ftir.<\/p>\n<\/li>\n<li>\n<p class=\"ds-markdown-paragraph translation-block\"><strong>\u00c7ok Y\u00f6nl\u00fc Mevsimlik Giyim:<\/strong> \u0130lkbahar, sonbahar ve k\u0131\u015f aylar\u0131nda katmanl\u0131 giyim i\u00e7in m\u00fckemmel, hem g\u00fcnl\u00fck kullan\u0131m hem de parti etkinlikleri i\u00e7in uygun.<\/p>\n<\/li>\n<li>\n<p class=\"ds-markdown-paragraph translation-block\"><strong>Zarif Renk:<\/strong>\u00a0Hafif \u0131\u015f\u0131lt\u0131l\u0131 yumu\u015fak kay\u0131s\u0131 tonu, her k\u0131yafete \u015f\u0131kl\u0131k kat\u0131yor.<\/p>\n<\/li>\n<li>\n<p class=\"ds-markdown-paragraph translation-block\"><strong>Kolay Bak\u0131m:<\/strong> Basit makine y\u0131kama veya profesyonel kuru temizleme ile g\u00fczel g\u00f6r\u00fcn\u00fcm\u00fcn\u00fc korur.<\/p>\n<\/li>\n<\/ul>\n<\/div>\n<\/div>\n<div class=\"ds-theme\"><\/div>\n<div class=\"ds-flex _0a3d93b\">\n<div class=\"ds-flex _965abe9 _54866f7\">\n<div class=\"ds-icon-button db183363\" tabindex=\"-1\" role=\"button\" aria-disabled=\"false\">\n<div class=\"ds-icon-button__hover-bg\"><\/div>\n<div class=\"ds-icon\"><\/div>\n<\/div>\n<div class=\"ds-icon-button db183363\" tabindex=\"-1\" role=\"button\" aria-disabled=\"false\">\n<div class=\"ds-icon-button__hover-bg\"><\/div>\n<div class=\"ds-icon\"><\/div>\n<\/div>\n<div class=\"ds-icon-button db183363\" tabindex=\"-1\" role=\"button\" aria-disabled=\"false\">\n<div class=\"ds-icon-button__hover-bg\"><\/div>\n<div class=\"ds-icon\"><\/div>\n<\/div>\n<div class=\"ds-icon-button db183363\" tabindex=\"-1\" role=\"button\" aria-disabled=\"false\">\n<div class=\"ds-icon-button__hover-bg\"><\/div>\n<div class=\"ds-icon\"><\/div>\n<\/div>\n<div class=\"ds-icon-button db183363\" tabindex=\"-1\" role=\"button\" aria-disabled=\"false\">\n<div class=\"ds-icon-button__hover-bg\"><\/div>\n<div class=\"ds-icon\"><\/div>\n<\/div>\n<\/div>\n<div><\/div>\n<\/div>\n<\/div>\n<\/div>\n<div class=\"_871cbca\"><\/div>","protected":false},"excerpt":{"rendered":"<p>Radiate Effortless Elegance with a Touch of Shimmer Introducing the GlowEve Women&#8217;s Sleeveless Camisole, a versatile piece designed to bring a soft, luminous glow to your everyday wardrobe. Crafted from a delicate shiny woven fabric, this apricot-hued top features a flattering slim fit and a beautifully gathered waist that accentuates your silhouette with understated grace. [&hellip;]<\/p>","protected":false},"featured_media":31577,"comment_status":"open","ping_status":"closed","template":"","meta":{"_monsterinsights_skip_tracking":false,"_monsterinsights_sitenote_active":false,"_monsterinsights_sitenote_note":"","_monsterinsights_sitenote_category":0},"product_brand":[],"product_cat":[15,148],"product_tag":[],"class_list":{"0":"post-31576","1":"product","2":"type-product","3":"status-publish","4":"has-post-thumbnail","6":"product_cat-uncategorized","7":"product_cat-womens-top","9":"first","10":"instock","11":"shipping-taxable","12":"purchasable","13":"product-type-simple"},"aioseo_notices":[],"_links":{"self":[{"href":"https:\/\/xn--kbrsglobalstore-7kcc.com\/tr\/wp-json\/wp\/v2\/product\/31576","targetHints":{"allow":["GET"]}}],"collection":[{"href":"https:\/\/xn--kbrsglobalstore-7kcc.com\/tr\/wp-json\/wp\/v2\/product"}],"about":[{"href":"https:\/\/xn--kbrsglobalstore-7kcc.com\/tr\/wp-json\/wp\/v2\/types\/product"}],"replies":[{"embeddable":true,"href":"https:\/\/xn--kbrsglobalstore-7kcc.com\/tr\/wp-json\/wp\/v2\/comments?post=31576"}],"wp:featuredmedia":[{"embeddable":true,"href":"https:\/\/xn--kbrsglobalstore-7kcc.com\/tr\/wp-json\/wp\/v2\/media\/31577"}],"wp:attachment":[{"href":"https:\/\/xn--kbrsglobalstore-7kcc.com\/tr\/wp-json\/wp\/v2\/media?parent=31576"}],"wp:term":[{"taxonomy":"product_brand","embeddable":true,"href":"https:\/\/xn--kbrsglobalstore-7kcc.com\/tr\/wp-json\/wp\/v2\/product_brand?post=31576"},{"taxonomy":"product_cat","embeddable":true,"href":"https:\/\/xn--kbrsglobalstore-7kcc.com\/tr\/wp-json\/wp\/v2\/product_cat?post=31576"},{"taxonomy":"product_tag","embeddable":true,"href":"https:\/\/xn--kbrsglobalstore-7kcc.com\/tr\/wp-json\/wp\/v2\/product_tag?post=31576"}],"curies":[{"name":"wp","href":"https:\/\/api.w.org\/{rel}","templated":true}]}}