{"id":31557,"date":"2025-11-22T23:44:23","date_gmt":"2025-11-22T23:44:23","guid":{"rendered":"https:\/\/xn--kbrsglobalstore-7kcc.com\/?post_type=product&#038;p=31557"},"modified":"2025-12-14T23:54:06","modified_gmt":"2025-12-14T23:54:06","slug":"mulvari-tie-neck-puff-sleeve-blouseshort-sleeve-top","status":"publish","type":"product","link":"https:\/\/xn--kbrsglobalstore-7kcc.com\/tr\/urun\/mulvari-tie-neck-puff-sleeve-blouseshort-sleeve-top\/","title":{"rendered":"Mulvari Ba\u011fc\u0131kl\u0131 Yakal\u0131 Kabar\u0131k Kollu Bluz, K\u0131sa Kollu \u00dcst"},"content":{"rendered":"<p class=\"ds-markdown-paragraph\"><strong>Canl\u0131 bir renk dokunu\u015fuyla modern zarafeti yans\u0131t\u0131n.<\/strong><\/p>\n<p class=\"ds-markdown-paragraph\">Gard\u0131robunuzu taze ve \u00e7a\u011fda\u015f cazibesiyle zenginle\u015ftirmek i\u00e7in tasarlanm\u0131\u015f, g\u00f6z al\u0131c\u0131 bir par\u00e7a olan Mulvari Ba\u011fc\u0131kl\u0131 Yakal\u0131 Kabar\u0131k Kollu Bluz ile tan\u0131\u015f\u0131n. Bu zarif bluz, romantik bir incelik katan narin ba\u011fc\u0131kl\u0131 yakas\u0131 ve ne\u015feli, g\u00f6z al\u0131c\u0131 kabar\u0131k kollar\u0131yla m\u00fckemmel bir denge olu\u015fturuyor. Canl\u0131 limon ye\u015fili tonu, her k\u0131yafete enerji kat\u0131yor ve hem g\u00fcnd\u00fcz \u015f\u0131kl\u0131\u011f\u0131 hem de ak\u015fam cazibesi i\u00e7in \u00f6ne \u00e7\u0131kan bir par\u00e7a haline getiriyor.<\/p>\n<p class=\"ds-markdown-paragraph\">Hafif esnek, y\u00fcksek kaliteli polyester kuma\u015ftan \u00fcretilen bu bluz, v\u00fccudu zarif\u00e7e saran rahat bir normal kesime sahiptir. Zarif f\u0131rf\u0131r detaylar\u0131 ve sade, minimalist tasar\u0131m\u0131, \u015f\u0131k bir ofis g\u00f6r\u00fcn\u00fcm\u00fc i\u00e7in \u00f6zel dikim pantolonlardan, \u015f\u0131k bir g\u00fcnl\u00fck kombin i\u00e7in en sevdi\u011finiz kot pantolonlara kadar her \u015feyle zahmetsizce uyum sa\u011flayan \u00e7ok y\u00f6nl\u00fc bir \u00fcst giyim par\u00e7as\u0131 yarat\u0131r. \u0130ster bir brunch randevusuna, ister \u00f6zel bir etkinli\u011fe gidiyor olun, ister g\u00fcnl\u00fck kombinlerinize dikkat \u00e7ekici bir par\u00e7a eklemek isteyin, bu bluz zahmetsiz bir stil ve inkar edilemez bir \u00e7ekicilik sunar.<\/p>\n<p class=\"ds-markdown-paragraph\"><strong>Temel \u00d6zellikler<\/strong><\/p>\n<ul>\n<li>\n<p class=\"ds-markdown-paragraph translation-block\"><strong>Zarif Tasar\u0131m:<\/strong> Romantizm ve modern tarz\u0131n m\u00fckemmel bir kar\u0131\u015f\u0131m\u0131 i\u00e7in zarif ba\u011fc\u0131kl\u0131 yaka ve modaya uygun kabar\u0131k kollara sahiptir.<\/p>\n<\/li>\n<li>\n<p class=\"ds-markdown-paragraph translation-block\"><strong>Canl\u0131 Renk:<\/strong>\u00a0G\u00fczel limon ye\u015fili tonu, her gard\u0131roba taze ve modaya uygun bir hava kat\u0131yor.<\/p>\n<\/li>\n<li>\n<p class=\"ds-markdown-paragraph translation-block\"><strong>\u00dcst\u00fcn Konfor:<\/strong> 0 polyesterden \u00fcretilmi\u015ftir, hafif esnekli\u011fi sayesinde kolay hareket imkan\u0131 ve t\u00fcm g\u00fcn giyilebilirlik sa\u011flar.<\/p>\n<\/li>\n<li>\n<p class=\"ds-markdown-paragraph translation-block\">\u00c7ok Y\u00f6nl\u00fc Stil: Hem g\u00fcnl\u00fck hem de \u015f\u0131k etkinlikler i\u00e7in m\u00fckemmel, \u00e7e\u015fitli alt giyimlerle kolayca kombinlenebilir.<\/p>\n<\/li>\n<li>\n<p class=\"ds-markdown-paragraph translation-block\"><strong>Kolay Bak\u0131m:<\/strong> Basit makine y\u0131kama veya profesyonel kuru temizleme ile g\u00fczel \u015feklini ve rengini korur.<\/p>\n<\/li>\n<\/ul>","protected":false},"excerpt":{"rendered":"<p>Radiate Modern Elegance with a Pop of Color Introducing the Mulvari Tie Neck Puff Sleeve Blouse, a stunning piece designed to elevate your wardrobe with its fresh, contemporary charm. This exquisite top features a delicate tie neck that adds a touch of romantic sophistication, beautifully balanced with playful, eye-catching puff sleeves. The vibrant lime green [&hellip;]<\/p>","protected":false},"featured_media":31558,"comment_status":"open","ping_status":"closed","template":"","meta":{"_monsterinsights_skip_tracking":false,"_monsterinsights_sitenote_active":false,"_monsterinsights_sitenote_note":"","_monsterinsights_sitenote_category":0},"product_brand":[],"product_cat":[15,148],"product_tag":[],"class_list":{"0":"post-31557","1":"product","2":"type-product","3":"status-publish","4":"has-post-thumbnail","6":"product_cat-uncategorized","7":"product_cat-womens-top","9":"first","10":"instock","11":"shipping-taxable","12":"purchasable","13":"product-type-simple"},"aioseo_notices":[],"_links":{"self":[{"href":"https:\/\/xn--kbrsglobalstore-7kcc.com\/tr\/wp-json\/wp\/v2\/product\/31557","targetHints":{"allow":["GET"]}}],"collection":[{"href":"https:\/\/xn--kbrsglobalstore-7kcc.com\/tr\/wp-json\/wp\/v2\/product"}],"about":[{"href":"https:\/\/xn--kbrsglobalstore-7kcc.com\/tr\/wp-json\/wp\/v2\/types\/product"}],"replies":[{"embeddable":true,"href":"https:\/\/xn--kbrsglobalstore-7kcc.com\/tr\/wp-json\/wp\/v2\/comments?post=31557"}],"wp:featuredmedia":[{"embeddable":true,"href":"https:\/\/xn--kbrsglobalstore-7kcc.com\/tr\/wp-json\/wp\/v2\/media\/31558"}],"wp:attachment":[{"href":"https:\/\/xn--kbrsglobalstore-7kcc.com\/tr\/wp-json\/wp\/v2\/media?parent=31557"}],"wp:term":[{"taxonomy":"product_brand","embeddable":true,"href":"https:\/\/xn--kbrsglobalstore-7kcc.com\/tr\/wp-json\/wp\/v2\/product_brand?post=31557"},{"taxonomy":"product_cat","embeddable":true,"href":"https:\/\/xn--kbrsglobalstore-7kcc.com\/tr\/wp-json\/wp\/v2\/product_cat?post=31557"},{"taxonomy":"product_tag","embeddable":true,"href":"https:\/\/xn--kbrsglobalstore-7kcc.com\/tr\/wp-json\/wp\/v2\/product_tag?post=31557"}],"curies":[{"name":"wp","href":"https:\/\/api.w.org\/{rel}","templated":true}]}}