{"id":31549,"date":"2025-11-22T23:41:10","date_gmt":"2025-11-22T23:41:10","guid":{"rendered":"https:\/\/xn--kbrsglobalstore-7kcc.com\/?post_type=product&#038;p=31549"},"modified":"2025-12-14T23:54:06","modified_gmt":"2025-12-14T23:54:06","slug":"zielony-women-french-romantic-lace-bowknot-sexy-top","status":"publish","type":"product","link":"https:\/\/xn--kbrsglobalstore-7kcc.com\/tr\/urun\/zielony-women-french-romantic-lace-bowknot-sexy-top\/","title":{"rendered":"Zielony Kad\u0131n Frans\u0131z Romantik Dantel Fiyonklu Seksi Bluz"},"content":{"rendered":"<div class=\"dad65929\">\n<div class=\"_4f9bf79 d7dc56a8 _43c05b5\">\n<div class=\"ds-message _63c77b1\">\n<div class=\"ds-markdown\">\n<p class=\"ds-markdown-paragraph\"><strong>Frans\u0131z Romantizminin Cazibesini Ke\u015ffedin<\/strong><\/p>\n<p class=\"ds-markdown-paragraph\">Zarif tasar\u0131m\u0131 ve duyusal \u015f\u0131kl\u0131\u011f\u0131yla g\u00f6z kama\u015ft\u0131ran Zielony Kad\u0131n Dantel Bluz ile Paris cazibesinin \u00f6z\u00fcn\u00fc kucaklay\u0131n. Bu enfes bluz, ho\u015f bir kalp yaka ve zarif k\u0131sa kollara sahip olup, zamans\u0131z bir romantizm dokunu\u015fu katan \u015f\u0131k bir fiyonk detay\u0131yla s\u00fcslenmi\u015ftir. Yar\u0131 saydam \u00e7i\u00e7ekli dantelden \u00fcretilmi\u015f ve p\u00fcr\u00fczs\u00fcz, tamamen astarl\u0131 i\u00e7 k\u0131sm\u0131 ile \u00e7ekicilik ve sofistike bir denge sunarak hem g\u00fcne\u015fli plajlarda \u00fcst giyim hem de b\u00fcy\u00fcleyici gece d\u0131\u015far\u0131 \u00e7\u0131kma kombinleri i\u00e7in idealdir.<\/p>\n<p class=\"ds-markdown-paragraph\">\u0130nce kesimli ve y\u00fcksek esneklikli kuma\u015ftan tasarlanan bu bluz, hareket \u00f6zg\u00fcrl\u00fc\u011f\u00fc sa\u011flarken v\u00fccut hatlar\u0131n\u0131z\u0131 rahat\u00e7a sarar. Karma\u015f\u0131k bitki deseni ve zarif fiyonk, romantik ak\u015fam yemekleri, \u015fenlikli Paskalya kutlamalar\u0131 veya herhangi bir g\u00fcndelik etkinli\u011fe Frans\u0131z zarafeti katmak i\u00e7in m\u00fckemmel, g\u00f6rsel olarak \u00e7arp\u0131c\u0131 bir etki yarat\u0131r. \u0130ster y\u00fcksek bel eteklerle ister en sevdi\u011finiz kot pantolonlarla kombinleyin, bu dantelli bluz, kar\u015f\u0131 konulmaz kad\u0131ns\u0131l\u0131k ve stil kar\u0131\u015f\u0131m\u0131yla gard\u0131robunuzu zahmetsizce y\u00fckseltir.<\/p>\n<p class=\"ds-markdown-paragraph\"><strong>Temel \u00d6zellikler<\/strong><\/p>\n<ul>\n<li>\n<p class=\"ds-markdown-paragraph translation-block\"><strong>Frans\u0131z Romantik Tasar\u0131m:<\/strong> Zamans\u0131z bir kad\u0131ns\u0131 \u00e7ekicilik i\u00e7in kalp yaka, k\u0131sa kollu ve zarif fiyonk detay\u0131 i\u00e7erir.<\/p>\n<\/li>\n<li>\n<p class=\"ds-markdown-paragraph translation-block\"><strong>\u00dcst\u00fcn Kaliteli Dantel Yap\u0131:<\/strong> Konfor ve \u00f6rt\u00fcc\u00fcl\u00fck i\u00e7in tamamen polyester astarl\u0131, y\u00fcksek kaliteli dantelden ( Poliamid, Elastan) \u00fcretilmi\u015ftir.<\/p>\n<\/li>\n<li>\n<p class=\"ds-markdown-paragraph translation-block\"><strong>M\u00fckemmel Uyum:<\/strong>\u00a0Y\u00fcksek esneklik \u00f6zelli\u011fine sahip kuma\u015ftan \u00fcretilen dar kesim, v\u00fccudunuzla birlikte hareket eden ve kusursuz bir sil\u00fcet sa\u011flayan bir tasar\u0131ma sahiptir.<\/p>\n<\/li>\n<li>\n<p class=\"ds-markdown-paragraph translation-block\">\u00c7ok Y\u00f6nl\u00fc Kullan\u0131m: Plaj k\u0131yafetleri, gece d\u0131\u015far\u0131 \u00e7\u0131karken giyilebilecek k\u0131yafetler, Paskalya kutlamalar\u0131 ve romantik g\u00fcnler i\u00e7in idealdir.<\/p>\n<\/li>\n<li>\n<p class=\"ds-markdown-paragraph translation-block\"><strong>Kolay Bak\u0131m:<\/strong> Makine y\u0131kamas\u0131yla zarif g\u00fczelli\u011fini korur.<\/p>\n<\/li>\n<\/ul>\n<\/div>\n<\/div>\n<div class=\"ds-theme\"><\/div>\n<div class=\"ds-flex _0a3d93b\">\n<div class=\"ds-flex _965abe9 _54866f7\">\n<div class=\"ds-icon-button db183363\" tabindex=\"-1\" role=\"button\" aria-disabled=\"false\">\n<div class=\"ds-icon-button__hover-bg\"><\/div>\n<div class=\"ds-icon\"><\/div>\n<\/div>\n<div class=\"ds-icon-button db183363\" tabindex=\"-1\" role=\"button\" aria-disabled=\"false\">\n<div class=\"ds-icon-button__hover-bg\"><\/div>\n<div class=\"ds-icon\"><\/div>\n<\/div>\n<div class=\"ds-icon-button db183363\" tabindex=\"-1\" role=\"button\" aria-disabled=\"false\">\n<div class=\"ds-icon-button__hover-bg\"><\/div>\n<div class=\"ds-icon\"><\/div>\n<\/div>\n<div class=\"ds-icon-button db183363\" tabindex=\"-1\" role=\"button\" aria-disabled=\"false\">\n<div class=\"ds-icon-button__hover-bg\"><\/div>\n<div class=\"ds-icon\"><\/div>\n<\/div>\n<div class=\"ds-icon-button db183363\" tabindex=\"-1\" role=\"button\" aria-disabled=\"false\">\n<div class=\"ds-icon-button__hover-bg\"><\/div>\n<div class=\"ds-icon\"><\/div>\n<\/div>\n<\/div>\n<div><\/div>\n<\/div>\n<\/div>\n<\/div>\n<div class=\"_871cbca\"><\/div>","protected":false},"excerpt":{"rendered":"<p>Unveil French Romantic Allure Embrace the essence of Parisian charm with the Zielony Women&#8217;s Lace Top, a masterpiece of delicate design and sensual elegance. This exquisite top features a flattering sweetheart neckline and graceful cap sleeves, adorned with an elegant bow detail that adds a touch of timeless romance. Crafted from semi-sheer floral lace with [&hellip;]<\/p>","protected":false},"featured_media":31550,"comment_status":"open","ping_status":"closed","template":"","meta":{"_monsterinsights_skip_tracking":false,"_monsterinsights_sitenote_active":false,"_monsterinsights_sitenote_note":"","_monsterinsights_sitenote_category":0},"product_brand":[],"product_cat":[15,148],"product_tag":[],"class_list":{"0":"post-31549","1":"product","2":"type-product","3":"status-publish","4":"has-post-thumbnail","6":"product_cat-uncategorized","7":"product_cat-womens-top","9":"first","10":"instock","11":"shipping-taxable","12":"purchasable","13":"product-type-simple"},"aioseo_notices":[],"_links":{"self":[{"href":"https:\/\/xn--kbrsglobalstore-7kcc.com\/tr\/wp-json\/wp\/v2\/product\/31549","targetHints":{"allow":["GET"]}}],"collection":[{"href":"https:\/\/xn--kbrsglobalstore-7kcc.com\/tr\/wp-json\/wp\/v2\/product"}],"about":[{"href":"https:\/\/xn--kbrsglobalstore-7kcc.com\/tr\/wp-json\/wp\/v2\/types\/product"}],"replies":[{"embeddable":true,"href":"https:\/\/xn--kbrsglobalstore-7kcc.com\/tr\/wp-json\/wp\/v2\/comments?post=31549"}],"wp:featuredmedia":[{"embeddable":true,"href":"https:\/\/xn--kbrsglobalstore-7kcc.com\/tr\/wp-json\/wp\/v2\/media\/31550"}],"wp:attachment":[{"href":"https:\/\/xn--kbrsglobalstore-7kcc.com\/tr\/wp-json\/wp\/v2\/media?parent=31549"}],"wp:term":[{"taxonomy":"product_brand","embeddable":true,"href":"https:\/\/xn--kbrsglobalstore-7kcc.com\/tr\/wp-json\/wp\/v2\/product_brand?post=31549"},{"taxonomy":"product_cat","embeddable":true,"href":"https:\/\/xn--kbrsglobalstore-7kcc.com\/tr\/wp-json\/wp\/v2\/product_cat?post=31549"},{"taxonomy":"product_tag","embeddable":true,"href":"https:\/\/xn--kbrsglobalstore-7kcc.com\/tr\/wp-json\/wp\/v2\/product_tag?post=31549"}],"curies":[{"name":"wp","href":"https:\/\/api.w.org\/{rel}","templated":true}]}}