{"id":31539,"date":"2025-11-22T23:36:45","date_gmt":"2025-11-22T23:36:45","guid":{"rendered":"https:\/\/xn--kbrsglobalstore-7kcc.com\/?post_type=product&#038;p=31539"},"modified":"2025-12-14T23:54:06","modified_gmt":"2025-12-14T23:54:06","slug":"avantive-fall-autumn-back-to-school-country-concert-outfit-concert-outfits-for-womens","status":"publish","type":"product","link":"https:\/\/xn--kbrsglobalstore-7kcc.com\/tr\/urun\/avantive-fall-autumn-back-to-school-country-concert-outfit-concert-outfits-for-womens\/","title":{"rendered":"Avantive Sonbahar\/Okula D\u00f6n\u00fc\u015f\/K\u0131rsal Konser K\u0131yafetleri\/Kad\u0131nlar \u0130\u00e7in Konser K\u0131yafetleri"},"content":{"rendered":"<p class=\"ds-markdown-paragraph\"><strong>Y2K nostaljisini modern bir dokunu\u015fla birle\u015ftiren bir kanal.<\/strong><\/p>\n<p class=\"ds-markdown-paragraph\">Bu sezon Lyeele \u00d6rg\u00fc Bluz ile dikkatleri \u00fczerinize \u00e7ekin; m\u00fckemmel Avantive sonbahar g\u00f6r\u00fcn\u00fcm\u00fcn\u00fc yaratmak i\u00e7in en \u00e7ok y\u00f6nl\u00fc par\u00e7an\u0131z. 90'lar ve Y2K nostaljisini \u00e7a\u011fda\u015f \"eski zenginlik\" zarafetiyle kusursuz bir \u015fekilde harmanlayan bu kahverengi, omuzlar\u0131 a\u00e7\u0131k tasar\u0131m, say\u0131s\u0131z stilin kilidini a\u00e7man\u0131n anahtar\u0131d\u0131r. Yumu\u015fak, v\u00fccuda oturan \u00f6rg\u00fcs\u00fc ve \u015f\u0131k sil\u00fceti, onu ofiste bir g\u00fcn, bir country konseri, \u015fenlikli bir kokteyl partisi veya vintage esintili bir sokak giyim an\u0131 i\u00e7in e\u015fit derecede uygun hale getiriyor.<\/p>\n<p class=\"ds-markdown-paragraph\">Modaya d\u00fc\u015fk\u00fcn kad\u0131nlar i\u00e7in tasarlanan bu \u00fcst, ikonik kombinler olu\u015fturman\u0131n temel ta\u015flar\u0131ndan biri. Rahat bir okul d\u00f6n\u00fc\u015f\u00fc havas\u0131 i\u00e7in kot pantolonla, bekarl\u0131\u011fa veda partisi, mezuniyet veya Noel kutlamas\u0131 i\u00e7in \u015f\u0131k bir gece k\u0131yafeti i\u00e7in ise v\u00fccuda oturan bir etekle kombinleyebilirsiniz. Zengin kahverengi tonu ve zamans\u0131z tasar\u0131m\u0131, sadece birka\u00e7 aksesuar de\u011fi\u015fikli\u011fiyle m\u00fctevaz\u0131 bir g\u00fcnd\u00fcz k\u0131yafetinden seksi, rave tarz\u0131 bir festival k\u0131yafetine zahmetsizce ge\u00e7i\u015f yapmas\u0131n\u0131 sa\u011flar. Western tarz\u0131ndan tatil k\u0131yafetlerine kadar, bu sadece s\u0131radan bir \u00fcst de\u011fil; \u015f\u0131k, Y2K tarz\u0131n\u0131n \u00f6z\u00fcn\u00fc yans\u0131tan iddial\u0131 bir par\u00e7a.<\/p>\n<p class=\"ds-markdown-paragraph\"><strong>Temel \u00d6zellikler<\/strong><\/p>\n<ul>\n<li>\n<p class=\"ds-markdown-paragraph translation-block\"><strong>\u00dcst\u00fcn \u00c7ok Y\u00f6nl\u00fcl\u00fck:<\/strong> Country konserlerinden ofis k\u0131yafetlerine, kokteyl partilerinden gece kul\u00fcplerine ve vintage esintili sokak giyimine kadar say\u0131s\u0131z etkinlik i\u00e7in tasarlanm\u0131\u015ft\u0131r.<\/p>\n<\/li>\n<li>\n<p class=\"ds-markdown-paragraph translation-block\"><strong>Trend Odakl\u0131 Tasar\u0131m:<\/strong> \u015e\u0131k omuz dekoltesi ve v\u00fccuda oturan \u00f6rg\u00fc kuma\u015f\u0131yla Y2K ve 90'lar modas\u0131n\u0131n \u00f6z\u00fcn\u00fc modern ve zarif bir dokunu\u015fla yakal\u0131yor.<\/p>\n<\/li>\n<li>\n<p class=\"ds-markdown-paragraph translation-block\"><strong>Zengin ve Mevsimsel Renk:<\/strong>\u00a0S\u0131cak kahverengi tonu, sonbahar, okula d\u00f6n\u00fc\u015f sezonu ve Noel ve Cad\u0131lar Bayram\u0131 gibi tatil etkinlikleri i\u00e7in m\u00fckemmeldir ve seksi ama sofistike bir \"eski zenginlik\" esteti\u011fi sunar.<\/p>\n<\/li>\n<li>\n<p class=\"ds-markdown-paragraph translation-block\"><strong>Hepsi Bir Arada Stil \u00c7\u00f6z\u00fcm\u00fc:<\/strong>\u00a0Bahar tatili, bekarl\u0131\u011fa veda partileri, mezuniyet t\u00f6renleri ve g\u00fcnl\u00fck rahat giyim i\u00e7in kombinler olu\u015fturmak i\u00e7in vazge\u00e7ilmez \u00fcst\u00fcn\u00fcz.<\/p>\n<\/li>\n<li>\n<p class=\"ds-markdown-paragraph translation-block\"><strong>\u00dcst\u00fcn Konfor:<\/strong> G\u00fcnl\u00fck gezilerden rave festivallerine kadar t\u00fcm g\u00fcn giyilebilecek rahat ve ince bir kesim sa\u011flayan yumu\u015fak, esnek \u00f6rme kuma\u015ftan \u00fcretilmi\u015ftir.<\/p>\n<\/li>\n<\/ul>","protected":false},"excerpt":{"rendered":"<p>Channel Y2K Nostalgia with a Touch of Modern Class Step into the spotlight this season with the Lyeele Knitted Top, your ultimate versatile piece for crafting the perfect Avantive autumn look. Seamlessly blending 90s and Y2K nostalgia with contemporary &#8220;old money&#8221; elegance, this brown off-the-shoulder design is the key to unlocking a myriad of styles. [&hellip;]<\/p>","protected":false},"featured_media":31540,"comment_status":"open","ping_status":"closed","template":"","meta":{"_monsterinsights_skip_tracking":false,"_monsterinsights_sitenote_active":false,"_monsterinsights_sitenote_note":"","_monsterinsights_sitenote_category":0},"product_brand":[],"product_cat":[15,148],"product_tag":[],"class_list":{"0":"post-31539","1":"product","2":"type-product","3":"status-publish","4":"has-post-thumbnail","6":"product_cat-uncategorized","7":"product_cat-womens-top","9":"first","10":"instock","11":"shipping-taxable","12":"purchasable","13":"product-type-simple"},"aioseo_notices":[],"_links":{"self":[{"href":"https:\/\/xn--kbrsglobalstore-7kcc.com\/tr\/wp-json\/wp\/v2\/product\/31539","targetHints":{"allow":["GET"]}}],"collection":[{"href":"https:\/\/xn--kbrsglobalstore-7kcc.com\/tr\/wp-json\/wp\/v2\/product"}],"about":[{"href":"https:\/\/xn--kbrsglobalstore-7kcc.com\/tr\/wp-json\/wp\/v2\/types\/product"}],"replies":[{"embeddable":true,"href":"https:\/\/xn--kbrsglobalstore-7kcc.com\/tr\/wp-json\/wp\/v2\/comments?post=31539"}],"wp:featuredmedia":[{"embeddable":true,"href":"https:\/\/xn--kbrsglobalstore-7kcc.com\/tr\/wp-json\/wp\/v2\/media\/31540"}],"wp:attachment":[{"href":"https:\/\/xn--kbrsglobalstore-7kcc.com\/tr\/wp-json\/wp\/v2\/media?parent=31539"}],"wp:term":[{"taxonomy":"product_brand","embeddable":true,"href":"https:\/\/xn--kbrsglobalstore-7kcc.com\/tr\/wp-json\/wp\/v2\/product_brand?post=31539"},{"taxonomy":"product_cat","embeddable":true,"href":"https:\/\/xn--kbrsglobalstore-7kcc.com\/tr\/wp-json\/wp\/v2\/product_cat?post=31539"},{"taxonomy":"product_tag","embeddable":true,"href":"https:\/\/xn--kbrsglobalstore-7kcc.com\/tr\/wp-json\/wp\/v2\/product_tag?post=31539"}],"curies":[{"name":"wp","href":"https:\/\/api.w.org\/{rel}","templated":true}]}}