{"id":31347,"date":"2025-11-17T23:47:31","date_gmt":"2025-11-17T23:47:31","guid":{"rendered":"https:\/\/xn--kbrsglobalstore-7kcc.com\/?post_type=product&#038;p=31347"},"modified":"2025-12-14T23:54:07","modified_gmt":"2025-12-14T23:54:07","slug":"dazy-womens-solid-color-zipper-front-fitted-jacket-spring-autumn","status":"publish","type":"product","link":"https:\/\/xn--kbrsglobalstore-7kcc.com\/tr\/urun\/dazy-womens-solid-color-zipper-front-fitted-jacket-spring-autumn\/","title":{"rendered":"DAZY Kad\u0131n D\u00fcz Renk Fermuarl\u0131 \u00d6n Kesimli V\u00fccuda Oturan Ceket, \u0130lkbahar Sonbahar"},"content":{"rendered":"<div class=\"dad65929\">\n<div class=\"_4f9bf79 d7dc56a8 _43c05b5\">\n<div class=\"ds-message _63c77b1\">\n<div class=\"ds-markdown\">\n<p class=\"ds-markdown-paragraph\"><strong>Modern Minimalist Konforu Ke\u015ffedin<\/strong><\/p>\n<p class=\"ds-markdown-paragraph\">DAZY'nin bu gri, v\u00fccuda oturan ceketiyle \u015f\u0131k ve \u00e7a\u011fda\u015f bir sil\u00fceti benimseyin. Ge\u00e7i\u015f mevsimleri i\u00e7in tasarlanan bu par\u00e7a, minimalist bir esteti\u011fi \u00f6zenli, modern detaylarla birle\u015ftiriyor. Dik yaka ve asimetrik fermuarl\u0131 \u00f6n k\u0131s\u0131m keskin, mimari bir g\u00f6r\u00fcn\u00fcm yarat\u0131rken, \u00f6rme kuma\u015f g\u00fcn boyu sizinle birlikte hareket eden rahat ve esnek bir uyum sa\u011fl\u0131yor.<\/p>\n<p class=\"ds-markdown-paragraph\">Yumu\u015fak, orta esnekli\u011fe sahip bir kuma\u015ftan \u00fcretilen bu uzun kollu ceket, v\u00fccudu k\u0131s\u0131tlamadan \u015f\u0131k ve rahat bir kesim sunar. \u00c7ok y\u00f6nl\u00fc gri rengiyle ilkbahar ve sonbahar gard\u0131robunuzun vazge\u00e7ilmez bir par\u00e7as\u0131 olan ceket, \u00fcst ve elbiselerin \u00fczerine kolayca giyilerek \u015f\u0131k ve rahat bir kombin olu\u015fturur. Hafif yap\u0131s\u0131 sayesinde astars\u0131z olan bu ceket, her k\u0131yafete zarif bir dokunu\u015f katmak i\u00e7in m\u00fckemmel bir se\u00e7imdir.<\/p>\n<p class=\"ds-markdown-paragraph\"><strong>Temel \u00d6zellikler<\/strong><\/p>\n<ul>\n<li>\n<p class=\"ds-markdown-paragraph translation-block\">Modern Mimari Tasar\u0131m: Keskin dik yakas\u0131 ve \u015f\u0131k asimetrik fermuarl\u0131 \u00f6n k\u0131sm\u0131 ile \u00e7a\u011fda\u015f bir g\u00f6r\u00fcn\u00fcm sunar.<\/p>\n<\/li>\n<li>\n<p class=\"ds-markdown-paragraph translation-block\"><strong>Rahat ve Esnek:<\/strong> Rahat ve v\u00fccuda oturan bir his i\u00e7in orta derecede esnekli\u011fe sahip yumu\u015fak \u00f6rme kuma\u015ftan ( ,5 Polyester, ,5 Elastan) \u00fcretilmi\u015ftir.<\/p>\n<\/li>\n<li>\n<p class=\"ds-markdown-paragraph translation-block\"><strong>\u00c7ok Y\u00f6nl\u00fc Mevsimlik Giyim:<\/strong> \u0130deal a\u011f\u0131rl\u0131\u011f\u0131 ve normal kesimiyle ilkbahar ve sonbahar havalar\u0131 (18-25\u00b0C\/63-77\u00b0F) i\u00e7in m\u00fckemmeldir.<\/p>\n<\/li>\n<li>\n<p class=\"ds-markdown-paragraph translation-block\">Minimalist Tarz\u0131n Vazge\u00e7ilmezi: Sade gri rengi ve temiz \u00e7izgileri, zahmetsiz bir stil sunarak her t\u00fcrl\u00fc g\u00fcnl\u00fck gard\u0131roba kolayca uyum sa\u011flar.<\/p>\n<\/li>\n<li>\n<p class=\"ds-markdown-paragraph translation-block\"><strong>Hassas Bak\u0131m:<\/strong> \u015e\u0131k g\u00f6r\u00fcn\u00fcm\u00fcn\u00fc ve kuma\u015f b\u00fct\u00fcnl\u00fc\u011f\u00fcn\u00fc korumak i\u00e7in l\u00fctfen elde nazik\u00e7e y\u0131kay\u0131n.<\/p>\n<\/li>\n<\/ul>\n<\/div>\n<\/div>\n<div class=\"ds-theme\"><\/div>\n<div class=\"ds-flex _0a3d93b\">\n<div class=\"ds-flex _965abe9 _54866f7\">\n<div class=\"ds-icon-button db183363\" tabindex=\"-1\" role=\"button\" aria-disabled=\"false\">\n<div class=\"ds-icon-button__hover-bg\"><\/div>\n<div class=\"ds-icon\"><\/div>\n<\/div>\n<div class=\"ds-icon-button db183363\" tabindex=\"-1\" role=\"button\" aria-disabled=\"false\">\n<div class=\"ds-icon-button__hover-bg\"><\/div>\n<div class=\"ds-icon\"><\/div>\n<\/div>\n<div class=\"ds-icon-button db183363\" tabindex=\"-1\" role=\"button\" aria-disabled=\"false\">\n<div class=\"ds-icon-button__hover-bg\"><\/div>\n<div class=\"ds-icon\"><\/div>\n<\/div>\n<div class=\"ds-icon-button db183363\" tabindex=\"-1\" role=\"button\" aria-disabled=\"false\">\n<div class=\"ds-icon-button__hover-bg\"><\/div>\n<div class=\"ds-icon\"><\/div>\n<\/div>\n<div class=\"ds-icon-button db183363\" tabindex=\"-1\" role=\"button\" aria-disabled=\"false\">\n<div class=\"ds-icon-button__hover-bg\"><\/div>\n<div class=\"ds-icon\"><\/div>\n<\/div>\n<\/div>\n<div><\/div>\n<\/div>\n<\/div>\n<\/div>\n<div class=\"_871cbca\"><\/div>","protected":false},"excerpt":{"rendered":"<p>Discover Modern Minimalist Comfort Embrace a sleek and contemporary silhouette with this Grey fitted jacket from DAZY. Designed for the transitional seasons, this piece combines a minimalist aesthetic with thoughtful, modern details. The stand collar and asymmetrical zipper front create a sharp, architectural look, while the knitted fabric ensures a comfortable, flexible fit that moves [&hellip;]<\/p>","protected":false},"featured_media":31399,"comment_status":"open","ping_status":"closed","template":"","meta":{"_monsterinsights_skip_tracking":false,"_monsterinsights_sitenote_active":false,"_monsterinsights_sitenote_note":"","_monsterinsights_sitenote_category":0},"product_brand":[],"product_cat":[15,148],"product_tag":[],"class_list":{"0":"post-31347","1":"product","2":"type-product","3":"status-publish","4":"has-post-thumbnail","6":"product_cat-uncategorized","7":"product_cat-womens-top","9":"first","10":"instock","11":"shipping-taxable","12":"purchasable","13":"product-type-simple"},"aioseo_notices":[],"_links":{"self":[{"href":"https:\/\/xn--kbrsglobalstore-7kcc.com\/tr\/wp-json\/wp\/v2\/product\/31347","targetHints":{"allow":["GET"]}}],"collection":[{"href":"https:\/\/xn--kbrsglobalstore-7kcc.com\/tr\/wp-json\/wp\/v2\/product"}],"about":[{"href":"https:\/\/xn--kbrsglobalstore-7kcc.com\/tr\/wp-json\/wp\/v2\/types\/product"}],"replies":[{"embeddable":true,"href":"https:\/\/xn--kbrsglobalstore-7kcc.com\/tr\/wp-json\/wp\/v2\/comments?post=31347"}],"wp:featuredmedia":[{"embeddable":true,"href":"https:\/\/xn--kbrsglobalstore-7kcc.com\/tr\/wp-json\/wp\/v2\/media\/31399"}],"wp:attachment":[{"href":"https:\/\/xn--kbrsglobalstore-7kcc.com\/tr\/wp-json\/wp\/v2\/media?parent=31347"}],"wp:term":[{"taxonomy":"product_brand","embeddable":true,"href":"https:\/\/xn--kbrsglobalstore-7kcc.com\/tr\/wp-json\/wp\/v2\/product_brand?post=31347"},{"taxonomy":"product_cat","embeddable":true,"href":"https:\/\/xn--kbrsglobalstore-7kcc.com\/tr\/wp-json\/wp\/v2\/product_cat?post=31347"},{"taxonomy":"product_tag","embeddable":true,"href":"https:\/\/xn--kbrsglobalstore-7kcc.com\/tr\/wp-json\/wp\/v2\/product_tag?post=31347"}],"curies":[{"name":"wp","href":"https:\/\/api.w.org\/{rel}","templated":true}]}}