{"id":31339,"date":"2025-11-16T11:44:22","date_gmt":"2025-11-16T11:44:22","guid":{"rendered":"https:\/\/xn--kbrsglobalstore-7kcc.com\/?post_type=product&#038;p=31339"},"modified":"2025-12-14T23:55:45","modified_gmt":"2025-12-14T23:55:45","slug":"mod-womens-solid-color-sleeveless-dress-with-belt-back-to-school-season-olive-dress","status":"publish","type":"product","link":"https:\/\/xn--kbrsglobalstore-7kcc.com\/tr\/urun\/mod-womens-solid-color-sleeveless-dress-with-belt-back-to-school-season-olive-dress\/","title":{"rendered":"MOD Kad\u0131n D\u00fcz Renk Kolsuz Elbise (Kemerli), Okula D\u00f6n\u00fc\u015f Sezonu, Zeytin Ye\u015fili Elbise"},"content":{"rendered":"<p class=\"ds-markdown-paragraph\"><strong>Zamans\u0131z Zarafeti Kucaklay\u0131n<\/strong><\/p>\n<p class=\"ds-markdown-paragraph\">Bu g\u00f6z al\u0131c\u0131 haki ye\u015fili kolsuz elbiseyle sofistike ve \u015f\u0131k bir g\u00f6r\u00fcn\u00fcm yakalay\u0131n. Klasik sil\u00fcetlerden ilham alan bu A kesim elbise, benzersiz bir huni yakaya ve y\u00fcksek belden zahmetsizce akan zarif bir klo\u015f ete\u011fe sahiptir. Sade ve minimalist tasar\u0131m, sil\u00fcetinizi belirginle\u015ftiren ve incelikli bir dokunu\u015f katan uyumlu bir kemerle vurgulanm\u0131\u015ft\u0131r.<\/p>\n<p class=\"ds-markdown-paragraph\">\u00dcst\u00fcn kaliteli, esnemeyen dokuma kuma\u015ftan \u00fcretilen elbise, v\u00fccudu rahat\u00e7a saran, sade ve mimari bir kesime sahiptir. Zarif drape detaylar\u0131 ve ince d\u00fc\u011fme vurgular\u0131, abart\u0131s\u0131z bir l\u00fcks sunarak, d\u00fc\u011f\u00fcn davetlisi, resmi bir etkinlik veya M\u00fcnih'teki Oktoberfest gibi \u015fenlikli bir etkinlik i\u00e7in m\u00fckemmel bir se\u00e7im haline getiriyor. \u00c7ok y\u00f6nl\u00fc haki ye\u015fili tonu ve zarif \u00e7izgileri, zamans\u0131z bir zarafetle \u00f6ne \u00e7\u0131kman\u0131z\u0131 sa\u011flar.<\/p>\n<p class=\"ds-markdown-paragraph\"><strong>Temel \u00d6zellikler<\/strong><\/p>\n<ul>\n<li>\n<p class=\"ds-markdown-paragraph translation-block\"><strong>Zarif Sil\u00fcet:<\/strong> Zamans\u0131z ve \u015f\u0131k bir g\u00f6r\u00fcn\u00fcm i\u00e7in y\u00fcksek bel ve \u00e7arp\u0131c\u0131 \u015fekilde geni\u015fleyen etek ucuna sahip zarif A kesim.<\/p>\n<\/li>\n<li>\n<p class=\"ds-markdown-paragraph translation-block\"><strong>Elegant Design:<\/strong>&nbsp;Features a structured funnel neck, a defining attached belt, and delicate draped details.<\/p>\n<\/li>\n<li>\n<p class=\"ds-markdown-paragraph translation-block\"><strong>\u00dcst\u00fcn Kalite Kuma\u015f:<\/strong> 0 polyester dokuma kuma\u015ftan \u00fcretilmi\u015ftir; g\u00fczel bir d\u00f6k\u00fcml\u00fcl\u00fckle temiz ve normal bir kesim sunar.<\/p>\n<\/li>\n<li>\n<p class=\"ds-markdown-paragraph translation-block\"><strong>\u00c7ok Y\u00f6nl\u00fc Kullan\u0131m Alan\u0131:<\/strong> D\u00fc\u011f\u00fcnler, resmi etkinlikler ve Oktoberfest gibi \u015fenlikli kutlamalar i\u00e7in m\u00fckemmel bir se\u00e7im.<\/p>\n<\/li>\n<li>\n<p class=\"ds-markdown-paragraph translation-block\"><strong>\u0130nce Detaylar:<\/strong> Hareket kolayl\u0131\u011f\u0131 ve \u015f\u0131k bir g\u00f6r\u00fcn\u00fcm i\u00e7in kolsuz tasar\u0131m.<\/p>\n<\/li>\n<\/ul>","protected":false},"excerpt":{"rendered":"<p>Embrace Timeless Elegance Channel a sophisticated and structured elegance with this stunning Army Green sleeveless dress. Inspired by classic silhouettes, this A-line gown features a unique funnel neck and a graceful flared hem that flows effortlessly from a high waist. The clean, minimalist design is accentuated by a matching belt, which defines your silhouette and [&hellip;]<\/p>","protected":false},"featured_media":31355,"comment_status":"open","ping_status":"closed","template":"","meta":{"_monsterinsights_skip_tracking":false,"_monsterinsights_sitenote_active":false,"_monsterinsights_sitenote_note":"","_monsterinsights_sitenote_category":0},"product_brand":[],"product_cat":[15,76],"product_tag":[],"class_list":{"0":"post-31339","1":"product","2":"type-product","3":"status-publish","4":"has-post-thumbnail","6":"product_cat-uncategorized","7":"product_cat-womens-clothing","9":"first","10":"instock","11":"shipping-taxable","12":"purchasable","13":"product-type-simple"},"aioseo_notices":[],"_links":{"self":[{"href":"https:\/\/xn--kbrsglobalstore-7kcc.com\/tr\/wp-json\/wp\/v2\/product\/31339","targetHints":{"allow":["GET"]}}],"collection":[{"href":"https:\/\/xn--kbrsglobalstore-7kcc.com\/tr\/wp-json\/wp\/v2\/product"}],"about":[{"href":"https:\/\/xn--kbrsglobalstore-7kcc.com\/tr\/wp-json\/wp\/v2\/types\/product"}],"replies":[{"embeddable":true,"href":"https:\/\/xn--kbrsglobalstore-7kcc.com\/tr\/wp-json\/wp\/v2\/comments?post=31339"}],"wp:featuredmedia":[{"embeddable":true,"href":"https:\/\/xn--kbrsglobalstore-7kcc.com\/tr\/wp-json\/wp\/v2\/media\/31355"}],"wp:attachment":[{"href":"https:\/\/xn--kbrsglobalstore-7kcc.com\/tr\/wp-json\/wp\/v2\/media?parent=31339"}],"wp:term":[{"taxonomy":"product_brand","embeddable":true,"href":"https:\/\/xn--kbrsglobalstore-7kcc.com\/tr\/wp-json\/wp\/v2\/product_brand?post=31339"},{"taxonomy":"product_cat","embeddable":true,"href":"https:\/\/xn--kbrsglobalstore-7kcc.com\/tr\/wp-json\/wp\/v2\/product_cat?post=31339"},{"taxonomy":"product_tag","embeddable":true,"href":"https:\/\/xn--kbrsglobalstore-7kcc.com\/tr\/wp-json\/wp\/v2\/product_tag?post=31339"}],"curies":[{"name":"wp","href":"https:\/\/api.w.org\/{rel}","templated":true}]}}