{"id":31330,"date":"2025-11-16T11:40:34","date_gmt":"2025-11-16T11:40:34","guid":{"rendered":"https:\/\/xn--kbrsglobalstore-7kcc.com\/?post_type=product&#038;p=31330"},"modified":"2025-12-14T23:55:45","modified_gmt":"2025-12-14T23:55:45","slug":"aloruh-valentines-day-burgundy-romantic-date-party-spaghetti-strap-bodycon-backless-v-neck-long-mesh-women-dresssummer-dresses-for-womentea-party-dress","status":"publish","type":"product","link":"https:\/\/xn--kbrsglobalstore-7kcc.com\/tr\/urun\/aloruh-valentines-day-burgundy-romantic-date-party-spaghetti-strap-bodycon-backless-v-neck-long-mesh-women-dresssummer-dresses-for-womentea-party-dress\/","title":{"rendered":"Aloruh Sevgililer G\u00fcn\u00fc Bordo Romantik Bulu\u015fma Partisi \u0130nce Ask\u0131l\u0131 V Yaka S\u0131rt\u0131 A\u00e7\u0131k Uzun File Kad\u0131n Elbisesi, Kad\u0131nlar \u0130\u00e7in Yazl\u0131k Elbiseler, \u00c7ay Partisi Elbisesi"},"content":{"rendered":"<p class=\"ds-markdown-paragraph\"><strong>Indulge in Romance and Allure<\/strong><\/p>\n<p class=\"ds-markdown-paragraph\">En b\u00fcy\u00fcleyici ak\u015famlar i\u00e7in tasarlanan bu bordo dar kesim elbise, sofistike ba\u015ftan \u00e7\u0131kar\u0131c\u0131l\u0131\u011f\u0131n zirvesini temsil ediyor. L\u00fcks, y\u00fcksek esneklikli file kuma\u015ftan \u00fcretilen elbise, v\u00fccut hatlar\u0131n\u0131z\u0131 do\u011fru yerlerde sararak, dar kesimli \u00fcst k\u0131s\u0131mdan dramatik denizk\u0131z\u0131 etek ucuna ge\u00e7i\u015f yapan \u00e7arp\u0131c\u0131 bir sil\u00fcet yarat\u0131yor.<\/p>\n<p class=\"ds-markdown-paragraph\">Derin V yakas\u0131 ve cesur s\u0131rt dekoltesi, dekoltenizi ve s\u0131rt\u0131n\u0131z\u0131 sergilemek i\u00e7in uyum i\u00e7inde \u00e7al\u0131\u015farak unutulmaz bir izlenim yarat\u0131yor. Karma\u015f\u0131k drapeler ve b\u00fczg\u00fcl\u00fc detaylar, \u015f\u0131k ve sade tasar\u0131ma doku ve zarif, sanatsal bir dokunu\u015f kat\u0131yor. \u0130nce ask\u0131l\u0131 ve kolsuz olan bu elbise, odak noktas\u0131n\u0131n zarif ve cesur yap\u0131s\u0131nda kalmas\u0131n\u0131 sa\u011fl\u0131yor.<\/p>\n<p class=\"ds-markdown-paragraph\">Romantik bir Sevgililer G\u00fcn\u00fc yeme\u011fi, resmi bir gala, ak\u015fam partisi veya Ramazan Bayram\u0131 gibi bayram kutlamalar\u0131 i\u00e7in m\u00fckemmel olan bu uzun elbise, y\u00fcksek moday\u0131 kar\u015f\u0131 konulmaz bir \u00f6zg\u00fcvenle birle\u015ftiriyor. Esnek, astarl\u0131 kuma\u015f\u0131 sayesinde hareketlerinize uyum sa\u011flayarak konfor ve stilin bir kar\u0131\u015f\u0131m\u0131n\u0131 deneyimleyin.<\/p>","protected":false},"excerpt":{"rendered":"<p>Indulge in Romance and Allure Designed for the most enchanting evenings, this Burgundy Bodycon Dress is the epitome of sophisticated seduction. Crafted from a luxurious, high-stretch mesh fabric, it hugs your curves in all the right places, creating a stunning silhouette that transitions from a fitted bodice to a dramatic mermaid hem. The deep V-neckline [&hellip;]<\/p>","protected":false},"featured_media":31331,"comment_status":"open","ping_status":"closed","template":"","meta":{"_monsterinsights_skip_tracking":false,"_monsterinsights_sitenote_active":false,"_monsterinsights_sitenote_note":"","_monsterinsights_sitenote_category":0},"product_brand":[],"product_cat":[15,76],"product_tag":[],"class_list":{"0":"post-31330","1":"product","2":"type-product","3":"status-publish","4":"has-post-thumbnail","6":"product_cat-uncategorized","7":"product_cat-womens-clothing","9":"first","10":"instock","11":"shipping-taxable","12":"purchasable","13":"product-type-simple"},"aioseo_notices":[],"_links":{"self":[{"href":"https:\/\/xn--kbrsglobalstore-7kcc.com\/tr\/wp-json\/wp\/v2\/product\/31330","targetHints":{"allow":["GET"]}}],"collection":[{"href":"https:\/\/xn--kbrsglobalstore-7kcc.com\/tr\/wp-json\/wp\/v2\/product"}],"about":[{"href":"https:\/\/xn--kbrsglobalstore-7kcc.com\/tr\/wp-json\/wp\/v2\/types\/product"}],"replies":[{"embeddable":true,"href":"https:\/\/xn--kbrsglobalstore-7kcc.com\/tr\/wp-json\/wp\/v2\/comments?post=31330"}],"wp:featuredmedia":[{"embeddable":true,"href":"https:\/\/xn--kbrsglobalstore-7kcc.com\/tr\/wp-json\/wp\/v2\/media\/31331"}],"wp:attachment":[{"href":"https:\/\/xn--kbrsglobalstore-7kcc.com\/tr\/wp-json\/wp\/v2\/media?parent=31330"}],"wp:term":[{"taxonomy":"product_brand","embeddable":true,"href":"https:\/\/xn--kbrsglobalstore-7kcc.com\/tr\/wp-json\/wp\/v2\/product_brand?post=31330"},{"taxonomy":"product_cat","embeddable":true,"href":"https:\/\/xn--kbrsglobalstore-7kcc.com\/tr\/wp-json\/wp\/v2\/product_cat?post=31330"},{"taxonomy":"product_tag","embeddable":true,"href":"https:\/\/xn--kbrsglobalstore-7kcc.com\/tr\/wp-json\/wp\/v2\/product_tag?post=31330"}],"curies":[{"name":"wp","href":"https:\/\/api.w.org\/{rel}","templated":true}]}}