{"id":31272,"date":"2025-11-10T19:12:21","date_gmt":"2025-11-10T19:12:21","guid":{"rendered":"https:\/\/xn--kbrsglobalstore-7kcc.com\/?post_type=product&#038;p=31272"},"modified":"2025-12-14T23:55:46","modified_gmt":"2025-12-14T23:55:46","slug":"aloruh-womens-winter-dress-elegant-shirt-dress-minimalist-and-stylish-perfect-for-commute-everyday-and-casual-wear-features-a-retro-navy-blue-stripe-design-a-loose-top-paired-with-a-fitted-sk","status":"publish","type":"product","link":"https:\/\/xn--kbrsglobalstore-7kcc.com\/tr\/urun\/aloruh-womens-winter-dress-elegant-shirt-dress-minimalist-and-stylish-perfect-for-commute-everyday-and-casual-wear-features-a-retro-navy-blue-stripe-design-a-loose-top-paired-with-a-fitted-sk\/","title":{"rendered":"Aloruh Seksi Kad\u0131n Minimalist Tek Renk S\u0131rt\u0131 A\u00e7\u0131k Uzun Kollu Bal\u0131k Kuyru\u011fu Etek Ucu Elbise"},"content":{"rendered":"<div class=\"dad65929\">\n<div class=\"_4f9bf79 d7dc56a8 _43c05b5\">\n<div class=\"ds-message _63c77b1\">\n<div class=\"ds-markdown\">\n<h3><strong>Aloruh Women&#8217;s Navy Blue Ruched Shirt Dress<\/strong><\/h3>\n<p class=\"ds-markdown-paragraph\">Aloruh Kad\u0131n G\u00f6mlek Elbisesi ile klasik cazibe ve modern stilin m\u00fckemmel birle\u015fimini ke\u015ffedin. Bu zarif mini elbise, yakal\u0131 g\u00f6mle\u011fin zamans\u0131z yap\u0131s\u0131n\u0131, b\u00fczg\u00fcl\u00fc korsaj ve y\u00fcksek belli kalem etek gibi \u00e7a\u011fda\u015f detaylarla birle\u015ftirerek, g\u00fcnl\u00fck ve rahat gard\u0131robunuz i\u00e7in ideal, \u00e7ok y\u00f6nl\u00fc ve sofistike bir g\u00f6r\u00fcn\u00fcm yarat\u0131yor.<\/p>\n<p class=\"ds-markdown-paragraph\"><strong>Temel \u00d6zellikler<\/strong><\/p>\n<ul>\n<li>\n<p class=\"ds-markdown-paragraph translation-block\"><strong>Zamans\u0131z G\u00f6mlek Elbise Sil\u00fceti:<\/strong> Klasik bir <strong>Yaka<\/strong>, <strong>Uzun Normal Kollar<\/strong> ve <strong>D\u00fc\u011fmeli \u00d6n<\/strong> \u00f6zelli\u011fiyle \u00f6ne \u00e7\u0131kan bu elbise, <strong>Y\u00fcksek Bel<\/strong> ve <strong>Kalem Etek<\/strong> ile zarif ve kad\u0131ns\u0131 bir g\u00f6r\u00fcn\u00fcm yarat\u0131yor. <strong>Mini Boy<\/strong> ise modern bir dokunu\u015f kat\u0131yor.<\/p>\n<\/li>\n<li>\n<p class=\"ds-markdown-paragraph translation-block\">Zarif ve V\u00fccuda Oturan Detaylar: Genellikle korsede bulunan b\u00fczg\u00fcl\u00fc detaylar, normal kesim sil\u00fcetinde g\u00fczel bir doku ve daha esnek, v\u00fccuda daha iyi oturan bir yap\u0131 sa\u011flayarak k\u0131vr\u0131mlar\u0131n\u0131z\u0131 g\u00fczelce vurgular.<\/p>\n<\/li>\n<li>\n<p class=\"ds-markdown-paragraph translation-block\"><strong>\u00dcst\u00fcn Kaliteli Dokuma Kuma\u015f:<\/strong> Polyester ve %3 Viskon kar\u0131\u015f\u0131m\u0131ndan \u00fcretilen bu elbise, g\u00fcn boyu \u015feklini koruyan, d\u00fczg\u00fcn ve \u015f\u0131k bir d\u00f6k\u00fcml\u00fcl\u00fck sunarak sabahtan ak\u015fama kadar bak\u0131ml\u0131 bir g\u00f6r\u00fcn\u00fcm sa\u011flar.<\/p>\n<\/li>\n<li>\n<p class=\"ds-markdown-paragraph translation-block\">\u00c7ok Y\u00f6nl\u00fc ve \u015e\u0131k: Sofistike lacivert rengi ve sade deseniyle bu elbise, minimalistlerin hayalini s\u00fcsleyen bir par\u00e7a. G\u00fcnl\u00fck giyim, okula d\u00f6n\u00fc\u015f sezonu, ofis, i\u015fe gidip gelme veya hafta sonu gezileri i\u00e7in m\u00fckemmel bir se\u00e7im.<\/p>\n<\/li>\n<li>\n<p class=\"ds-markdown-paragraph translation-block\"><strong>Kolay Bak\u0131m:<\/strong> Yo\u011fun bir ya\u015fam tarz\u0131 i\u00e7in tasarlanan bu astars\u0131z elbise, bak\u0131m\u0131 kolayd\u0131r ve makinede y\u0131kanabilir veya profesyonel kuru temizleme yap\u0131labilir.<\/p>\n<\/li>\n<\/ul>\n<p class=\"ds-markdown-paragraph\"><strong>\u00d6zellikler:<\/strong><\/p>\n<ul>\n<li>\n<p class=\"ds-markdown-paragraph translation-block\">Stil: G\u00fcnl\u00fck, Minimalist<\/p>\n<\/li>\n<li>\n<p class=\"ds-markdown-paragraph translation-block\"><strong>T\u00fcr:<\/strong>\u00a0G\u00f6mlek Elbise<\/p>\n<\/li>\n<li>\n<p class=\"ds-markdown-paragraph translation-block\"><strong>Yaka:<\/strong>\u00a0Yaka<\/p>\n<\/li>\n<li>\n<p class=\"ds-markdown-paragraph translation-block\">Kol Tipi: Normal Kol, Uzun Kol<\/p>\n<\/li>\n<li>\n<p class=\"ds-markdown-paragraph translation-block\">Bel: Y\u00fcksek Bel<\/p>\n<\/li>\n<li>\n<p class=\"ds-markdown-paragraph translation-block\"><strong>Kenar:<\/strong>\u00a0Kalem<\/p>\n<\/li>\n<li>\n<p class=\"ds-markdown-paragraph translation-block\"><strong>Detaylar:<\/strong>\u00a0B\u00fczg\u00fcl\u00fc, \u00d6n\u00fc D\u00fc\u011fmeli<\/p>\n<\/li>\n<li>\n<p class=\"ds-markdown-paragraph translation-block\"><strong>Uzunluk:<\/strong>\u00a0Mini<\/p>\n<\/li>\n<li>\n<p class=\"ds-markdown-paragraph translation-block\">Malzeme: Dokuma Kuma\u015f<\/p>\n<\/li>\n<li>\n<p class=\"ds-markdown-paragraph translation-block\"><strong>Bile\u015fim:<\/strong> Polyester, %3 Viskon<\/p>\n<\/li>\n<li>\n<p class=\"ds-markdown-paragraph translation-block\"><strong>Bak\u0131m Talimatlar\u0131:<\/strong>\u00a0Makine y\u0131kama veya profesyonel kuru temizleme<\/p>\n<\/li>\n<li>\n<p class=\"ds-markdown-paragraph translation-block\"><strong>Kesim Tipi:<\/strong>\u00a0Normal Kesim<\/p>\n<\/li>\n<li>\n<p class=\"ds-markdown-paragraph translation-block\">Esneklik: Esnemez<\/p>\n<\/li>\n<\/ul>\n<p class=\"ds-markdown-paragraph\">Zahmetsizce \u015f\u0131k ve son derece kullan\u0131\u015fl\u0131 olan Aloruh G\u00f6mlek Elbise, g\u00fcnd\u00fczden geceye sorunsuz bir ge\u00e7i\u015f sa\u011flayan, her t\u00fcrl\u00fc g\u00fcndelik veya g\u00fcnl\u00fck etkinlik i\u00e7in zamans\u0131z bir zarafet sunan olmazsa olmaz bir par\u00e7ad\u0131r.<\/p>\n<\/div>\n<\/div>\n<div class=\"ds-theme\"><\/div>\n<div class=\"ds-flex _0a3d93b\">\n<div class=\"ds-flex _965abe9 _54866f7\">\n<div class=\"ds-icon-button db183363\" tabindex=\"-1\" role=\"button\" aria-disabled=\"false\">\n<div class=\"ds-icon-button__hover-bg\"><\/div>\n<div class=\"ds-icon\"><\/div>\n<\/div>\n<div class=\"ds-icon-button db183363\" tabindex=\"-1\" role=\"button\" aria-disabled=\"false\">\n<div class=\"ds-icon-button__hover-bg\"><\/div>\n<div class=\"ds-icon\"><\/div>\n<\/div>\n<div class=\"ds-icon-button db183363\" tabindex=\"-1\" role=\"button\" aria-disabled=\"false\">\n<div class=\"ds-icon-button__hover-bg\"><\/div>\n<div class=\"ds-icon\"><\/div>\n<\/div>\n<div class=\"ds-icon-button db183363\" tabindex=\"-1\" role=\"button\" aria-disabled=\"false\">\n<div class=\"ds-icon-button__hover-bg\"><\/div>\n<div class=\"ds-icon\"><\/div>\n<\/div>\n<div class=\"ds-icon-button db183363\" tabindex=\"-1\" role=\"button\" aria-disabled=\"false\">\n<div class=\"ds-icon-button__hover-bg\"><\/div>\n<div class=\"ds-icon\"><\/div>\n<\/div>\n<\/div>\n<div><\/div>\n<\/div>\n<\/div>\n<\/div>\n<div class=\"_871cbca\"><\/div>","protected":false},"excerpt":{"rendered":"<p>Aloruh Women&#8217;s Navy Blue Ruched Shirt Dress Discover the perfect blend of classic charm and modern style with the Aloruh Women&#8217;s Shirt Dress. This elegant mini dress combines the timeless structure of a collared shirt with contemporary details like a ruched bodice and a high-waisted pencil skirt, creating a versatile and sophisticated look ideal for [&hellip;]<\/p>","protected":false},"featured_media":31359,"comment_status":"open","ping_status":"closed","template":"","meta":{"_monsterinsights_skip_tracking":false,"_monsterinsights_sitenote_active":false,"_monsterinsights_sitenote_note":"","_monsterinsights_sitenote_category":0},"product_brand":[],"product_cat":[15,76],"product_tag":[],"class_list":{"0":"post-31272","1":"product","2":"type-product","3":"status-publish","4":"has-post-thumbnail","6":"product_cat-uncategorized","7":"product_cat-womens-clothing","9":"first","10":"instock","11":"shipping-taxable","12":"purchasable","13":"product-type-simple"},"aioseo_notices":[],"_links":{"self":[{"href":"https:\/\/xn--kbrsglobalstore-7kcc.com\/tr\/wp-json\/wp\/v2\/product\/31272","targetHints":{"allow":["GET"]}}],"collection":[{"href":"https:\/\/xn--kbrsglobalstore-7kcc.com\/tr\/wp-json\/wp\/v2\/product"}],"about":[{"href":"https:\/\/xn--kbrsglobalstore-7kcc.com\/tr\/wp-json\/wp\/v2\/types\/product"}],"replies":[{"embeddable":true,"href":"https:\/\/xn--kbrsglobalstore-7kcc.com\/tr\/wp-json\/wp\/v2\/comments?post=31272"}],"wp:featuredmedia":[{"embeddable":true,"href":"https:\/\/xn--kbrsglobalstore-7kcc.com\/tr\/wp-json\/wp\/v2\/media\/31359"}],"wp:attachment":[{"href":"https:\/\/xn--kbrsglobalstore-7kcc.com\/tr\/wp-json\/wp\/v2\/media?parent=31272"}],"wp:term":[{"taxonomy":"product_brand","embeddable":true,"href":"https:\/\/xn--kbrsglobalstore-7kcc.com\/tr\/wp-json\/wp\/v2\/product_brand?post=31272"},{"taxonomy":"product_cat","embeddable":true,"href":"https:\/\/xn--kbrsglobalstore-7kcc.com\/tr\/wp-json\/wp\/v2\/product_cat?post=31272"},{"taxonomy":"product_tag","embeddable":true,"href":"https:\/\/xn--kbrsglobalstore-7kcc.com\/tr\/wp-json\/wp\/v2\/product_tag?post=31272"}],"curies":[{"name":"wp","href":"https:\/\/api.w.org\/{rel}","templated":true}]}}