{"id":31264,"date":"2025-11-10T19:07:55","date_gmt":"2025-11-10T19:07:55","guid":{"rendered":"https:\/\/xn--kbrsglobalstore-7kcc.com\/?post_type=product&#038;p=31264"},"modified":"2025-12-14T23:55:46","modified_gmt":"2025-12-14T23:55:46","slug":"aloruh-womens-sexy-minimalist-solid-color-backless-long-sleeve-fitted-fishtail-hem-dress","status":"publish","type":"product","link":"https:\/\/xn--kbrsglobalstore-7kcc.com\/tr\/urun\/aloruh-womens-sexy-minimalist-solid-color-backless-long-sleeve-fitted-fishtail-hem-dress\/","title":{"rendered":"Aloruh Kad\u0131n Seksi Minimalist Tek Renk S\u0131rt\u0131 A\u00e7\u0131k Uzun Kollu Bal\u0131k Kuyru\u011fu Etek Ucu Elbise"},"content":{"rendered":"<h1 class=\"product-intro__head-name\" tabindex=\"0\"><span class=\"fsp-element\">Aloruh Kad\u0131n Seksi Minimalist D\u00fcz Renk S\u0131rt\u0131 A\u00e7\u0131k Uzun Kollu V\u00fccuda Oturan Bal\u0131k Kuyru\u011fu Etekli Elbise Sonbahar K\u0131yafetleri Kad\u0131nlar \u0130\u00e7in Sonbahar K\u0131yafetleri T\u00fcm Kad\u0131n Kombinleri Sonbahar K\u0131yafetleri Kad\u0131n Sonbahar K\u0131yafetleri Parti Elbisesi Uzun Parti Elbiseleri \u015e\u0131k Parti Elbiseleri Parti Elbiseleri Kad\u0131nlar \u0130\u00e7in \u015e\u0131k Abiye Elbiseler Bordo Elbise Kad\u0131nlar \u0130\u00e7in Bordo Abiye Elbise \u015earap K\u0131rm\u0131z\u0131s\u0131 Elbise Marsala Elbise D\u00fc\u011f\u00fcn Misafiri Elbisesi Kad\u0131n D\u00fc\u011f\u00fcn Misafiri Elbisesi D\u00fc\u011f\u00fcn Misafiri \u0130\u00e7in Elbise D\u00fc\u011f\u00fcn Misafiri \u0130\u00e7in Abiye Elbiseler D\u00fc\u011f\u00fcn Etkinli\u011fi \u0130\u00e7in Elbiseler D\u00fc\u011f\u00fcn Misafiri Elbisesi \u015e\u0131k D\u00fc\u011f\u00fcn Elbiseleri D\u00fc\u011f\u00fcn \u0130\u00e7in Abiye Elbise \u015e\u0131k D\u00fc\u011f\u00fcn \u015e\u0131k Abiye Elbise \u015e\u0131k Elbise Bordo S\u0131rt\u0131 A\u00e7\u0131k Uzun Kollu Maksi Elbise: Partiler, Randevular, Romantik Anlar \u0130\u00e7in Seksi, Tanr\u0131\u00e7a Gibi, Zay\u0131flat\u0131c\u0131, Y\u0131lba\u015f\u0131 Gecesi \u0130\u00e7in M\u00fckemmel.<\/span><\/h1>","protected":false},"excerpt":{"rendered":"<p>Aloruh Women&#8217;s Sexy Minimalist Solid Color Backless Long Sleeve Fitted Fishtail Hem Dress Fall\u00a0Clothes\u00a0Fall\u00a0Clothes\u00a0For\u00a0Women All\u00a0Outfits\u00a0Women Fall\u00a0Outfits\u00a0For\u00a0Women\u00a0Fall\u00a0Outfits Autumn\u00a0Clothes Women&#8217;s\u00a0Fall\u00a0Clothes Party Dress Long Party Dresses Elegant Dresses For Party Party Dresses Party Dresses For Women Elegant Evening Dresses Burgundy Dress Burgundy Formal Dress For Women Wine Red Dress Marsala Dress Wedding\u00a0Guest\u00a0Dress\u00a0Women\u00a0Wedding\u00a0Guest\u00a0Dress\u00a0\u00a0Dress\u00a0For\u00a0Wedding\u00a0Guest Formal\u00a0Dresses\u00a0For\u00a0Wedding\u00a0Guest Dresses\u00a0For\u00a0Wedding\u00a0Event Wedding\u00a0Guest\u00a0Dress\u00a0Elegant\u00a0 Wedding\u00a0Guest Wedding\u00a0Guest\u00a0Dresses\u00a0 Wedding\u00a0Dress\u00a0Guest\u00a0 [&hellip;]<\/p>","protected":false},"featured_media":31366,"comment_status":"open","ping_status":"closed","template":"","meta":{"_monsterinsights_skip_tracking":false,"_monsterinsights_sitenote_active":false,"_monsterinsights_sitenote_note":"","_monsterinsights_sitenote_category":0},"product_brand":[],"product_cat":[15,76],"product_tag":[],"class_list":{"0":"post-31264","1":"product","2":"type-product","3":"status-publish","4":"has-post-thumbnail","6":"product_cat-uncategorized","7":"product_cat-womens-clothing","9":"first","10":"instock","11":"shipping-taxable","12":"purchasable","13":"product-type-simple"},"aioseo_notices":[],"_links":{"self":[{"href":"https:\/\/xn--kbrsglobalstore-7kcc.com\/tr\/wp-json\/wp\/v2\/product\/31264","targetHints":{"allow":["GET"]}}],"collection":[{"href":"https:\/\/xn--kbrsglobalstore-7kcc.com\/tr\/wp-json\/wp\/v2\/product"}],"about":[{"href":"https:\/\/xn--kbrsglobalstore-7kcc.com\/tr\/wp-json\/wp\/v2\/types\/product"}],"replies":[{"embeddable":true,"href":"https:\/\/xn--kbrsglobalstore-7kcc.com\/tr\/wp-json\/wp\/v2\/comments?post=31264"}],"wp:featuredmedia":[{"embeddable":true,"href":"https:\/\/xn--kbrsglobalstore-7kcc.com\/tr\/wp-json\/wp\/v2\/media\/31366"}],"wp:attachment":[{"href":"https:\/\/xn--kbrsglobalstore-7kcc.com\/tr\/wp-json\/wp\/v2\/media?parent=31264"}],"wp:term":[{"taxonomy":"product_brand","embeddable":true,"href":"https:\/\/xn--kbrsglobalstore-7kcc.com\/tr\/wp-json\/wp\/v2\/product_brand?post=31264"},{"taxonomy":"product_cat","embeddable":true,"href":"https:\/\/xn--kbrsglobalstore-7kcc.com\/tr\/wp-json\/wp\/v2\/product_cat?post=31264"},{"taxonomy":"product_tag","embeddable":true,"href":"https:\/\/xn--kbrsglobalstore-7kcc.com\/tr\/wp-json\/wp\/v2\/product_tag?post=31264"}],"curies":[{"name":"wp","href":"https:\/\/api.w.org\/{rel}","templated":true}]}}