{"id":31258,"date":"2025-11-10T19:01:26","date_gmt":"2025-11-10T19:01:26","guid":{"rendered":"https:\/\/xn--kbrsglobalstore-7kcc.com\/?post_type=product&#038;p=31258"},"modified":"2025-12-14T23:55:46","modified_gmt":"2025-12-14T23:55:46","slug":"sweetra-1pc-solid-color-velvet-off-shoulder-ruched-bodycon-slit-dress-for-new-year-holiday-party-clothes-burgundy-maxi-women-outfit","status":"publish","type":"product","link":"https:\/\/xn--kbrsglobalstore-7kcc.com\/tr\/urun\/sweetra-1pc-solid-color-velvet-off-shoulder-ruched-bodycon-slit-dress-for-new-year-holiday-party-clothes-burgundy-maxi-women-outfit\/","title":{"rendered":"Sweetra 1 Par\u00e7a D\u00fcz Renk Kadife Omuzsuz B\u00fczg\u00fcl\u00fc V\u00fccuda Oturan Y\u0131rtma\u00e7l\u0131 Elbise Y\u0131lba\u015f\u0131 Tatil Partisi K\u0131yafeti Bordo Maxi Kad\u0131n K\u0131yafeti"},"content":{"rendered":"<h3><strong>Sweetra Solid Burgundy Velvet Off-Shoulder Bodycon Slit Maxi Dress<\/strong><\/h3>\n<p class=\"ds-markdown-paragraph\">Duyusal zarafetin ba\u015fyap\u0131t\u0131 olan Sweetra Kadife Elbise ile her kutlamada t\u00fcm dikkatleri \u00fczerinize \u00e7ekin. Koyu bordo tonunda, l\u00fcks ve esnek kadifeden \u00fcretilen bu v\u00fccuda oturan maksi elbise, kusursuz ince kesimi, \u00e7arp\u0131c\u0131 omuz dekoltesi ve cesur y\u00fcksek y\u0131rtmac\u0131yla k\u0131vr\u0131mlar\u0131n\u0131z\u0131 vurgulamak i\u00e7in tasarland\u0131; bu da onu Y\u0131lba\u015f\u0131 gecesi partiniz veya herhangi bir g\u00f6z al\u0131c\u0131 tatil etkinli\u011fi i\u00e7in m\u00fckemmel bir k\u0131yafet haline getiriyor.<\/p>\n<p class=\"ds-markdown-paragraph\"><strong>Temel \u00d6zellikler<\/strong><\/p>\n<ul>\n<li>\n<p class=\"ds-markdown-paragraph translation-block\"><strong>\u00c7arp\u0131c\u0131 V\u00fccuda Oturan Sil\u00fcet:<\/strong> <strong>V\u00fccuda Oturan<\/strong> ve <strong>Dar Kesim<\/strong> modelleri, k\u0131vr\u0131mlar\u0131n\u0131z\u0131 saracak \u015fekilde ustaca dikilmi\u015ftir; <strong>Kalem Etek<\/strong> ise g\u00fc\u00e7l\u00fc ve sofistike bir g\u00f6r\u00fcn\u00fcm i\u00e7in fig\u00fcr\u00fcn\u00fcz\u00fc uzat\u0131r.<\/p>\n<\/li>\n<li>\n<p class=\"ds-markdown-paragraph translation-block\"><strong>Etkileyici ve B\u00fcy\u00fcleyici Detaylar:<\/strong>\u00a0Omuzlar\u0131 a\u00e7\u0131kta b\u0131rakan yaka, zamans\u0131z bir romantizmi yans\u0131t\u0131rken, cesur uyluk hizas\u0131na kadar uzanan y\u0131rtma\u00e7 modern ve etkileyici bir hava kat\u0131yor. Gizli bir fermuar, temiz ve g\u00fcvenli bir kapan\u0131\u015f sa\u011flar.<\/p>\n<\/li>\n<li>\n<p class=\"ds-markdown-paragraph translation-block\"><strong>G\u00f6steri\u015fli Kadife Kuma\u015f:<\/strong> Polyester ve %5 Elastan'dan olu\u015fan l\u00fcks bir kar\u0131\u015f\u0131mdan \u00fcretilen kuma\u015f, \u015feklini kaybetmeden ola\u011fan\u00fcst\u00fc konfor ve hareket \u00f6zg\u00fcrl\u00fc\u011f\u00fc sa\u011flayan <strong>Y\u00fcksek Esneklik<\/strong> \u00f6zelli\u011fiyle yumu\u015fak ve kadifemsi bir his sunar.<\/p>\n<\/li>\n<li>\n<p class=\"ds-markdown-paragraph translation-block\"><strong>Zarif ve \u015eenlikli:<\/strong> Zengin <strong>Bordo<\/strong> rengi ve <strong>Sade<\/strong> tasar\u0131m\u0131 l\u00fcks\u00fc yans\u0131tarak, <strong>Y\u0131lba\u015f\u0131<\/strong> kutlamalar\u0131, kokteyl partileri ve dikkat \u00e7ekmek istedi\u011finiz di\u011fer resmi etkinlikler i\u00e7in m\u00fckemmel bir <strong>Zarif<\/strong> se\u00e7imdir.<\/p>\n<\/li>\n<li>\n<p class=\"ds-markdown-paragraph translation-block\"><strong>Pratik L\u00fcks:<\/strong> Elbise astars\u0131zd\u0131r ancak \u015feffaf olmayan kuma\u015ftan \u00fcretilmi\u015ftir, bu da rahat bir kullan\u0131m sa\u011flar. Hem makinede y\u0131kanabilir hem de profesyonel kuru temizlemeye uygun oldu\u011fu i\u00e7in bak\u0131m\u0131 kolayd\u0131r.<\/p>\n<\/li>\n<\/ul>\n<p class=\"ds-markdown-paragraph\"><strong>\u00d6zellikler:<\/strong><\/p>\n<ul>\n<li>\n<p class=\"ds-markdown-paragraph translation-block\"><strong>Tarz:<\/strong> Zarif<\/p>\n<\/li>\n<li>\n<p class=\"ds-markdown-paragraph translation-block\"><strong>T\u00fcr:<\/strong>\u00a0V\u00fccuda Oturan Elbise<\/p>\n<\/li>\n<li>\n<p class=\"ds-markdown-paragraph translation-block\">Yaka Tipi: Omuzdan A\u00e7\u0131k<\/p>\n<\/li>\n<li>\n<p class=\"ds-markdown-paragraph translation-block\">Bel: Do\u011fal (Orta Bel)<\/p>\n<\/li>\n<li>\n<p class=\"ds-markdown-paragraph translation-block\"><strong>Kenar:<\/strong>\u00a0Kalem<\/p>\n<\/li>\n<li>\n<p class=\"ds-markdown-paragraph translation-block\"><strong>Detaylar:<\/strong>\u00a0Bacak aras\u0131 y\u0131rtma\u00e7, Fermuar, B\u00fczg\u00fcl\u00fc<\/p>\n<\/li>\n<li>\n<p class=\"ds-markdown-paragraph translation-block\"><strong>Boyut:<\/strong>\u00a0Uzun (Maxi)<\/p>\n<\/li>\n<li>\n<p class=\"ds-markdown-paragraph translation-block\">Malzeme: Kadife<\/p>\n<\/li>\n<li>\n<p class=\"ds-markdown-paragraph translation-block\"><strong>Bile\u015fim:<\/strong> Polyester, %5 Elastan<\/p>\n<\/li>\n<li>\n<p class=\"ds-markdown-paragraph translation-block\"><strong>Bak\u0131m Talimatlar\u0131:<\/strong>\u00a0Makine y\u0131kama veya profesyonel kuru temizleme<\/p>\n<\/li>\n<li>\n<p class=\"ds-markdown-paragraph translation-block\"><strong>Kesim Tipi:<\/strong>\u00a0Dar Kesim<\/p>\n<\/li>\n<li>\n<p class=\"ds-markdown-paragraph translation-block\"><strong>Esneklik:<\/strong>\u00a0Y\u00fcksek Esneklik<\/p>\n<\/li>\n<\/ul>\n<p class=\"ds-markdown-paragraph\">Sweetra Elbisesi ile sahne \u0131\u015f\u0131klar\u0131n\u0131n alt\u0131na \u00f6zg\u00fcvenle ad\u0131m at\u0131n. Bu sadece bir k\u0131yafet de\u011fil; en unutulmaz geceleriniz i\u00e7in zarafet ve \u00f6zg\u00fcvenin bir ifadesi.<\/p>","protected":false},"excerpt":{"rendered":"<p>Sweetra Solid Burgundy Velvet Off-Shoulder Bodycon Slit Maxi Dress Command attention at any celebration in the Sweetra Velvet Dress, a masterpiece of sensual elegance. Crafted from sumptuous, stretch velvet in a deep Burgundy hue, this bodycon maxi dress is designed to highlight your curves with a flawless slim fit, dramatic off-the-shoulder neckline, and a daring [&hellip;]<\/p>","protected":false},"featured_media":31373,"comment_status":"open","ping_status":"closed","template":"","meta":{"_monsterinsights_skip_tracking":false,"_monsterinsights_sitenote_active":false,"_monsterinsights_sitenote_note":"","_monsterinsights_sitenote_category":0},"product_brand":[],"product_cat":[15,76],"product_tag":[],"class_list":{"0":"post-31258","1":"product","2":"type-product","3":"status-publish","4":"has-post-thumbnail","6":"product_cat-uncategorized","7":"product_cat-womens-clothing","9":"first","10":"instock","11":"shipping-taxable","12":"purchasable","13":"product-type-simple"},"aioseo_notices":[],"_links":{"self":[{"href":"https:\/\/xn--kbrsglobalstore-7kcc.com\/tr\/wp-json\/wp\/v2\/product\/31258","targetHints":{"allow":["GET"]}}],"collection":[{"href":"https:\/\/xn--kbrsglobalstore-7kcc.com\/tr\/wp-json\/wp\/v2\/product"}],"about":[{"href":"https:\/\/xn--kbrsglobalstore-7kcc.com\/tr\/wp-json\/wp\/v2\/types\/product"}],"replies":[{"embeddable":true,"href":"https:\/\/xn--kbrsglobalstore-7kcc.com\/tr\/wp-json\/wp\/v2\/comments?post=31258"}],"wp:featuredmedia":[{"embeddable":true,"href":"https:\/\/xn--kbrsglobalstore-7kcc.com\/tr\/wp-json\/wp\/v2\/media\/31373"}],"wp:attachment":[{"href":"https:\/\/xn--kbrsglobalstore-7kcc.com\/tr\/wp-json\/wp\/v2\/media?parent=31258"}],"wp:term":[{"taxonomy":"product_brand","embeddable":true,"href":"https:\/\/xn--kbrsglobalstore-7kcc.com\/tr\/wp-json\/wp\/v2\/product_brand?post=31258"},{"taxonomy":"product_cat","embeddable":true,"href":"https:\/\/xn--kbrsglobalstore-7kcc.com\/tr\/wp-json\/wp\/v2\/product_cat?post=31258"},{"taxonomy":"product_tag","embeddable":true,"href":"https:\/\/xn--kbrsglobalstore-7kcc.com\/tr\/wp-json\/wp\/v2\/product_tag?post=31258"}],"curies":[{"name":"wp","href":"https:\/\/api.w.org\/{rel}","templated":true}]}}