{"id":31251,"date":"2025-11-10T18:57:29","date_gmt":"2025-11-10T18:57:29","guid":{"rendered":"https:\/\/xn--kbrsglobalstore-7kcc.com\/?post_type=product&#038;p=31251"},"modified":"2025-12-14T23:55:46","modified_gmt":"2025-12-14T23:55:46","slug":"sunnyshic-light-apricot-textured-fabric-pleated-tube-top-wide-loose-waist-dress-with-spaghetti-straps-relaxed-vacation-style","status":"publish","type":"product","link":"https:\/\/xn--kbrsglobalstore-7kcc.com\/tr\/urun\/sunnyshic-light-apricot-textured-fabric-pleated-tube-top-wide-loose-waist-dress-with-spaghetti-straps-relaxed-vacation-style\/","title":{"rendered":"Sunnyshic A\u00e7\u0131k Kay\u0131s\u0131 Rengi Dokulu Kuma\u015f Pileli Ask\u0131l\u0131, Geni\u015f Bel Kesimli, \u0130nce Ask\u0131l\u0131, Rahat Tatil Tarz\u0131 Elbise"},"content":{"rendered":"<h3><strong>Sunnyshic A\u00e7\u0131k Kay\u0131s\u0131 Rengi Dokulu Kuma\u015f Pileli Ask\u0131l\u0131 Geni\u015f Bel Elbise<\/strong><\/h3>\n<p class=\"ds-markdown-paragraph\">Sunnyshic A\u00e7\u0131k Kay\u0131s\u0131 Elbisesi ile zahmetsiz ve rahat bir stile kavu\u015fun. Maksimum rahatl\u0131k ve kad\u0131ns\u0131 \u00e7ekicilik i\u00e7in tasarlanan bu midi elbise, rahat ve bol bir beli, zarif ince ask\u0131lar\u0131 ve g\u00fczelce katmanl\u0131 etek ucu gibi \u015f\u0131k detaylarla birle\u015ftirerek tatil gard\u0131robunuz ve s\u0131cak havalardaki gezileriniz i\u00e7in m\u00fckemmel bir e\u015flik\u00e7i haline geliyor.<\/p>\n<p class=\"ds-markdown-paragraph\"><strong>Temel \u00d6zellikler<\/strong><\/p>\n<ul>\n<li>\n<p class=\"ds-markdown-paragraph translation-block\">Rahat ve \u015e\u0131k Sil\u00fcet: Bu ask\u0131l\u0131 bluz tarz\u0131 elbise, geni\u015f ve bol bir alt k\u0131sma do\u011fru akan y\u00fcksek bel tasar\u0131m\u0131yla, v\u00fccudu zarif bir \u015fekilde saran rahat bir dar kesim sunar. Katmanl\u0131 ve f\u0131rf\u0131rl\u0131 etek ucu, hareketlilik ve ne\u015feli, romantik bir dokunu\u015f katar.<\/p>\n<\/li>\n<li>\n<p class=\"ds-markdown-paragraph translation-block\"><strong>B\u00fcy\u00fcleyici Tasar\u0131m Detaylar\u0131:<\/strong>\u00a0B\u00fczg\u00fcl\u00fc \u00fcst k\u0131s\u0131m esnek ve v\u00fccuda oturan bir kesim sa\u011flarken, ince ask\u0131lar ve kolsuz tasar\u0131m serin ve \u015f\u0131k bir g\u00f6r\u00fcn\u00fcm sunar. S\u0131rt\u0131 a\u00e7\u0131k detay\u0131 ise g\u00fcne\u015fli bir g\u00fcn i\u00e7in m\u00fckemmel, zarif bir \u00e7ekicilik kat\u0131yor.<\/p>\n<\/li>\n<li>\n<p class=\"ds-markdown-paragraph translation-block\"><strong>Premium Dokulu Kuma\u015f:<\/strong> 0 Polyesterden \u00fcretilmi\u015f y\u00fcksek kaliteli <strong>Esnek Olmayan Dokuma Kuma\u015ftan<\/strong> \u00fcretilen malzeme, ince bir dokuya ve zarif pilelere sahiptir. \u015eeffafl\u0131k ve konfor i\u00e7in <strong>astarl\u0131d\u0131r (G\u00f6vde: Evet)<\/strong>, bu da onu <strong>\u015feffaf olmayan<\/strong> ve giymeye haz\u0131r hale getirir.<\/p>\n<\/li>\n<li>\n<p class=\"ds-markdown-paragraph translation-block\">\u00c7ok Y\u00f6nl\u00fc Kullan\u0131m: Yumu\u015fak kay\u0131s\u0131 rengi ve d\u00fcz deseni, rahat ve g\u00fcne\u015fli bir zarafet yay\u0131yor. Rahat bir tatil stili i\u00e7in m\u00fckemmel olmas\u0131n\u0131n yan\u0131 s\u0131ra, g\u00fcnl\u00fck geziler, plaj \u00f6rt\u00fcs\u00fc veya d\u00fc\u011f\u00fcnler ve Ramazan, Ramazan Bayram\u0131 ve Kurban Bayram\u0131 gibi \u00f6zel g\u00fcnler ve festivaller i\u00e7in de g\u00fczel bir se\u00e7imdir.<\/p>\n<\/li>\n<li>\n<p class=\"ds-markdown-paragraph translation-block\"><strong>Kolay Bak\u0131m:<\/strong> Elbise rahatl\u0131kla <strong>makinede y\u0131kanabilir<\/strong> veya profesyonel kuru temizleme yap\u0131labilir, b\u00f6ylece maceralar\u0131n\u0131z boyunca taze ve g\u00fczel kal\u0131r.<\/p>\n<\/li>\n<\/ul>\n<p class=\"ds-markdown-paragraph\"><strong>\u00d6zellikler:<\/strong><\/p>\n<ul>\n<li>\n<p class=\"ds-markdown-paragraph translation-block\">Stil: G\u00fcnl\u00fck<\/p>\n<\/li>\n<li>\n<p class=\"ds-markdown-paragraph translation-block\"><strong>T\u00fcr:<\/strong>\u00a0Ami Elbise<\/p>\n<\/li>\n<li>\n<p class=\"ds-markdown-paragraph translation-block\"><strong>Yaka\/Ask\u0131lar:<\/strong> \u0130nce Ask\u0131l\u0131<\/p>\n<\/li>\n<li>\n<p class=\"ds-markdown-paragraph translation-block\">Bel: Y\u00fcksek Bel, Bol Kesim<\/p>\n<\/li>\n<li>\n<p class=\"ds-markdown-paragraph translation-block\"><strong>Etek Ucu:<\/strong>\u00a0Katmanl\u0131\/Katmanl\u0131, F\u0131rf\u0131rl\u0131 Etek Ucu<\/p>\n<\/li>\n<li>\n<p class=\"ds-markdown-paragraph translation-block\"><strong>Detaylar:<\/strong>\u00a0S\u0131rt\u0131 a\u00e7\u0131k, b\u00fczg\u00fcl\u00fc<\/p>\n<\/li>\n<li>\n<p class=\"ds-markdown-paragraph translation-block\"><strong>Uzunluk:<\/strong>\u00a0Midi<\/p>\n<\/li>\n<li>\n<p class=\"ds-markdown-paragraph translation-block\">Malzeme: Dokuma Kuma\u015f (0 Polyester)<\/p>\n<\/li>\n<li>\n<p class=\"ds-markdown-paragraph translation-block\"><strong>Bak\u0131m Talimatlar\u0131:<\/strong>\u00a0Makine y\u0131kama veya profesyonel kuru temizleme<\/p>\n<\/li>\n<li>\n<p class=\"ds-markdown-paragraph translation-block\"><strong>Kesim Tipi:<\/strong>\u00a0Dar Kesim (\u00dcst K\u0131s\u0131m)<\/p>\n<\/li>\n<li>\n<p class=\"ds-markdown-paragraph translation-block\">Esneklik: Esnemez<\/p>\n<\/li>\n<li>\n<p class=\"ds-markdown-paragraph translation-block\"><strong>Astar:<\/strong>\u00a0Evet (G\u00f6vde astarl\u0131d\u0131r)<\/p>\n<\/li>\n<\/ul>","protected":false},"excerpt":{"rendered":"<p>Sunnyshic Light Apricot Textured Fabric Pleated Tube Top Wide Loose Waist Dress Embrace effortless, breezy style with the Sunnyshic Light Apricot Dress. Designed for ultimate relaxation and feminine charm, this midi dress combines a comfortable, loose waist with elegant details like delicate spaghetti straps and a beautifully layered hem, making it the perfect companion for [&hellip;]<\/p>","protected":false},"featured_media":31378,"comment_status":"open","ping_status":"closed","template":"","meta":{"_monsterinsights_skip_tracking":false,"_monsterinsights_sitenote_active":false,"_monsterinsights_sitenote_note":"","_monsterinsights_sitenote_category":0},"product_brand":[],"product_cat":[15,76],"product_tag":[],"class_list":{"0":"post-31251","1":"product","2":"type-product","3":"status-publish","4":"has-post-thumbnail","6":"product_cat-uncategorized","7":"product_cat-womens-clothing","9":"first","10":"instock","11":"shipping-taxable","12":"purchasable","13":"product-type-simple"},"aioseo_notices":[],"_links":{"self":[{"href":"https:\/\/xn--kbrsglobalstore-7kcc.com\/tr\/wp-json\/wp\/v2\/product\/31251","targetHints":{"allow":["GET"]}}],"collection":[{"href":"https:\/\/xn--kbrsglobalstore-7kcc.com\/tr\/wp-json\/wp\/v2\/product"}],"about":[{"href":"https:\/\/xn--kbrsglobalstore-7kcc.com\/tr\/wp-json\/wp\/v2\/types\/product"}],"replies":[{"embeddable":true,"href":"https:\/\/xn--kbrsglobalstore-7kcc.com\/tr\/wp-json\/wp\/v2\/comments?post=31251"}],"wp:featuredmedia":[{"embeddable":true,"href":"https:\/\/xn--kbrsglobalstore-7kcc.com\/tr\/wp-json\/wp\/v2\/media\/31378"}],"wp:attachment":[{"href":"https:\/\/xn--kbrsglobalstore-7kcc.com\/tr\/wp-json\/wp\/v2\/media?parent=31251"}],"wp:term":[{"taxonomy":"product_brand","embeddable":true,"href":"https:\/\/xn--kbrsglobalstore-7kcc.com\/tr\/wp-json\/wp\/v2\/product_brand?post=31251"},{"taxonomy":"product_cat","embeddable":true,"href":"https:\/\/xn--kbrsglobalstore-7kcc.com\/tr\/wp-json\/wp\/v2\/product_cat?post=31251"},{"taxonomy":"product_tag","embeddable":true,"href":"https:\/\/xn--kbrsglobalstore-7kcc.com\/tr\/wp-json\/wp\/v2\/product_tag?post=31251"}],"curies":[{"name":"wp","href":"https:\/\/api.w.org\/{rel}","templated":true}]}}