{"id":31242,"date":"2025-11-10T18:50:29","date_gmt":"2025-11-10T18:50:29","guid":{"rendered":"https:\/\/xn--kbrsglobalstore-7kcc.com\/?post_type=product&#038;p=31242"},"modified":"2025-12-14T23:55:46","modified_gmt":"2025-12-14T23:55:46","slug":"rosydaze-womens-mid-length-solid-color-coat-notched-lapel-double-breasted-windproof-jacket-for-winter-fall-cloth-for-women","status":"publish","type":"product","link":"https:\/\/xn--kbrsglobalstore-7kcc.com\/tr\/urun\/rosydaze-womens-mid-length-solid-color-coat-notched-lapel-double-breasted-windproof-jacket-for-winter-fall-cloth-for-women\/","title":{"rendered":"RosyDaze Kad\u0131n Orta Boy D\u00fcz Renk Palto, \u00c7entikli Yaka, \u00c7ift D\u00fc\u011fmeli, R\u00fczgar Ge\u00e7irmez K\u0131\u015fl\u0131k ve Sonbaharl\u0131k Kad\u0131n Giyim Ceketi"},"content":{"rendered":"<h3><strong>RosyDaze Kad\u0131n Orta Boy D\u00fcz Bordo \u00c7entikli Yakal\u0131 \u00c7ift D\u00fc\u011fmeli Palto<\/strong><\/h3>\n<p class=\"ds-markdown-paragraph\">Zamans\u0131z zarafetin pratik tasar\u0131mla bulu\u015ftu\u011fu RosyDaze Kad\u0131n Palto ile so\u011fuk havalardaki gard\u0131robunuzu bir \u00fcst seviyeye ta\u015f\u0131y\u0131n. Zengin bordo tonundaki bu sofistike orta boy palto, klasik kruvaze \u00f6n\u00fc ve keskin \u00e7entikli yakas\u0131yla, profesyonel ofis ortamlar\u0131ndan \u015fenlikli tatil bulu\u015fmalar\u0131na kadar her ortama sorunsuz bir \u015fekilde uyum sa\u011flayan \u00e7ok y\u00f6nl\u00fc bir par\u00e7ad\u0131r.<\/p>\n<p class=\"ds-markdown-paragraph\"><strong>Temel \u00d6zellikler<\/strong><\/p>\n<ul>\n<li>\n<p class=\"ds-markdown-paragraph translation-block\"><strong>Zamans\u0131z Zarif Tasar\u0131m:<\/strong> <strong>\u00c7ift d\u00fc\u011fmeli<\/strong> patlet, <strong>\u00e7entikli yaka<\/strong> ve <strong>uzun kollu<\/strong>, klasik ve zarif bir sil\u00fcet olu\u015fturur. <strong>Normal kesim<\/strong> ve <strong>midi boy<\/strong>, her k\u0131yafetle uyumlu, \u015f\u0131k ve klasik bir g\u00f6r\u00fcn\u00fcm sunar.<\/p>\n<\/li>\n<li>\n<p class=\"ds-markdown-paragraph translation-block\"><strong>Yap\u0131land\u0131r\u0131lm\u0131\u015f ve Pratik:<\/strong> Y\u00fcksek kaliteli, <strong>Esnek Olmayan Dokuma Kuma\u015ftan<\/strong> \u00fcretilen bu palto, \u015feklini korur ve d\u00fczg\u00fcn, yap\u0131land\u0131r\u0131lm\u0131\u015f bir duru\u015f sa\u011flar. <strong>Astars\u0131z<\/strong> yap\u0131s\u0131, <strong>Sonbahar Sonu<\/strong> havalar\u0131 (50-63\u00b0F) i\u00e7in m\u00fckemmel bir hafif katman olu\u015fturur.<\/p>\n<\/li>\n<li>\n<p class=\"ds-markdown-paragraph translation-block\"><strong>Fonksiyonel Detaylar:<\/strong> Hem \u015f\u0131kl\u0131k hem de kullan\u0131\u015fl\u0131l\u0131k d\u00fc\u015f\u00fcn\u00fclerek tasarlanan bu \u00fcr\u00fcn, ellerinizi \u0131s\u0131tmak i\u00e7in fonksiyonel <strong>Cepler<\/strong> ve rahat ve \u015f\u0131k bir kapan\u0131\u015f i\u00e7in \u00e7ift d\u00fc\u011fmeli detaylara sahip g\u00fcvenli bir <strong>D\u00fc\u011fmeli \u00d6n K\u0131s\u0131m<\/strong> i\u00e7erir.<\/p>\n<\/li>\n<li>\n<p class=\"ds-markdown-paragraph translation-block\">\u00c7ok Y\u00f6nl\u00fc Kullan\u0131m: Sade ve zarif stili ofis i\u00e7in m\u00fckemmel bir se\u00e7imdir; rafine bordo rengi ise Ramazan, Kurban Bayram\u0131 ve Ramazan Bayram\u0131 gibi \u00f6zel g\u00fcnler i\u00e7in de idealdir.<\/p>\n<\/li>\n<li>\n<p class=\"ds-markdown-paragraph translation-block\"><strong>Kolay Bak\u0131m:<\/strong> Dayan\u0131kl\u0131 <strong>0 Polyester<\/strong>den \u00fcretilen bu palto, bak\u0131m\u0131 kolayd\u0131r ve <strong>makinede y\u0131kanabilir veya profesyonel kuru temizleme<\/strong> yap\u0131labilir, b\u00f6ylece sezonlar boyunca kusursuz g\u00f6r\u00fcn\u00fcm\u00fcn\u00fc korur.<\/p>\n<\/li>\n<\/ul>\n<p class=\"ds-markdown-paragraph\"><strong>\u00d6zellikler:<\/strong><\/p>\n<ul>\n<li>\n<p class=\"ds-markdown-paragraph translation-block\">Stil: Zarif, Normal<\/p>\n<\/li>\n<li>\n<p class=\"ds-markdown-paragraph translation-block\">\u00d6nl\u00fck:<\/strong>\u00a0\u00c7ift D\u00fc\u011fmeli<\/p>\n<\/li>\n<li>\n<p class=\"ds-markdown-paragraph translation-block\"><strong>Yaka Tipi:<\/strong>\u00a0K\u0131vr\u0131ml\u0131 (\u00c7entikli)<\/p>\n<\/li>\n<li>\n<p class=\"ds-markdown-paragraph translation-block\">Kol Tipi: Normal Kol, Uzun Kol<\/p>\n<\/li>\n<li>\n<p class=\"ds-markdown-paragraph translation-block\"><strong>Yaka Tipi:<\/strong>\u00a0K\u0131vr\u0131ml\u0131 (\u00c7entikli)<\/p>\n<\/li>\n<li>\n<p class=\"ds-markdown-paragraph translation-block\"><strong>Uzunluk:<\/strong>\u00a0Midi<\/p>\n<\/li>\n<li>\n<p class=\"ds-markdown-paragraph translation-block\">Malzeme: Dokuma Kuma\u015f (0 Polyester)<\/p>\n<\/li>\n<li>\n<p class=\"ds-markdown-paragraph translation-block\"><strong>Bak\u0131m Talimatlar\u0131:<\/strong>\u00a0Makine y\u0131kama veya profesyonel kuru temizleme<\/p>\n<\/li>\n<li>\n<p class=\"ds-markdown-paragraph translation-block\"><strong>Kesim Tipi:<\/strong>\u00a0Normal Kesim<\/p>\n<\/li>\n<li>\n<p class=\"ds-markdown-paragraph translation-block\">Esneklik: Esnemez<\/p>\n<\/li>\n<li>\n<p class=\"ds-markdown-paragraph translation-block\"><strong>Mevsim:<\/strong>\u00a0Sonbahar\u0131n Sonu<\/p>\n<\/li>\n<\/ul>\n<p class=\"ds-markdown-paragraph\">RosyDaze Palto ile sonbahar ve k\u0131\u015f k\u0131yafetlerinize zarif bir sofistike dokunu\u015f kat\u0131n. So\u011fuk aylarda s\u0131cak kalmak ve zahmetsizce \u015f\u0131k g\u00f6r\u00fcnmek i\u00e7in m\u00fckemmel bir d\u0131\u015f giyim par\u00e7as\u0131d\u0131r.<\/p>","protected":false},"excerpt":{"rendered":"<p>RosyDaze Women&#8217;s Mid-Length Solid Burgundy Notched Lapel Double-Breasted Coat Elevate your cold-weather wardrobe with the RosyDaze Women&#8217;s Coat, where timeless elegance meets practical design. This sophisticated mid-length coat in a rich Burgundy hue features a classic double-breasted front and a sharp notched lapel, making it a versatile piece that seamlessly transitions from professional office settings [&hellip;]<\/p>","protected":false},"featured_media":31234,"comment_status":"open","ping_status":"closed","template":"","meta":{"_monsterinsights_skip_tracking":false,"_monsterinsights_sitenote_active":false,"_monsterinsights_sitenote_note":"","_monsterinsights_sitenote_category":0},"product_brand":[],"product_cat":[15,76],"product_tag":[],"class_list":{"0":"post-31242","1":"product","2":"type-product","3":"status-publish","4":"has-post-thumbnail","6":"product_cat-uncategorized","7":"product_cat-womens-clothing","9":"first","10":"instock","11":"shipping-taxable","12":"purchasable","13":"product-type-simple"},"aioseo_notices":[],"_links":{"self":[{"href":"https:\/\/xn--kbrsglobalstore-7kcc.com\/tr\/wp-json\/wp\/v2\/product\/31242","targetHints":{"allow":["GET"]}}],"collection":[{"href":"https:\/\/xn--kbrsglobalstore-7kcc.com\/tr\/wp-json\/wp\/v2\/product"}],"about":[{"href":"https:\/\/xn--kbrsglobalstore-7kcc.com\/tr\/wp-json\/wp\/v2\/types\/product"}],"replies":[{"embeddable":true,"href":"https:\/\/xn--kbrsglobalstore-7kcc.com\/tr\/wp-json\/wp\/v2\/comments?post=31242"}],"wp:featuredmedia":[{"embeddable":true,"href":"https:\/\/xn--kbrsglobalstore-7kcc.com\/tr\/wp-json\/wp\/v2\/media\/31234"}],"wp:attachment":[{"href":"https:\/\/xn--kbrsglobalstore-7kcc.com\/tr\/wp-json\/wp\/v2\/media?parent=31242"}],"wp:term":[{"taxonomy":"product_brand","embeddable":true,"href":"https:\/\/xn--kbrsglobalstore-7kcc.com\/tr\/wp-json\/wp\/v2\/product_brand?post=31242"},{"taxonomy":"product_cat","embeddable":true,"href":"https:\/\/xn--kbrsglobalstore-7kcc.com\/tr\/wp-json\/wp\/v2\/product_cat?post=31242"},{"taxonomy":"product_tag","embeddable":true,"href":"https:\/\/xn--kbrsglobalstore-7kcc.com\/tr\/wp-json\/wp\/v2\/product_tag?post=31242"}],"curies":[{"name":"wp","href":"https:\/\/api.w.org\/{rel}","templated":true}]}}