{"id":31169,"date":"2025-11-08T20:00:36","date_gmt":"2025-11-08T20:00:36","guid":{"rendered":"https:\/\/xn--kbrsglobalstore-7kcc.com\/?post_type=product&#038;p=31169"},"modified":"2025-12-14T23:55:46","modified_gmt":"2025-12-14T23:55:46","slug":"shein-franclia-womens-elegant-satin-sheen-pearl-slip-dress-a-line-silhouette-suitable-for-commute-party-and-events","status":"publish","type":"product","link":"https:\/\/xn--kbrsglobalstore-7kcc.com\/tr\/urun\/shein-franclia-womens-elegant-satin-sheen-pearl-slip-dress-a-line-silhouette-suitable-for-commute-party-and-events\/","title":{"rendered":"SHEIN Franclia Kad\u0131n \u015e\u0131k Saten Parlak \u0130nci Ask\u0131l\u0131 Elbise, A Kesim Sil\u00fcet, G\u00fcnl\u00fck Kullan\u0131m, Parti ve Etkinlikler \u0130\u00e7in Uygundur"},"content":{"rendered":"<h3><strong>\u00a0Franclia Kad\u0131n \u015e\u0131k Saten Parlak Siyah A Kesim Ask\u0131l\u0131 Elbise<\/strong><\/h3>\n<p class=\"ds-markdown-paragraph\">Minimalist zarafetin ba\u015fyap\u0131t\u0131 olan SHEIN Franclia Ask\u0131l\u0131 Elbise ile t\u00fcm dikkatleri \u00fczerinize \u00e7ekin. Parlak satenden \u00fcretilen bu siyah midi elbise, zamans\u0131z A kesim sil\u00fcetini s\u0131rt\u0131 a\u00e7\u0131k tasar\u0131m ve ince ask\u0131lar gibi \u00e7ekici detaylarla birle\u015ftirerek her t\u00fcrl\u00fc resmi veya ak\u015fam etkinli\u011fi i\u00e7in m\u00fckemmel bir se\u00e7im haline geliyor.<\/p>\n<p class=\"ds-markdown-paragraph\"><strong>Temel \u00d6zellikler<\/strong><\/p>\n<ul>\n<li>\n<p class=\"ds-markdown-paragraph translation-block\"><strong>Sofistike Sil\u00fcet:<\/strong> <strong>Y\u00fcksek Bel<\/strong> ve zarif\u00e7e klo\u015f etek ucu<\/strong> ile <strong>A-kesim<\/strong>, v\u00fccudu \u015f\u0131k bir \u015fekilde saran ve herkese yak\u0131\u015fan bir \u015fekil yarat\u0131r. <strong>Midi Boy<\/strong>, modern stil ve klasik zarafetin m\u00fckemmel bir dengesini sunar.<\/p>\n<\/li>\n<li>\n<p class=\"ds-markdown-paragraph translation-block\"><strong>Sofistike Sil\u00fcet:<\/strong> <strong>Y\u00fcksek Bel<\/strong> ve zarif\u00e7e klo\u015f etek ucu<\/strong> ile <strong>A-kesim<\/strong>, v\u00fccudun \u015f\u0131k bir \u015fekilde saran ve herkese yak\u0131\u015fan bir \u015fekil yarat\u0131r. <strong>Midi Boy<\/strong>, modern stilde ve klasik zarafetin m\u00fckemmel bir i\u00e7eri\u011fi sunar.<\/p>\n<\/li>\n<li>\n<p class=\"ds-markdown-paragraph translation-block\"><strong>Premium Saten Kuma\u015f:<\/strong> L\u00fcks saten parlakl\u0131\u011f\u0131na sahip 0 polyesterden \u00fcretilen kuma\u015f, p\u00fcr\u00fczs\u00fcz ve \u0131\u015f\u0131lt\u0131l\u0131 bir g\u00f6r\u00fcn\u00fcm sunar. <strong>Esnek Olmayan<\/strong> malzeme, d\u00fczg\u00fcn ve \u015f\u0131k bir g\u00f6r\u00fcn\u00fcm i\u00e7in <strong>Normal Kesim<\/strong> sil\u00fcetini m\u00fckemmel bir \u015fekilde korur.<\/p>\n<\/li>\n<li>\n<p class=\"ds-markdown-paragraph translation-block\"><strong>\u00c7ok Y\u00f6nl\u00fc Zarafet:<\/strong> Sade tasar\u0131m\u0131 ve zamans\u0131z siyah rengi onu son derece \u00e7ok y\u00f6nl\u00fc k\u0131l\u0131yor. <strong>Ramazan, Ramazan Bayram\u0131 ve Kurban Bayram\u0131<\/strong> gibi bayram kutlamalar\u0131, partiler, galalar ve kokteyl saatleri de dahil olmak \u00fczere <strong>Resmi ve Ak\u015fam<\/strong> etkinlikleri i\u00e7in m\u00fckemmeldir.<\/p>\n<\/li>\n<li>\n<p class=\"ds-markdown-paragraph\"><strong>Practical Luxury:<\/strong>\u00a0The\u00a0<strong>unlined<\/strong>\u00a0body ensures the dress drapes beautifully without bulk. It is\u00a0<strong>non-sheer<\/strong>\u00a0for confidence and requires\u00a0<strong>hand wash care<\/strong>\u00a0to maintain its pristine satin finish.<\/p>\n<\/li>\n<\/ul>\n<p class=\"ds-markdown-paragraph\"><strong>\u00d6zellikler:<\/strong><\/p>\n<ul>\n<li>\n<p class=\"ds-markdown-paragraph translation-block\"><strong>Tarz:<\/strong> Zarif<\/p>\n<\/li>\n<li>\n<p class=\"ds-markdown-paragraph translation-block\"><strong>Yaka\/Ask\u0131lar:<\/strong> \u0130nce Ask\u0131l\u0131, Kolsuz<\/p>\n<\/li>\n<li>\n<p class=\"ds-markdown-paragraph translation-block\">Bel: Y\u00fcksek Bel<\/p>\n<\/li>\n<li>\n<p class=\"ds-markdown-paragraph translation-block\"><strong>Etek ucu:<\/strong>\u00a0Geni\u015fleyen<\/p>\n<\/li>\n<li>\n<p class=\"ds-markdown-paragraph translation-block\"><strong>Detaylar:<\/strong>\u00a0S\u0131rt\u0131 a\u00e7\u0131k, drapeli, d\u00fc\u011f\u00fcml\u00fc<\/p>\n<\/li>\n<li>\n<p class=\"ds-markdown-paragraph translation-block\"><strong>Uzunluk:<\/strong>\u00a0Midi<\/p>\n<\/li>\n<li>\n<p class=\"ds-markdown-paragraph translation-block\">Malzeme: Saten (0 Polyester)<\/p>\n<\/li>\n<li>\n<p class=\"ds-markdown-paragraph translation-block\"><strong>Bak\u0131m Talimatlar\u0131:<\/strong>\u00a0Sadece elde y\u0131kay\u0131n, kuru temizleme yapmay\u0131n.<\/p>\n<\/li>\n<li>\n<p class=\"ds-markdown-paragraph translation-block\">Esneklik: Esnemez<\/p>\n<\/li>\n<\/ul>\n<p class=\"ds-markdown-paragraph\">Zahmetsizce \u015f\u0131k ve tart\u0131\u015fmas\u0131z derecede sofistike olan SHEIN Franclia elbise, unutulmaz bir giri\u015f yapmak i\u00e7in ideal k\u0131yafetiniz. Bu zarif siyah midi elbiseyi koleksiyonunuza ekleyerek hem g\u00fc\u00e7l\u00fc hem de \u015fiirsel bir g\u00f6r\u00fcn\u00fcm elde edin.<\/p>","protected":false},"excerpt":{"rendered":"<p>\u00a0Franclia Women&#8217;s Elegant Satin Sheen Black A-Line Slip Dress Step into the spotlight with the SHEIN Franclia Slip Dress, a masterpiece of minimalist elegance. Crafted from lustrous satin, this black midi dress combines a timeless A-line silhouette with alluring details like a backless design and delicate spaghetti straps, making it the ultimate choice for any [&hellip;]<\/p>","protected":false},"featured_media":31384,"comment_status":"open","ping_status":"closed","template":"","meta":{"_monsterinsights_skip_tracking":false,"_monsterinsights_sitenote_active":false,"_monsterinsights_sitenote_note":"","_monsterinsights_sitenote_category":0},"product_brand":[],"product_cat":[15,76],"product_tag":[],"class_list":{"0":"post-31169","1":"product","2":"type-product","3":"status-publish","4":"has-post-thumbnail","6":"product_cat-uncategorized","7":"product_cat-womens-clothing","9":"first","10":"instock","11":"shipping-taxable","12":"purchasable","13":"product-type-simple"},"aioseo_notices":[],"_links":{"self":[{"href":"https:\/\/xn--kbrsglobalstore-7kcc.com\/tr\/wp-json\/wp\/v2\/product\/31169","targetHints":{"allow":["GET"]}}],"collection":[{"href":"https:\/\/xn--kbrsglobalstore-7kcc.com\/tr\/wp-json\/wp\/v2\/product"}],"about":[{"href":"https:\/\/xn--kbrsglobalstore-7kcc.com\/tr\/wp-json\/wp\/v2\/types\/product"}],"replies":[{"embeddable":true,"href":"https:\/\/xn--kbrsglobalstore-7kcc.com\/tr\/wp-json\/wp\/v2\/comments?post=31169"}],"wp:featuredmedia":[{"embeddable":true,"href":"https:\/\/xn--kbrsglobalstore-7kcc.com\/tr\/wp-json\/wp\/v2\/media\/31384"}],"wp:attachment":[{"href":"https:\/\/xn--kbrsglobalstore-7kcc.com\/tr\/wp-json\/wp\/v2\/media?parent=31169"}],"wp:term":[{"taxonomy":"product_brand","embeddable":true,"href":"https:\/\/xn--kbrsglobalstore-7kcc.com\/tr\/wp-json\/wp\/v2\/product_brand?post=31169"},{"taxonomy":"product_cat","embeddable":true,"href":"https:\/\/xn--kbrsglobalstore-7kcc.com\/tr\/wp-json\/wp\/v2\/product_cat?post=31169"},{"taxonomy":"product_tag","embeddable":true,"href":"https:\/\/xn--kbrsglobalstore-7kcc.com\/tr\/wp-json\/wp\/v2\/product_tag?post=31169"}],"curies":[{"name":"wp","href":"https:\/\/api.w.org\/{rel}","templated":true}]}}